{"id":88223,"date":"2023-01-13T11:02:59","date_gmt":"2023-01-13T16:02:59","guid":{"rendered":"https:\/\/physiotherapy.ca\/?page_id=88223"},"modified":"2025-08-27T10:14:56","modified_gmt":"2025-08-27T14:14:56","slug":"liste-de-verification-bourse-pour-les-etudiants-autochtones","status":"publish","type":"page","link":"https:\/\/physiotherapy.ca\/fr\/liste-de-verification-bourse-pour-les-etudiants-autochtones\/","title":{"rendered":"Liste de v\u00e9rification \u2013 Bourse pour les \u00e9tudiants autochtones\u00a0"},"content":{"rendered":"\n<h4 class=\"wp-block-heading\"><strong>Renseignements \u00e0 t\u00e9l\u00e9verser directement sur la plateforme EventsAir<\/strong>&nbsp;<\/h4>\n\n\n\n<ul class=\"wp-block-list\">\n<li>Nom, coordonn\u00e9es, ascendance et type de programme d\u2019\u00e9tudes du demandeur<\/li>\n\n\n\n<li>Qualification professionnelle&nbsp;<\/li>\n\n\n\n<li>Autres sources de revenus pour r\u00e9aliser le projet&nbsp;<\/li>\n<\/ul>\n\n\n\n<p><strong>Renseignements \u00e0 joindre sous forme de PDF individuels<\/strong>&nbsp;<\/p>\n\n\n\n<ul class=\"wp-block-list\">\n<li>Preuve d\u2019ascendance (Certificat s\u00e9curis\u00e9 de statut d\u2019Indien [CSSI ou \u00ab\u202fcarte de statut\u202f\u00bb], carte de membre de la nation M\u00e9tis, g\u00e9n\u00e9alogie certifi\u00e9e avec documents officiels attestant l\u2019ascendance ou la r\u00e9sidence dans l\u2019Inuit Nanangat. Une lettre d\u2019un repr\u00e9sentant de la communaut\u00e9 autochtone du demandeur qui fait \u00e9tat de son implication et de sa contribution \u00e0 sa communaut\u00e9 pourrait faire office de preuve d\u2019ascendance.&nbsp;<\/li>\n\n\n\n<li>Lettre de pr\u00e9sentation (max. de 1\u202f500\u202fmots) \u00e0 propos de la carri\u00e8re que vous envisagez en physioth\u00e9rapie indiquant\u202f:\n<ul class=\"wp-block-list\">\n<li>les fa\u00e7ons dont vous pensez que votre communaut\u00e9 pourrait b\u00e9n\u00e9ficier de votre carri\u00e8re de physioth\u00e9rapeute (directement ou indirectement);&nbsp;<\/li>\n\n\n\n<li>les fa\u00e7ons dont vous pensez que votre communaut\u00e9 pourrait b\u00e9n\u00e9ficier de votre carri\u00e8re de physioth\u00e9rapeute (directement ou indirectement);&nbsp;<\/li>\n\n\n\n<li>et les mani\u00e8res dont vous aimeriez vous impliquer dans le milieu professionnel de la physioth\u00e9rapie<\/li>\n<\/ul>\n<\/li>\n\n\n\n<li>Deux (2) lettres de recommandation fournies par un repr\u00e9sentant d\u2019un \u00e9tablissement d\u2019enseignement, un employeur, un dirigeant d\u2019une collectivit\u00e9 ou un repr\u00e9sentant officiel d\u2019une bande indienne ne faisant pas partie de votre famille imm\u00e9diate qui mettent en lumi\u00e8re votre int\u00e9r\u00eat pour la physioth\u00e9rapie, votre implication dans votre communaut\u00e9 et vos aptitudes en leadership<\/li>\n\n\n\n<li>Une lettre du directeur de d\u00e9partement de votre \u00e9tablissement pour confirmer votre admission dans un programme de physioth\u00e9rapie agr\u00e9\u00e9&nbsp;<\/li>\n\n\n\n<li>Un relev\u00e9 de notes de tous les cours suivis, incluant, s\u2019il s\u2019agit de cours suivis dans une universit\u00e9 \u00e9trang\u00e8re, les conversions de notes \u00e9tablies par le secr\u00e9tariat des \u00e9tudes sup\u00e9rieures&nbsp;<\/li>\n<\/ul>\n\n\n\n<div style=\"height:68px\" aria-hidden=\"true\" class=\"wp-block-spacer\"><\/div>\n\n\n\n<div class=\"wp-block-buttons is-layout-flex wp-block-buttons-is-layout-flex\">\n<div class=\"wp-block-button\"><a class=\"wp-block-button__link wp-element-button\" href=\"https:\/\/physiocanada.eventsair.com\/physiotherapy-foundation-of-canada-awards\/2025indigenousscholarship\" target=\"_blank\" rel=\"noreferrer noopener\">D\u00e9poser une demande en ligne<\/a><\/div>\n<\/div>\n\n\n\n<p><\/p>\n","protected":false},"excerpt":{"rendered":"<p>Renseignements \u00e0 t\u00e9l\u00e9verser directement sur la plateforme EventsAir&nbsp; Renseignements \u00e0 joindre sous forme de PDF individuels&nbsp;<\/p>\n","protected":false},"author":2792,"featured_media":0,"parent":0,"menu_order":0,"comment_status":"closed","ping_status":"closed","template":"","meta":{"inline_featured_image":false,"ep_exclude_from_search":false,"footnotes":""},"topic":[],"class_list":["post-88223","page","type-page","status-publish","hentry"],"acf":[],"yoast_head":"<!-- This site is optimized with the Yoast SEO plugin v24.7 - https:\/\/yoast.com\/wordpress\/plugins\/seo\/ -->\n<title>Liste de v\u00e9rification \u2013 Bourse pour les \u00e9tudiants autochtones\u00a0 - Canadian Physiotherapy Association<\/title>\n<meta name=\"robots\" content=\"index, follow, max-snippet:-1, max-image-preview:large, max-video-preview:-1\" \/>\n<link rel=\"canonical\" href=\"https:\/\/physiotherapy.ca\/fr\/liste-de-verification-bourse-pour-les-etudiants-autochtones\/\" \/>\n<meta property=\"og:locale\" content=\"fr_FR\" \/>\n<meta property=\"og:type\" content=\"article\" \/>\n<meta property=\"og:title\" content=\"Liste de v\u00e9rification \u2013 Bourse pour les \u00e9tudiants autochtones\u00a0 - Canadian Physiotherapy Association\" \/>\n<meta property=\"og:description\" content=\"Renseignements \u00e0 t\u00e9l\u00e9verser directement sur la plateforme EventsAir&nbsp; Renseignements \u00e0 joindre sous forme de PDF individuels&nbsp;\" \/>\n<meta property=\"og:url\" content=\"https:\/\/physiotherapy.ca\/fr\/liste-de-verification-bourse-pour-les-etudiants-autochtones\/\" \/>\n<meta property=\"og:site_name\" content=\"Canadian Physiotherapy Association\" \/>\n<meta property=\"article:modified_time\" content=\"2025-08-27T14:14:56+00:00\" \/>\n<meta name=\"twitter:card\" content=\"summary_large_image\" \/>\n<meta name=\"twitter:label1\" content=\"Est. reading time\" \/>\n\t<meta name=\"twitter:data1\" content=\"2 minutes\" \/>\n<script type=\"application\/ld+json\" class=\"yoast-schema-graph\">{\"@context\":\"https:\/\/schema.org\",\"@graph\":[{\"@type\":\"WebPage\",\"@id\":\"https:\/\/physiotherapy.ca\/fr\/liste-de-verification-bourse-pour-les-etudiants-autochtones\/\",\"url\":\"https:\/\/physiotherapy.ca\/fr\/liste-de-verification-bourse-pour-les-etudiants-autochtones\/\",\"name\":\"Liste de v\u00e9rification \u2013 Bourse pour les \u00e9tudiants autochtones\u00a0 - Canadian Physiotherapy Association\",\"isPartOf\":{\"@id\":\"https:\/\/physiotherapy.ca\/#website\"},\"datePublished\":\"2023-01-13T16:02:59+00:00\",\"dateModified\":\"2025-08-27T14:14:56+00:00\",\"breadcrumb\":{\"@id\":\"https:\/\/physiotherapy.ca\/fr\/liste-de-verification-bourse-pour-les-etudiants-autochtones\/#breadcrumb\"},\"inLanguage\":\"fr-FR\",\"potentialAction\":[{\"@type\":\"ReadAction\",\"target\":[\"https:\/\/physiotherapy.ca\/fr\/liste-de-verification-bourse-pour-les-etudiants-autochtones\/\"]}]},{\"@type\":\"BreadcrumbList\",\"@id\":\"https:\/\/physiotherapy.ca\/fr\/liste-de-verification-bourse-pour-les-etudiants-autochtones\/#breadcrumb\",\"itemListElement\":[{\"@type\":\"ListItem\",\"position\":1,\"name\":\"Home\",\"item\":\"https:\/\/physiotherapy.ca\/fr\/\"},{\"@type\":\"ListItem\",\"position\":2,\"name\":\"Liste de v\u00e9rification \u2013 Bourse pour les \u00e9tudiants autochtones\u00a0\"}]},{\"@type\":\"WebSite\",\"@id\":\"https:\/\/physiotherapy.ca\/#website\",\"url\":\"https:\/\/physiotherapy.ca\/\",\"name\":\"Canadian Physiotherapy Association\",\"description\":\"The Canadian Physiotherapy Association (CPA) represents over 16,000 physiotherapy professionals and students across Canada.\",\"potentialAction\":[{\"@type\":\"SearchAction\",\"target\":{\"@type\":\"EntryPoint\",\"urlTemplate\":\"https:\/\/physiotherapy.ca\/?s={search_term_string}\"},\"query-input\":{\"@type\":\"PropertyValueSpecification\",\"valueRequired\":true,\"valueName\":\"search_term_string\"}}],\"inLanguage\":\"fr-FR\"}]}<\/script>\n<!-- \/ Yoast SEO plugin. -->","yoast_head_json":{"title":"Liste de v\u00e9rification \u2013 Bourse pour les \u00e9tudiants autochtones\u00a0 - Canadian Physiotherapy Association","robots":{"index":"index","follow":"follow","max-snippet":"max-snippet:-1","max-image-preview":"max-image-preview:large","max-video-preview":"max-video-preview:-1"},"canonical":"https:\/\/physiotherapy.ca\/fr\/liste-de-verification-bourse-pour-les-etudiants-autochtones\/","og_locale":"fr_FR","og_type":"article","og_title":"Liste de v\u00e9rification \u2013 Bourse pour les \u00e9tudiants autochtones\u00a0 - Canadian Physiotherapy Association","og_description":"Renseignements \u00e0 t\u00e9l\u00e9verser directement sur la plateforme EventsAir&nbsp; Renseignements \u00e0 joindre sous forme de PDF individuels&nbsp;","og_url":"https:\/\/physiotherapy.ca\/fr\/liste-de-verification-bourse-pour-les-etudiants-autochtones\/","og_site_name":"Canadian Physiotherapy Association","article_modified_time":"2025-08-27T14:14:56+00:00","twitter_card":"summary_large_image","twitter_misc":{"Est. reading time":"2 minutes"},"schema":{"@context":"https:\/\/schema.org","@graph":[{"@type":"WebPage","@id":"https:\/\/physiotherapy.ca\/fr\/liste-de-verification-bourse-pour-les-etudiants-autochtones\/","url":"https:\/\/physiotherapy.ca\/fr\/liste-de-verification-bourse-pour-les-etudiants-autochtones\/","name":"Liste de v\u00e9rification \u2013 Bourse pour les \u00e9tudiants autochtones\u00a0 - Canadian Physiotherapy Association","isPartOf":{"@id":"https:\/\/physiotherapy.ca\/#website"},"datePublished":"2023-01-13T16:02:59+00:00","dateModified":"2025-08-27T14:14:56+00:00","breadcrumb":{"@id":"https:\/\/physiotherapy.ca\/fr\/liste-de-verification-bourse-pour-les-etudiants-autochtones\/#breadcrumb"},"inLanguage":"fr-FR","potentialAction":[{"@type":"ReadAction","target":["https:\/\/physiotherapy.ca\/fr\/liste-de-verification-bourse-pour-les-etudiants-autochtones\/"]}]},{"@type":"BreadcrumbList","@id":"https:\/\/physiotherapy.ca\/fr\/liste-de-verification-bourse-pour-les-etudiants-autochtones\/#breadcrumb","itemListElement":[{"@type":"ListItem","position":1,"name":"Home","item":"https:\/\/physiotherapy.ca\/fr\/"},{"@type":"ListItem","position":2,"name":"Liste de v\u00e9rification \u2013 Bourse pour les \u00e9tudiants autochtones\u00a0"}]},{"@type":"WebSite","@id":"https:\/\/physiotherapy.ca\/#website","url":"https:\/\/physiotherapy.ca\/","name":"Canadian Physiotherapy Association","description":"The Canadian Physiotherapy Association (CPA) represents over 16,000 physiotherapy professionals and students across Canada.","potentialAction":[{"@type":"SearchAction","target":{"@type":"EntryPoint","urlTemplate":"https:\/\/physiotherapy.ca\/?s={search_term_string}"},"query-input":{"@type":"PropertyValueSpecification","valueRequired":true,"valueName":"search_term_string"}}],"inLanguage":"fr-FR"}]}},"_links":{"self":[{"href":"https:\/\/physiotherapy.ca\/fr\/wp-json\/wp\/v2\/pages\/88223","targetHints":{"allow":["GET"]}}],"collection":[{"href":"https:\/\/physiotherapy.ca\/fr\/wp-json\/wp\/v2\/pages"}],"about":[{"href":"https:\/\/physiotherapy.ca\/fr\/wp-json\/wp\/v2\/types\/page"}],"author":[{"embeddable":true,"href":"https:\/\/physiotherapy.ca\/fr\/wp-json\/wp\/v2\/users\/2792"}],"replies":[{"embeddable":true,"href":"https:\/\/physiotherapy.ca\/fr\/wp-json\/wp\/v2\/comments?post=88223"}],"version-history":[{"count":8,"href":"https:\/\/physiotherapy.ca\/fr\/wp-json\/wp\/v2\/pages\/88223\/revisions"}],"predecessor-version":[{"id":276903,"href":"https:\/\/physiotherapy.ca\/fr\/wp-json\/wp\/v2\/pages\/88223\/revisions\/276903"}],"wp:attachment":[{"href":"https:\/\/physiotherapy.ca\/fr\/wp-json\/wp\/v2\/media?parent=88223"}],"wp:term":[{"taxonomy":"topic","embeddable":true,"href":"https:\/\/physiotherapy.ca\/fr\/wp-json\/wp\/v2\/topic?post=88223"}],"curies":[{"name":"wp","href":"https:\/\/api.w.org\/{rel}","templated":true}]}}