{"id":88226,"date":"2023-01-13T11:14:52","date_gmt":"2023-01-13T16:14:52","guid":{"rendered":"https:\/\/physiotherapy.ca\/?page_id=88226"},"modified":"2025-08-29T09:49:52","modified_gmt":"2025-08-29T13:49:52","slug":"subvention-de-recherche-dns-fpc-en-neurosciences","status":"publish","type":"page","link":"https:\/\/physiotherapy.ca\/fr\/subvention-de-recherche-dns-fpc-en-neurosciences\/","title":{"rendered":"R\u00e8glement: Programme de subventions 2025"},"content":{"rendered":"\n<h3 class=\"wp-block-heading\">Subvention de recherche DNS-FPC en neurosciences<\/h3>\n\n\n\n<p>La subvention de recherche DNS-FPC en neurosciences a \u00e9t\u00e9 cr\u00e9\u00e9e en 2006 par la division des neurosciences de l\u2019Association canadienne de physioth\u00e9rapie (ACP) et la Fondation de physioth\u00e9rapie du Canada (FPC). La subvention est attribu\u00e9e \u00e0 des projets de physioth\u00e9rapie en neurosciences. Le chercheur principal doit \u00eatre membre en r\u00e8gle de l\u2019ACP et de la division des neurosciences.<\/p>\n\n\n\n<hr class=\"wp-block-separator has-alpha-channel-opacity\"\/>\n\n\n\n<h4 class=\"wp-block-heading\">Crit\u00e8res d\u2019admissibilit\u00e9<\/h4>\n\n\n\n<ol class=\"wp-block-list\">\n<li>Toute personne peut pr\u00e9senter des demandes pour plusieurs subventions de la FPC, mais une seule sera accord\u00e9e \u00e0 une m\u00eame personne pour une m\u00eame ann\u00e9e.<\/li>\n\n\n\n<li>La demande doit avoir un rapport avec la pratique de la physioth\u00e9rapie dans les neurosciences.<\/li>\n\n\n\n<li>Une pr\u00e9f\u00e9rence sera accord\u00e9e aux projets en d\u00e9veloppement (qui ne font pas partie d\u2019un projet plus important).<\/li>\n\n\n\n<li>Le chercheur principal doit \u00eatre un physioth\u00e9rapeute qui, SOIT :\n<ul class=\"wp-block-list\">\n<li>ne b\u00e9n\u00e9ficie pas actuellement, ni n\u2019a b\u00e9n\u00e9fici\u00e9 au cours des trois derni\u00e8res ann\u00e9es, d\u2019une subvention de recherche nationale ou provinciale importante (de l\u2019ordre de 50 000 $ ou plus) \u2013 le demandeur doit d\u00e9montrer que le projet pourrait d\u00e9boucher sur un projet de recherche de plus grande envergure; <strong>ou<\/strong><\/li>\n\n\n\n<li>b\u00e9n\u00e9ficie actuellement, ou a b\u00e9n\u00e9fici\u00e9 au cours des trois derni\u00e8res ann\u00e9es, d\u2019une subvention de recherche nationale ou provinciale importante \u2013 dans ce cas, le demandeur doit d\u00e9montrer que le projet diff\u00e8re de sa recherche d\u00e9j\u00e0 financ\u00e9e et qu\u2019il pourrait d\u00e9boucher sur un projet de recherche de plus grande envergure.<\/li>\n<\/ul>\n<\/li>\n\n\n\n<li>Les subventions \u00e0 la recherche sont ouvertes aux personnes qui poss\u00e8dent un dipl\u00f4me en physioth\u00e9rapie et qui sont citoyens canadiens, immigrants re\u00e7us ou r\u00e9sidents au Canada (pendant la dur\u00e9e de la subvention) munis d\u2019un permis de travail ou d\u2019\u00e9tudes valable. Le chercheur principal doit \u00eatre membre en r\u00e8gle de l\u2019ACP et de la division des neurosciences. Si vous n\u2019\u00eates pas membre, veuillez vous diriger vers la page <a href=\"https:\/\/physiotherapy.ca\/fr\/membership-fr\/devenir-membre\/\">https:\/\/physiotherapy.ca\/fr\/membership-fr\/devenir-membre\/<\/a>.<\/li>\n\n\n\n<li>Les membres des comit\u00e9s de la FPC et de la division des neurosciences peuvent pr\u00e9senter une demande, mais ne peuvent intervenir dans le processus de d\u00e9cision ni dans la d\u00e9termination de la suite donn\u00e9e aux demandes.<\/li>\n\n\n\n<li>Le comit\u00e9 de s\u00e9lection privil\u00e9giera les candidatures d\u00e9pos\u00e9es par des chercheur(e)s en d\u00e9but de carri\u00e8re\u202f:\u202fPar chercheur(e) en d\u00e9but de carri\u00e8re, on entend un(e) chercheur(e) qui occupe son premier poste dans le domaine de la recherche depuis cinq ans ou moins \u2013 compte non tenu de la dur\u00e9e de tout retard en recherche admissible.\u202f&nbsp;\n<ul class=\"wp-block-list\">\n<li>Un \u00ab\u202fposte dans le domaine de la recherche\u202f\u00bb est un poste conf\u00e9rant au titulaire l\u2019autonomie n\u00e9cessaire pour mener des travaux de recherche de mani\u00e8re ind\u00e9pendante.\u202f&nbsp;<\/li>\n\n\n\n<li>Le temps d\u00e9duit pour tous les cong\u00e9s admissibles (ex.\u202f: cong\u00e9 de maternit\u00e9, cong\u00e9 parental, cong\u00e9 de maladie, cong\u00e9 de deuil) sera doubl\u00e9, mais aucun temps ne sera d\u00e9duit pour les cong\u00e9s professionnels (ex.\u202f: formation, cong\u00e9 sabbatique, cong\u00e9 administratif).&nbsp;<\/li>\n<\/ul>\n<\/li>\n<\/ol>\n\n\n\n<h4 class=\"wp-block-heading\">R\u00e8glement<\/h4>\n\n\n\n<ol class=\"wp-block-list\">\n<li>Les subventions \u00e0 la recherche sont d\u00e9cern\u00e9es par la FPC sur les conseils de son Comit\u00e9 des prix scientifiques (CPS). Le conseil d\u2019administration de la FPC se r\u00e9serve le droit d\u2019accepter ou de refuser toute demande.<\/li>\n\n\n\n<li>Les projets de recherche auront un objectif d\u00e9fini destin\u00e9 \u00e0 enrichir l\u2019art et la science de la physioth\u00e9rapie. Les subventions peuvent servir \u00e0 employer des assistants (techniques ou professionnels) ou des \u00e9tudiants stagiaires, \u00e0 r\u00e9mun\u00e9rer des conseillers professionnels, \u00e0 acheter du mat\u00e9riel et des fournitures, \u00e0 acheter et \u00e0 entretenir des \u00e9quipements et fournitures et \u00e0 couvrir des frais de d\u00e9placement li\u00e9s \u00e0 la recherche.<\/li>\n\n\n\n<li>Les subventions de recherche ne peuvent servir \u00e0 r\u00e9mun\u00e9rer les chercheurs qui dirigent le projet, ni \u00e0 couvrir aucuns frais de recherche indirects, souvent appel\u00e9s \u00ab frais g\u00e9n\u00e9raux \u00bb.<\/li>\n\n\n\n<li>La somme disponible pour la Subvention de recherche DNS-FPC en neurosciences sera d\u00e9termin\u00e9e d\u2019un commun accord et annonc\u00e9e chaque ann\u00e9e par la direction de la division des neurosciences et par la Fondation de physioth\u00e9rapie du Canada (FPC). L\u2019aide financi\u00e8re apport\u00e9e par la Subvention doit servir \u00e0 l\u2019achat ou au d\u00e9veloppement de logiciels sp\u00e9cifiques \u00e0 la recherche, de mat\u00e9riel (y compris du mat\u00e9riel d\u2019un montant inf\u00e9rieur \u00e0 500 $), aux frais de d\u00e9placement pour la collecte de donn\u00e9es et \u00e0 l\u2019aide en m\u00e9thodes de recherche et en statistiques (personnel).<\/li>\n\n\n\n<li>Consid\u00e9rations d\u00e9ontologiques et confinement des biorisques en cas d\u2019exp\u00e9rimentation humaine et animale. Si la demande porte sur des exp\u00e9riences sur des humains, sur des travaux de recherche li\u00e9s \u00e0 la th\u00e9rapie g\u00e9nique somatique ou aux pathog\u00e8nes et cellules animales, les certificats ci-dessous doivent \u00eatre envoy\u00e9s au plus tard le 15\u202fnovembre\u202f2025 \u00e0 foundation@physiotherapy.ca.&nbsp;\n<ul class=\"wp-block-list\">\n<li>Certificat de d\u00e9ontologie s\u2019appliquant \u00e0 la recherche sur des humains (accompagn\u00e9 d\u2019une d\u00e9claration de consentement des sujets)<\/li>\n\n\n\n<li>Certificat de soins des animaux<\/li>\n\n\n\n<li>Conditions de confinement (biorisques)<\/li>\n\n\n\n<li>Lettres de consentement des organismes collaborateurs (acc\u00e8s aux donn\u00e9es, patients).&nbsp;<\/li>\n<\/ul>\n<\/li>\n\n\n\n<li>Nous conseillons aux chercheurs qui ne sont pas associ\u00e9s avec une universit\u00e9 ou un h\u00f4pital et qui, de ce fait, n\u2019ont peut-\u00eatre pas directement acc\u00e8s \u00e0 un comit\u00e9 de r\u00e9vision d\u00e9ontologique d\u2019\u00e9tablir des rapports avec un comit\u00e9 de r\u00e9vision d\u00e9ontologique existant ou de constituer un tel comit\u00e9 conform\u00e9ment aux directives des Instituts de recherche en sant\u00e9 du Canada. Pour tout compl\u00e9ment d\u2019information, s\u2019adresser au Conseil canadien de protection des animaux (Ottawa) ou au Bureau de bios\u00e9curit\u00e9, Laboratoire de lutte contre la maladie, Direction g\u00e9n\u00e9rale de la protection de la sant\u00e9, Sant\u00e9 Canada (Ottawa).<\/li>\n<\/ol>\n\n\n\n<h4 class=\"wp-block-heading\">Objet<\/h4>\n\n\n\n<ol class=\"wp-block-list\">\n<li>Seuls les projets ayant un rapport direct avec la pratique de la physioth\u00e9rapie en neurosciences seront pris en consid\u00e9ration. Les projets de recherche susceptibles de faire b\u00e9n\u00e9ficier au maximum la pratique de la physioth\u00e9rapie et l\u2019ensemble de la soci\u00e9t\u00e9 sont privil\u00e9gi\u00e9s.<\/li>\n<\/ol>\n\n\n\n<h4 class=\"wp-block-heading\">Lignes directrices<\/h4>\n\n\n\n<ol class=\"wp-block-list\">\n<li>Quand la demande \u00e9mane de plus d\u2019une personne, il faut que le nom d\u2019un physioth\u00e9rapeute figure comme chercheur principal ou chercheur adjoint.<\/li>\n\n\n\n<li>Les subventions \u00e0 la recherche couvrent normalement une ann\u00e9e, allant du 1er janvier au 31 d\u00e9cembre.<\/li>\n\n\n\n<li>Les subventions \u00e0 la recherche ne sont pas destin\u00e9es \u00e0 couvrir l\u2019ensemble du co\u00fbt de la recherche pour laquelle elles sont accord\u00e9es. Au contraire, la fourniture d\u2019espace et d\u2019am\u00e9nagements \u00e9l\u00e9mentaires par l\u2019\u00e9tablissement d\u2019appartenance est une condition pr\u00e9alable.<\/li>\n<\/ol>\n\n\n\n<h4 class=\"wp-block-heading\">Obligations des b\u00e9n\u00e9ficiaires<\/h4>\n\n\n\n<ol class=\"wp-block-list\">\n<li>Le chercheur soumettra un rapport final sur le travail accompli au cours de la p\u00e9riode couverte par la subvention au plus tard six mois apr\u00e8s cette p\u00e9riode (normalement le 30 juin). Les chercheurs qui ne se conforment pas \u00e0 cette condition seront par la suite inadmissibles \u00e0 de futures aides financi\u00e8res de la Fondation de physioth\u00e9rapie du Canada ainsi qu\u2019aux prix qu\u2019elle administre.<\/li>\n\n\n\n<li>Dans les 12 mois qui suivent la fin de la subvention, le b\u00e9n\u00e9ficiaire communiquera ses r\u00e9sultats de recherche aux membres de la division des neurosciences par le biais a) d\u2019une pr\u00e9sentation (p. ex., lors de l\u2019AGA ou d\u2019un webinaire de la division) et b) d\u2019un r\u00e9sum\u00e9 de ses recherches par \u00e9crit qui sera inclus dans l\u2019infolettre de la division des neurosciences.<\/li>\n\n\n\n<li>On s\u2019attend \u00e0 ce que la recherche culmine avec la publication d\u2019articles \u00e9valu\u00e9s par les pairs ou avec une pr\u00e9sentation lors d\u2019un congr\u00e8s national ou international, ou encore avec une autre demande de financement faite \u00e0 un organisme national ou f\u00e9d\u00e9ral. Une copie d\u2019une telle publication doit \u00eatre envoy\u00e9e \u00e0 la FPC et \u00e0 la division des neurosciences. Toute publication d\u00e9coulant d\u2019une recherche financ\u00e9e par FPC doit inclure le libell\u00e9 suivant :<br><br><em>\u00ab Recherche financ\u00e9e par la Subvention de recherche DNS-FPC en neurosciences, qui est administr\u00e9e par la Fondation de physioth\u00e9rapie du Canada. \u00bb<\/em><br><br>Les logos de la division des neurosciences et de la FPC doivent \u00eatre affich\u00e9s lors de pr\u00e9sentations orales (p. ex., affiches, pr\u00e9sentations).<\/li>\n<\/ol>\n\n\n\n<h4 class=\"wp-block-heading\">Demande<\/h4>\n\n\n\n<ol class=\"wp-block-list\">\n<li>Les demandes sont accept\u00e9es uniquement EN LIGNE, sur la plateforme EventsAir, et doivent avoir \u00e9t\u00e9 re\u00e7ues par la FPC au plus tard le 3 octobre 2025 \u00e0 23 h 59 (HE). La d\u00e9cision sera pr\u00e9sent\u00e9e par \u00e9crit, en novembre. Le versement des subventions d\u00e9bute en d\u00e9cembre.<\/li>\n\n\n\n<li>Les pi\u00e8ces jointes doivent \u00eatre r\u00e9dig\u00e9es \u00e0 simple interligne, avec une police d\u2019au moins 11 points. Utilisez des traits noirs nets pour les illustrations.<\/li>\n\n\n\n<li>Nous vous prions de r\u00e9diger votre demande de telle mani\u00e8re qu\u2019elle puisse \u00eatre lue et comprise de fa\u00e7on g\u00e9n\u00e9rale sans que le lecteur ait \u00e0 se reporter aux r\u00e9f\u00e9rences qui peuvent \u00eatre fournies en annexe.<\/li>\n\n\n\n<li>Un demandeur ne peut intervenir dans le processus de d\u00e9cision concernant une demande dans laquelle il a un int\u00e9r\u00eat direct.<\/li>\n\n\n\n<li>Le demandeur d\u00e9montrera que cette subvention permettra d\u2019am\u00e9liorer les connaissances et la compr\u00e9hension de la physioth\u00e9rapie dans le traitement des affections en mati\u00e8re de neurosciences.<\/li>\n\n\n\n<li>La demande de financement peut \u00eatre pr\u00e9sent\u00e9e dans l\u2019une ou l\u2019autre des langues officielles.<\/li>\n<\/ol>\n\n\n\n<h4 class=\"wp-block-heading\">Processus d\u2019\u00e9valuation<\/h4>\n\n\n\n<ol class=\"wp-block-list\">\n<li>Chaque demande sera \u00e9valu\u00e9e par le CPS \u00e0 la lumi\u00e8re des priorit\u00e9s de recherche \u00e9tablies par la FPC pour chaque prix. Elle sera consid\u00e9r\u00e9e du point de vue de son m\u00e9rite scientifique et de son budget dans le cadre des r\u00e8gles pr\u00e9cit\u00e9es. Un bar\u00e8me de notation combin\u00e9 sera appliqu\u00e9 \u00e0 chaque projet pour tenir compte des crit\u00e8res d\u00e9finis ci-dessus et le financement des projets ayant la meilleure note combin\u00e9e sera recommand\u00e9 au regard des crit\u00e8res particuliers de chaque prix.<br><br>En cas d\u2019\u00e9galit\u00e9 entre deux ou plusieurs demandes ayant obtenu un score \u00e9lev\u00e9, la priorit\u00e9 sera accord\u00e9e \u00e0 la demande qui optimise la collaboration clinique.<br><\/li>\n\n\n\n<li>Sur demande, les opinions et recommandations consign\u00e9es par \u00e9crit des \u00e9valuateurs seront divulgu\u00e9es aux demandeurs. Toutefois, les \u00e9valuateurs gardent le droit \u00e0 l\u2019anonymat.<\/li>\n<\/ol>\n\n\n\n<h4 class=\"wp-block-heading\">Administration financi\u00e8re<\/h4>\n\n\n\n<ol class=\"wp-block-list\">\n<li>Lorsque la demande de subvention \u00e0 la recherche est accept\u00e9e, la FPC effectue des paiements en fiducie au b\u00e9n\u00e9fice du projet, et ceci aux soins de l\u2019agent financier d\u00e9sign\u00e9 de l\u2019\u00e9tablissement qui parraine la recherche. Les subventions sont vers\u00e9es dans leur int\u00e9gralit\u00e9 au d\u00e9but de la p\u00e9riode couvrant la subvention.<\/li>\n\n\n\n<li>\u00c0 moins d\u2019une d\u00e9cision contraire du CPS, le paiement du montant int\u00e9gral de la subvention est normalement effectu\u00e9 au d\u00e9but du projet (en d\u00e9cembre). Le b\u00e9n\u00e9ficiaire fournira un compte d\u00e9taill\u00e9 (accompagn\u00e9 de re\u00e7us) \u00e0 la FPC imm\u00e9diatement apr\u00e8s la p\u00e9riode couverte par le financement accord\u00e9. Les sommes non employ\u00e9es au cours de cette p\u00e9riode seront retourn\u00e9es au fonds DNS-FPC.<\/li>\n\n\n\n<li>Le montant total des subventions \u00e0 accorder sera d\u00e9termin\u00e9 par la division des neurosciences et la FPC. Les sommes qui ne sont pas attribu\u00e9es au cours d\u2019un exercice seront ajout\u00e9es au capital pour \u00eatre r\u00e9investies.<\/li>\n\n\n\n<li>Les fonds seront pay\u00e9s en fiducie \u00e0 l\u2019\u00e9tablissement o\u00f9 la recherche aura lieu. Il appartient au chercheur principal de fournir un expos\u00e9 d\u00e9taill\u00e9, dans la portion budg\u00e9taire de la demande, de la fa\u00e7on qu\u2019il propose d\u2019employer les fonds. Le cas \u00e9ch\u00e9ant, la proposition doit comprendre le consentement par \u00e9crit de l\u2019\u00e9tablissement \u00e0 administrer les fonds pour le compte du demandeur.<\/li>\n\n\n\n<li>Les d\u00e9rogations \u00e0 cette proc\u00e9dure doivent \u00eatre approuv\u00e9es par la FPC. La FPC se r\u00e9serve le droit de suspendre la subvention ou de r\u00e9clamer la totalit\u00e9 ou une partie du montant. Tous les demandeurs sont tenus de signer, lors de la demande, un engagement \u00e0 employer les fonds exclusivement aux fins d\u00e9clar\u00e9es.<\/li>\n<\/ol>\n\n\n\n<div style=\"height:50px\" aria-hidden=\"true\" class=\"wp-block-spacer\"><\/div>\n\n\n\n<div class=\"wp-block-buttons is-layout-flex wp-block-buttons-is-layout-flex\"><\/div>\n","protected":false},"excerpt":{"rendered":"<p>Subvention de recherche DNS-FPC en neurosciences La subvention de recherche DNS-FPC en neurosciences a \u00e9t\u00e9 cr\u00e9\u00e9e en 2006 par la division des neurosciences de l\u2019Association canadienne de physioth\u00e9rapie (ACP) et la Fondation de physioth\u00e9rapie du Canada (FPC). La subvention est [&hellip;]<\/p>\n","protected":false},"author":2792,"featured_media":0,"parent":0,"menu_order":0,"comment_status":"closed","ping_status":"closed","template":"","meta":{"inline_featured_image":false,"ep_exclude_from_search":false,"footnotes":""},"topic":[],"class_list":["post-88226","page","type-page","status-publish","hentry"],"acf":[],"yoast_head":"<!-- This site is optimized with the Yoast SEO plugin v24.7 - https:\/\/yoast.com\/wordpress\/plugins\/seo\/ -->\n<title>R\u00e8glement: Programme de subventions 2025 - Canadian Physiotherapy Association<\/title>\n<meta name=\"robots\" content=\"index, follow, max-snippet:-1, max-image-preview:large, max-video-preview:-1\" \/>\n<link rel=\"canonical\" href=\"https:\/\/physiotherapy.ca\/fr\/subvention-de-recherche-dns-fpc-en-neurosciences\/\" \/>\n<meta property=\"og:locale\" content=\"fr_FR\" \/>\n<meta property=\"og:type\" content=\"article\" \/>\n<meta property=\"og:title\" content=\"R\u00e8glement: Programme de subventions 2025 - Canadian Physiotherapy Association\" \/>\n<meta property=\"og:description\" content=\"Subvention de recherche DNS-FPC en neurosciences La subvention de recherche DNS-FPC en neurosciences a \u00e9t\u00e9 cr\u00e9\u00e9e en 2006 par la division des neurosciences de l\u2019Association canadienne de physioth\u00e9rapie (ACP) et la Fondation de physioth\u00e9rapie du Canada (FPC). La subvention est [&hellip;]\" \/>\n<meta property=\"og:url\" content=\"https:\/\/physiotherapy.ca\/fr\/subvention-de-recherche-dns-fpc-en-neurosciences\/\" \/>\n<meta property=\"og:site_name\" content=\"Canadian Physiotherapy Association\" \/>\n<meta property=\"article:modified_time\" content=\"2025-08-29T13:49:52+00:00\" \/>\n<meta name=\"twitter:card\" content=\"summary_large_image\" \/>\n<meta name=\"twitter:label1\" content=\"Est. reading time\" \/>\n\t<meta name=\"twitter:data1\" content=\"8 minutes\" \/>\n<script type=\"application\/ld+json\" class=\"yoast-schema-graph\">{\"@context\":\"https:\/\/schema.org\",\"@graph\":[{\"@type\":\"WebPage\",\"@id\":\"https:\/\/physiotherapy.ca\/fr\/subvention-de-recherche-dns-fpc-en-neurosciences\/\",\"url\":\"https:\/\/physiotherapy.ca\/fr\/subvention-de-recherche-dns-fpc-en-neurosciences\/\",\"name\":\"R\u00e8glement: Programme de subventions 2025 - Canadian Physiotherapy Association\",\"isPartOf\":{\"@id\":\"https:\/\/physiotherapy.ca\/#website\"},\"datePublished\":\"2023-01-13T16:14:52+00:00\",\"dateModified\":\"2025-08-29T13:49:52+00:00\",\"breadcrumb\":{\"@id\":\"https:\/\/physiotherapy.ca\/fr\/subvention-de-recherche-dns-fpc-en-neurosciences\/#breadcrumb\"},\"inLanguage\":\"fr-FR\",\"potentialAction\":[{\"@type\":\"ReadAction\",\"target\":[\"https:\/\/physiotherapy.ca\/fr\/subvention-de-recherche-dns-fpc-en-neurosciences\/\"]}]},{\"@type\":\"BreadcrumbList\",\"@id\":\"https:\/\/physiotherapy.ca\/fr\/subvention-de-recherche-dns-fpc-en-neurosciences\/#breadcrumb\",\"itemListElement\":[{\"@type\":\"ListItem\",\"position\":1,\"name\":\"Home\",\"item\":\"https:\/\/physiotherapy.ca\/fr\/\"},{\"@type\":\"ListItem\",\"position\":2,\"name\":\"R\u00e8glement: Programme de subventions 2025\"}]},{\"@type\":\"WebSite\",\"@id\":\"https:\/\/physiotherapy.ca\/#website\",\"url\":\"https:\/\/physiotherapy.ca\/\",\"name\":\"Canadian Physiotherapy Association\",\"description\":\"The Canadian Physiotherapy Association (CPA) represents over 16,000 physiotherapy professionals and students across Canada.\",\"potentialAction\":[{\"@type\":\"SearchAction\",\"target\":{\"@type\":\"EntryPoint\",\"urlTemplate\":\"https:\/\/physiotherapy.ca\/?s={search_term_string}\"},\"query-input\":{\"@type\":\"PropertyValueSpecification\",\"valueRequired\":true,\"valueName\":\"search_term_string\"}}],\"inLanguage\":\"fr-FR\"}]}<\/script>\n<!-- \/ Yoast SEO plugin. -->","yoast_head_json":{"title":"R\u00e8glement: Programme de subventions 2025 - Canadian Physiotherapy Association","robots":{"index":"index","follow":"follow","max-snippet":"max-snippet:-1","max-image-preview":"max-image-preview:large","max-video-preview":"max-video-preview:-1"},"canonical":"https:\/\/physiotherapy.ca\/fr\/subvention-de-recherche-dns-fpc-en-neurosciences\/","og_locale":"fr_FR","og_type":"article","og_title":"R\u00e8glement: Programme de subventions 2025 - Canadian Physiotherapy Association","og_description":"Subvention de recherche DNS-FPC en neurosciences La subvention de recherche DNS-FPC en neurosciences a \u00e9t\u00e9 cr\u00e9\u00e9e en 2006 par la division des neurosciences de l\u2019Association canadienne de physioth\u00e9rapie (ACP) et la Fondation de physioth\u00e9rapie du Canada (FPC). La subvention est [&hellip;]","og_url":"https:\/\/physiotherapy.ca\/fr\/subvention-de-recherche-dns-fpc-en-neurosciences\/","og_site_name":"Canadian Physiotherapy Association","article_modified_time":"2025-08-29T13:49:52+00:00","twitter_card":"summary_large_image","twitter_misc":{"Est. reading time":"8 minutes"},"schema":{"@context":"https:\/\/schema.org","@graph":[{"@type":"WebPage","@id":"https:\/\/physiotherapy.ca\/fr\/subvention-de-recherche-dns-fpc-en-neurosciences\/","url":"https:\/\/physiotherapy.ca\/fr\/subvention-de-recherche-dns-fpc-en-neurosciences\/","name":"R\u00e8glement: Programme de subventions 2025 - Canadian Physiotherapy Association","isPartOf":{"@id":"https:\/\/physiotherapy.ca\/#website"},"datePublished":"2023-01-13T16:14:52+00:00","dateModified":"2025-08-29T13:49:52+00:00","breadcrumb":{"@id":"https:\/\/physiotherapy.ca\/fr\/subvention-de-recherche-dns-fpc-en-neurosciences\/#breadcrumb"},"inLanguage":"fr-FR","potentialAction":[{"@type":"ReadAction","target":["https:\/\/physiotherapy.ca\/fr\/subvention-de-recherche-dns-fpc-en-neurosciences\/"]}]},{"@type":"BreadcrumbList","@id":"https:\/\/physiotherapy.ca\/fr\/subvention-de-recherche-dns-fpc-en-neurosciences\/#breadcrumb","itemListElement":[{"@type":"ListItem","position":1,"name":"Home","item":"https:\/\/physiotherapy.ca\/fr\/"},{"@type":"ListItem","position":2,"name":"R\u00e8glement: Programme de subventions 2025"}]},{"@type":"WebSite","@id":"https:\/\/physiotherapy.ca\/#website","url":"https:\/\/physiotherapy.ca\/","name":"Canadian Physiotherapy Association","description":"The Canadian Physiotherapy Association (CPA) represents over 16,000 physiotherapy professionals and students across Canada.","potentialAction":[{"@type":"SearchAction","target":{"@type":"EntryPoint","urlTemplate":"https:\/\/physiotherapy.ca\/?s={search_term_string}"},"query-input":{"@type":"PropertyValueSpecification","valueRequired":true,"valueName":"search_term_string"}}],"inLanguage":"fr-FR"}]}},"_links":{"self":[{"href":"https:\/\/physiotherapy.ca\/fr\/wp-json\/wp\/v2\/pages\/88226","targetHints":{"allow":["GET"]}}],"collection":[{"href":"https:\/\/physiotherapy.ca\/fr\/wp-json\/wp\/v2\/pages"}],"about":[{"href":"https:\/\/physiotherapy.ca\/fr\/wp-json\/wp\/v2\/types\/page"}],"author":[{"embeddable":true,"href":"https:\/\/physiotherapy.ca\/fr\/wp-json\/wp\/v2\/users\/2792"}],"replies":[{"embeddable":true,"href":"https:\/\/physiotherapy.ca\/fr\/wp-json\/wp\/v2\/comments?post=88226"}],"version-history":[{"count":11,"href":"https:\/\/physiotherapy.ca\/fr\/wp-json\/wp\/v2\/pages\/88226\/revisions"}],"predecessor-version":[{"id":277118,"href":"https:\/\/physiotherapy.ca\/fr\/wp-json\/wp\/v2\/pages\/88226\/revisions\/277118"}],"wp:attachment":[{"href":"https:\/\/physiotherapy.ca\/fr\/wp-json\/wp\/v2\/media?parent=88226"}],"wp:term":[{"taxonomy":"topic","embeddable":true,"href":"https:\/\/physiotherapy.ca\/fr\/wp-json\/wp\/v2\/topic?post=88226"}],"curies":[{"name":"wp","href":"https:\/\/api.w.org\/{rel}","templated":true}]}}