{"id":88230,"date":"2023-01-13T11:25:28","date_gmt":"2023-01-13T16:25:28","guid":{"rendered":"https:\/\/physiotherapy.ca\/?page_id=88230"},"modified":"2025-08-27T10:30:55","modified_gmt":"2025-08-27T14:30:55","slug":"liste-de-verification-pour-la-subvention-de-recherche-dns-fpc-en-neurosciences","status":"publish","type":"page","link":"https:\/\/physiotherapy.ca\/fr\/liste-de-verification-pour-la-subvention-de-recherche-dns-fpc-en-neurosciences\/","title":{"rendered":"Liste de v\u00e9rification pour la subvention de recherche DNS-FPC en neurosciences\u00a0\u00a0"},"content":{"rendered":"\n<h4 class=\"wp-block-heading\"><strong>Renseignements \u00e0 t\u00e9l\u00e9verser directement sur la plateforme EventsAir<\/strong>&nbsp;<\/h4>\n\n\n\n<ul class=\"wp-block-list\">\n<li>Noms et coordonn\u00e9es du chercheur principal et du chercheur adjoint ainsi que de l\u2019organisme responsable de l\u2019administration des fonds<\/li>\n\n\n\n<li>Mots-cl\u00e9s (quatre [4] maximum) indiquant les comp\u00e9tences n\u00e9cessaires pour \u00e9valuer la demande&nbsp;<\/li>\n\n\n\n<li>R\u00e9sum\u00e9 de la proposition destin\u00e9 \u00e0 la diffusion publique (max. 200\u202fmots)<\/li>\n\n\n\n<li>Nom et titre des employ\u00e9s non r\u00e9mun\u00e9r\u00e9s et pourcentage du temps qu\u2019ils consacrent au projet&nbsp;&nbsp;<\/li>\n<\/ul>\n\n\n\n<h4 class=\"wp-block-heading\">Nom et titre des employ\u00e9s non r\u00e9mun\u00e9r\u00e9s et pourcentage du temps qu\u2019ils consacrent au projet&nbsp;&nbsp;<\/h4>\n\n\n\n<ul class=\"wp-block-list\">\n<li>Lettre de pr\u00e9sentation (Si la FPC avait refus\u00e9 par le pass\u00e9 de financer une proposition similaire ou connexe, mentionnez les pr\u00e9occupations exprim\u00e9es par le comit\u00e9 dans votre lettre.)<\/li>\n\n\n\n<li>Proposition de projet de recherche (max. 4 pages), qui <br>doit inclure :\n<ul class=\"wp-block-list\">\n<li>les objectifs des travaux de recherche et les hypoth\u00e8ses qui les sous-tendent;&nbsp;<\/li>\n\n\n\n<li>l\u2019\u00e9tat actuel des connaissances concernant ce projet et le travail pertinent effectu\u00e9 par le demandeur;&nbsp;&nbsp;&nbsp;<\/li>\n\n\n\n<li>la conception de la recherche, y compris un calendrier des principales activit\u00e9s, les m\u00e9thodes, une analyse des r\u00e9sultats et les crit\u00e8res d\u2019\u00e9valuation des conclusions;&nbsp;<\/li>\n\n\n\n<li>la pertinence de la proposition pour la physioth\u00e9rapie;&nbsp;<\/li>\n\n\n\n<li>le plan de diffusion des conclusions;&nbsp;<\/li>\n\n\n\n<li>la liste de r\u00e9f\u00e9rences dans l\u2019un des styles bibliographiques standards (max. de deux [2]\u202fpages, sauf exception);&nbsp;<\/li>\n\n\n\n<li>la source et le montant d\u2019autres financements demand\u00e9s ou re\u00e7us pour ce projet.&nbsp;<\/li>\n<\/ul>\n<\/li>\n\n\n\n<li>Copie des certificats suivants, s\u2019il y a lieu*\u202f:\n<ul class=\"wp-block-list\">\n<li>Certificat de d\u00e9ontologie s\u2019appliquant \u00e0 la recherche sur des humains&nbsp;<\/li>\n\n\n\n<li>D\u00e9claration de consentement des sujets&nbsp;<\/li>\n\n\n\n<li>Lettres de consentement des organismes collaborateurs (acc\u00e8s aux donn\u00e9es, patients)&nbsp;<\/li>\n\n\n\n<li>Certificat de soins des animaux&nbsp;<\/li>\n\n\n\n<li>Conditions de confinement (biorisques)<\/li>\n<\/ul>\n<\/li>\n\n\n\n<li><a href=\"https:\/\/physiotherapy.ca\/app\/uploads\/2023\/01\/PFC-Awards-Program-Project-Funding-and-Budget-Information-Form-French.pdf\">Formulaire de financement du projet et de renseignements budg\u00e9taires<\/a><\/li>\n\n\n\n<li>Renseignements personnels de tous les chercheurs principaux, chercheurs adjoints et consultants, notamment&nbsp;:\n<ul class=\"wp-block-list\">\n<li>Nom, adresse, courriel<\/li>\n\n\n\n<li>Heures par semaine affect\u00e9es au projet<\/li>\n\n\n\n<li>R\u00f4le dans le cadre du projet<\/li>\n\n\n\n<li>Formation&nbsp;(universit\u00e9 ou \u00e9tablissement et ville, dipl\u00f4me et qualifications, domaine, ann\u00e9e)<\/li>\n\n\n\n<li>Exp\u00e9rience professionnelle et en recherche (en commen\u00e7ant par votre situation actuelle, indiquez votre formation et vos exp\u00e9riences en ordre chronologique inverse&nbsp;: ann\u00e9e, lieu, Titre du poste)<\/li>\n<\/ul>\n<\/li>\n\n\n\n<li>Renseignements publications (max. 2 pages) de tous les chercheurs principaux, chercheurs adjoints et consultants, notamment&nbsp;:\n<ul class=\"wp-block-list\">\n<li>tous les articles r\u00e9vis\u00e9s par les pairs et publi\u00e9s ou accept\u00e9s en vue d\u2019une publication des cinq (5) derni\u00e8res ann\u00e9es;<\/li>\n\n\n\n<li>toutes les publications ant\u00e9rieures (datant de plus de cinq [5] ann\u00e9es) ou non \u00e9valu\u00e9es par les pairs qui ont un rapport direct avec la pr\u00e9sente demande;<\/li>\n\n\n\n<li>les autres subventions dont vous b\u00e9n\u00e9ficiez actuellement ou dont vous avez b\u00e9n\u00e9fici\u00e9 au cours des cinq (5) derni\u00e8res ann\u00e9es (mentionnez la source, l\u2019objectif et le montant du financement ainsi que la p\u00e9riode applicable).<\/li>\n<\/ul>\n<\/li>\n<\/ul>\n\n\n\n<p>*Faire parvenir tout envoi subs\u00e9quent des certificats list\u00e9s \u00e0&nbsp;<a href=\"mailto:foundation@physiotherapy.ca\">foundation@physiotherapy.ca<\/a>.<\/p>\n\n\n\n<div style=\"height:68px\" aria-hidden=\"true\" class=\"wp-block-spacer\"><\/div>\n\n\n\n<div class=\"wp-block-buttons is-layout-flex wp-block-buttons-is-layout-flex\">\n<div class=\"wp-block-button\"><a class=\"wp-block-button__link wp-element-button\" href=\"https:\/\/physiocanada.eventsair.com\/physiotherapy-foundation-of-canada-awards\/25researchgrant\" target=\"_blank\" rel=\"noreferrer noopener\">D\u00e9poser une demande en ligne<\/a><\/div>\n<\/div>\n","protected":false},"excerpt":{"rendered":"<p>Renseignements \u00e0 t\u00e9l\u00e9verser directement sur la plateforme EventsAir&nbsp; Nom et titre des employ\u00e9s non r\u00e9mun\u00e9r\u00e9s et pourcentage du temps qu\u2019ils consacrent au projet&nbsp;&nbsp; *Faire parvenir tout envoi subs\u00e9quent des certificats list\u00e9s \u00e0&nbsp;foundation@physiotherapy.ca.<\/p>\n","protected":false},"author":2792,"featured_media":0,"parent":0,"menu_order":0,"comment_status":"closed","ping_status":"closed","template":"","meta":{"inline_featured_image":false,"ep_exclude_from_search":false,"footnotes":""},"topic":[],"class_list":["post-88230","page","type-page","status-publish","hentry"],"acf":[],"yoast_head":"<!-- This site is optimized with the Yoast SEO plugin v24.7 - https:\/\/yoast.com\/wordpress\/plugins\/seo\/ -->\n<title>Liste de v\u00e9rification pour la subvention de recherche DNS-FPC en neurosciences\u00a0\u00a0 - Canadian Physiotherapy Association<\/title>\n<meta name=\"robots\" content=\"index, follow, max-snippet:-1, max-image-preview:large, max-video-preview:-1\" \/>\n<link rel=\"canonical\" href=\"https:\/\/physiotherapy.ca\/fr\/liste-de-verification-pour-la-subvention-de-recherche-dns-fpc-en-neurosciences\/\" \/>\n<meta property=\"og:locale\" content=\"fr_FR\" \/>\n<meta property=\"og:type\" content=\"article\" \/>\n<meta property=\"og:title\" content=\"Liste de v\u00e9rification pour la subvention de recherche DNS-FPC en neurosciences\u00a0\u00a0 - Canadian Physiotherapy Association\" \/>\n<meta property=\"og:description\" content=\"Renseignements \u00e0 t\u00e9l\u00e9verser directement sur la plateforme EventsAir&nbsp; Nom et titre des employ\u00e9s non r\u00e9mun\u00e9r\u00e9s et pourcentage du temps qu\u2019ils consacrent au projet&nbsp;&nbsp; *Faire parvenir tout envoi subs\u00e9quent des certificats list\u00e9s \u00e0&nbsp;foundation@physiotherapy.ca.\" \/>\n<meta property=\"og:url\" content=\"https:\/\/physiotherapy.ca\/fr\/liste-de-verification-pour-la-subvention-de-recherche-dns-fpc-en-neurosciences\/\" \/>\n<meta property=\"og:site_name\" content=\"Canadian Physiotherapy Association\" \/>\n<meta property=\"article:modified_time\" content=\"2025-08-27T14:30:55+00:00\" \/>\n<meta name=\"twitter:card\" content=\"summary_large_image\" \/>\n<meta name=\"twitter:label1\" content=\"Est. reading time\" \/>\n\t<meta name=\"twitter:data1\" content=\"2 minutes\" \/>\n<script type=\"application\/ld+json\" class=\"yoast-schema-graph\">{\"@context\":\"https:\/\/schema.org\",\"@graph\":[{\"@type\":\"WebPage\",\"@id\":\"https:\/\/physiotherapy.ca\/fr\/liste-de-verification-pour-la-subvention-de-recherche-dns-fpc-en-neurosciences\/\",\"url\":\"https:\/\/physiotherapy.ca\/fr\/liste-de-verification-pour-la-subvention-de-recherche-dns-fpc-en-neurosciences\/\",\"name\":\"Liste de v\u00e9rification pour la subvention de recherche DNS-FPC en neurosciences\u00a0\u00a0 - Canadian Physiotherapy Association\",\"isPartOf\":{\"@id\":\"https:\/\/physiotherapy.ca\/#website\"},\"datePublished\":\"2023-01-13T16:25:28+00:00\",\"dateModified\":\"2025-08-27T14:30:55+00:00\",\"breadcrumb\":{\"@id\":\"https:\/\/physiotherapy.ca\/fr\/liste-de-verification-pour-la-subvention-de-recherche-dns-fpc-en-neurosciences\/#breadcrumb\"},\"inLanguage\":\"fr-FR\",\"potentialAction\":[{\"@type\":\"ReadAction\",\"target\":[\"https:\/\/physiotherapy.ca\/fr\/liste-de-verification-pour-la-subvention-de-recherche-dns-fpc-en-neurosciences\/\"]}]},{\"@type\":\"BreadcrumbList\",\"@id\":\"https:\/\/physiotherapy.ca\/fr\/liste-de-verification-pour-la-subvention-de-recherche-dns-fpc-en-neurosciences\/#breadcrumb\",\"itemListElement\":[{\"@type\":\"ListItem\",\"position\":1,\"name\":\"Home\",\"item\":\"https:\/\/physiotherapy.ca\/fr\/\"},{\"@type\":\"ListItem\",\"position\":2,\"name\":\"Liste de v\u00e9rification pour la subvention de recherche DNS-FPC en neurosciences\u00a0\u00a0\"}]},{\"@type\":\"WebSite\",\"@id\":\"https:\/\/physiotherapy.ca\/#website\",\"url\":\"https:\/\/physiotherapy.ca\/\",\"name\":\"Canadian Physiotherapy Association\",\"description\":\"The Canadian Physiotherapy Association (CPA) represents over 16,000 physiotherapy professionals and students across Canada.\",\"potentialAction\":[{\"@type\":\"SearchAction\",\"target\":{\"@type\":\"EntryPoint\",\"urlTemplate\":\"https:\/\/physiotherapy.ca\/?s={search_term_string}\"},\"query-input\":{\"@type\":\"PropertyValueSpecification\",\"valueRequired\":true,\"valueName\":\"search_term_string\"}}],\"inLanguage\":\"fr-FR\"}]}<\/script>\n<!-- \/ Yoast SEO plugin. -->","yoast_head_json":{"title":"Liste de v\u00e9rification pour la subvention de recherche DNS-FPC en neurosciences\u00a0\u00a0 - Canadian Physiotherapy Association","robots":{"index":"index","follow":"follow","max-snippet":"max-snippet:-1","max-image-preview":"max-image-preview:large","max-video-preview":"max-video-preview:-1"},"canonical":"https:\/\/physiotherapy.ca\/fr\/liste-de-verification-pour-la-subvention-de-recherche-dns-fpc-en-neurosciences\/","og_locale":"fr_FR","og_type":"article","og_title":"Liste de v\u00e9rification pour la subvention de recherche DNS-FPC en neurosciences\u00a0\u00a0 - Canadian Physiotherapy Association","og_description":"Renseignements \u00e0 t\u00e9l\u00e9verser directement sur la plateforme EventsAir&nbsp; Nom et titre des employ\u00e9s non r\u00e9mun\u00e9r\u00e9s et pourcentage du temps qu\u2019ils consacrent au projet&nbsp;&nbsp; *Faire parvenir tout envoi subs\u00e9quent des certificats list\u00e9s \u00e0&nbsp;foundation@physiotherapy.ca.","og_url":"https:\/\/physiotherapy.ca\/fr\/liste-de-verification-pour-la-subvention-de-recherche-dns-fpc-en-neurosciences\/","og_site_name":"Canadian Physiotherapy Association","article_modified_time":"2025-08-27T14:30:55+00:00","twitter_card":"summary_large_image","twitter_misc":{"Est. reading time":"2 minutes"},"schema":{"@context":"https:\/\/schema.org","@graph":[{"@type":"WebPage","@id":"https:\/\/physiotherapy.ca\/fr\/liste-de-verification-pour-la-subvention-de-recherche-dns-fpc-en-neurosciences\/","url":"https:\/\/physiotherapy.ca\/fr\/liste-de-verification-pour-la-subvention-de-recherche-dns-fpc-en-neurosciences\/","name":"Liste de v\u00e9rification pour la subvention de recherche DNS-FPC en neurosciences\u00a0\u00a0 - Canadian Physiotherapy Association","isPartOf":{"@id":"https:\/\/physiotherapy.ca\/#website"},"datePublished":"2023-01-13T16:25:28+00:00","dateModified":"2025-08-27T14:30:55+00:00","breadcrumb":{"@id":"https:\/\/physiotherapy.ca\/fr\/liste-de-verification-pour-la-subvention-de-recherche-dns-fpc-en-neurosciences\/#breadcrumb"},"inLanguage":"fr-FR","potentialAction":[{"@type":"ReadAction","target":["https:\/\/physiotherapy.ca\/fr\/liste-de-verification-pour-la-subvention-de-recherche-dns-fpc-en-neurosciences\/"]}]},{"@type":"BreadcrumbList","@id":"https:\/\/physiotherapy.ca\/fr\/liste-de-verification-pour-la-subvention-de-recherche-dns-fpc-en-neurosciences\/#breadcrumb","itemListElement":[{"@type":"ListItem","position":1,"name":"Home","item":"https:\/\/physiotherapy.ca\/fr\/"},{"@type":"ListItem","position":2,"name":"Liste de v\u00e9rification pour la subvention de recherche DNS-FPC en neurosciences\u00a0\u00a0"}]},{"@type":"WebSite","@id":"https:\/\/physiotherapy.ca\/#website","url":"https:\/\/physiotherapy.ca\/","name":"Canadian Physiotherapy Association","description":"The Canadian Physiotherapy Association (CPA) represents over 16,000 physiotherapy professionals and students across Canada.","potentialAction":[{"@type":"SearchAction","target":{"@type":"EntryPoint","urlTemplate":"https:\/\/physiotherapy.ca\/?s={search_term_string}"},"query-input":{"@type":"PropertyValueSpecification","valueRequired":true,"valueName":"search_term_string"}}],"inLanguage":"fr-FR"}]}},"_links":{"self":[{"href":"https:\/\/physiotherapy.ca\/fr\/wp-json\/wp\/v2\/pages\/88230","targetHints":{"allow":["GET"]}}],"collection":[{"href":"https:\/\/physiotherapy.ca\/fr\/wp-json\/wp\/v2\/pages"}],"about":[{"href":"https:\/\/physiotherapy.ca\/fr\/wp-json\/wp\/v2\/types\/page"}],"author":[{"embeddable":true,"href":"https:\/\/physiotherapy.ca\/fr\/wp-json\/wp\/v2\/users\/2792"}],"replies":[{"embeddable":true,"href":"https:\/\/physiotherapy.ca\/fr\/wp-json\/wp\/v2\/comments?post=88230"}],"version-history":[{"count":8,"href":"https:\/\/physiotherapy.ca\/fr\/wp-json\/wp\/v2\/pages\/88230\/revisions"}],"predecessor-version":[{"id":276911,"href":"https:\/\/physiotherapy.ca\/fr\/wp-json\/wp\/v2\/pages\/88230\/revisions\/276911"}],"wp:attachment":[{"href":"https:\/\/physiotherapy.ca\/fr\/wp-json\/wp\/v2\/media?parent=88230"}],"wp:term":[{"taxonomy":"topic","embeddable":true,"href":"https:\/\/physiotherapy.ca\/fr\/wp-json\/wp\/v2\/topic?post=88230"}],"curies":[{"name":"wp","href":"https:\/\/api.w.org\/{rel}","templated":true}]}}