{"id":88249,"date":"2023-01-13T12:49:17","date_gmt":"2023-01-13T17:49:17","guid":{"rendered":"https:\/\/physiotherapy.ca\/?page_id=88249"},"modified":"2025-08-15T16:50:00","modified_gmt":"2025-08-15T20:50:00","slug":"bourse-de-la-division-des-neurosciences","status":"publish","type":"page","link":"https:\/\/physiotherapy.ca\/fr\/bourse-de-la-division-des-neurosciences\/","title":{"rendered":"R\u00e8glement: Programme de subventions 2025"},"content":{"rendered":"\n<h4 class=\"wp-block-heading\">Bourse de la division des neurosciences<\/h4>\n\n\n\n<p>La division des neurosciences a cr\u00e9\u00e9 une bourse de recherche annuelle de 3\u202f000\u202f$ pour aider une \u00e9tudiante-chercheure ou un \u00e9tudiant-chercheur \u00e0 faire avancer les connaissances et la pratique dans le domaine des neurosciences. La bourse est offerte \u00e0 un ou une physioth\u00e9rapeute inscrit(e) \u00e0 un programme de ma\u00eetrise ou de doctorat dans une universit\u00e9 canadienne et qui r\u00e9alise un projet de recherche exig\u00e9 par l\u2019\u00e9tablissement dans le cadre dudit programme. La personne s\u00e9lectionn\u00e9e devra \u00eatre un membre en r\u00e8gle de la division des neurosciences.\u202f&nbsp;<\/p>\n\n\n\n<p>\u202f&nbsp;<\/p>\n\n\n\n<p><\/p>\n\n\n\n<hr class=\"wp-block-separator has-alpha-channel-opacity\"\/>\n\n\n\n<h4 class=\"wp-block-heading\">R\u00e8glement<\/h4>\n\n\n\n<ol class=\"wp-block-list\">\n<li>Les bourses de la division des neurosciences sont d\u00e9cern\u00e9es par la FPC sur les conseils de son Comit\u00e9 des prix scientifiques (CPS). Le conseil d\u2019administration de la FPC se r\u00e9serve le droit d\u2019accepter ou de refuser toute demande.\u202f&nbsp;<\/li>\n\n\n\n<li>Chaque bourse est habituellement attribu\u00e9e pour une p\u00e9riode de 12\u202fmois (du 1<sup>er<\/sup>\u202fjanvier au 31\u202fd\u00e9cembre).<sup> <\/sup>Si la bourse ne couvre pas la p\u00e9riode d\u00e9clar\u00e9e, il faut en informer la FPC; il y aura une r\u00e9duction proportionnelle du montant du financement. \u00c0 la fin de la p\u00e9riode vis\u00e9e, les b\u00e9n\u00e9ficiaires doivent pr\u00e9senter un rapport complet \u00e0 la FPC, y compris leurs plans pour la diss\u00e9mination publique des r\u00e9sultats de leur recherche. Ce rapport doit \u00eatre re\u00e7u par la FPC avant le fevrier 28 f\u00e9vrier de l\u2019ann\u00e9e suivant l\u2019octroi de la premi\u00e8re bourse.\u202f<\/li>\n\n\n\n<li>La bourse est valide dans les universit\u00e9s canadiennes.\u202f&nbsp;<\/li>\n\n\n\n<li>Les b\u00e9n\u00e9ficiaires qui sont \u00e0 la ma\u00eetrise ou au doctorat devraient id\u00e9alement se consacrer au sujet vis\u00e9 par leur demande de bourse durant une p\u00e9riode de 12\u202fmois cons\u00e9cutifs (trois trimestres). Les personnes inscrites \u00e0 temps partiel peuvent tout de m\u00eame demander une aide financi\u00e8re. Les personnes dont la demande est accept\u00e9e doivent participer \u00e0 un projet de recherche qui r\u00e9pond aux conditions d\u2019obtention du dipl\u00f4me de leur programme. Ce projet de recherche doit cadrer avec la mission de la FPC. Les b\u00e9n\u00e9ficiaires doivent consacrer au moins 50\u202f% de leur temps \u00e0 des activit\u00e9s li\u00e9es au financement. Ils peuvent profiter d\u2019autres formes d\u2019aide financi\u00e8re aux \u00e9tudes, pourvu que la valeur de l\u2019ensemble des bourses et subventions, y compris la bourse que voici, ne d\u00e9passe pas les 25\u202f000\u202f$.\u202f&nbsp;<\/li>\n\n\n\n<li>Les bourses sont ouvertes aux citoyens canadiens, immigrants re\u00e7us ou personnes r\u00e9sidant au Canada (pendant la dur\u00e9e de la bourse) munis d\u2019un permis de travail ou d\u2019\u00e9tudes valable.\u202f&nbsp;<\/li>\n\n\n\n<li>Les membres des comit\u00e9s de la FPC et de la division des neurosciences peuvent pr\u00e9senter une demande, mais ne peuvent intervenir dans le processus de d\u00e9cision ni dans la d\u00e9termination de la suite donn\u00e9e aux demandes.\u202f<\/li>\n<\/ol>\n\n\n\n<h4 class=\"wp-block-heading\"><strong>Crit\u00e8res d\u2019admissibilit\u00e9<\/strong>\u202f&nbsp;<\/h4>\n\n\n\n<ol class=\"wp-block-list\">\n<li>Inscription dans un programme de ma\u00eetrise ou de doctorat dans une universit\u00e9 canadienne.\u202f&nbsp;<\/li>\n\n\n\n<li>\u00c9tudes dans un domaine de recherche en rapport avec la pratique de la physioth\u00e9rapie en neurosciences.\u202f&nbsp;<\/li>\n\n\n\n<li>Membre en r\u00e8gle de la division des neurosciences.\u202f&nbsp;<\/li>\n\n\n\n<li>Publie ses r\u00e9sultats de recherche aupr\u00e8s des membres de la division des neurosciences.\u202f&nbsp;<\/li>\n\n\n\n<li>Mentionne la participation de la division des neurosciences et de la Fondation de physioth\u00e9rapie du Canada (FPC) dans toutes les publications et pr\u00e9sentations d\u00e9coulant du travail de recherche.\u202f&nbsp;<\/li>\n\n\n\n<li>Doit fournir un document \u00e9crit de 250\u202fmots justifiant en quoi le travail de recherche est en rapport avec la pratique de la physioth\u00e9rapie en neurosciences.\u202f<\/li>\n<\/ol>\n\n\n\n<h4 class=\"wp-block-heading\"><strong>Proc\u00e9dures\u202f<\/strong>&nbsp;<\/h4>\n\n\n\n<ol class=\"wp-block-list\">\n<li>Les demandes sont accept\u00e9es EN LIGNE sur la plateforme EventsAir et doivent avoir \u00e9t\u00e9 re\u00e7ues au plus tard le 3\u202foctobre 2025 \u00e0 23\u202fh\u202f59 (HE). La d\u00e9cision sera pr\u00e9sent\u00e9e par \u00e9crit, en novembre, et le versement des subventions d\u00e9butera en d\u00e9cembre.\u00a0<\/li>\n<\/ol>\n\n\n\n<p>Les candidats seront invit\u00e9s \u00e0 t\u00e9l\u00e9verser les documents ci-dessous lors du processus de candidature en ligne sur le portail EventsAir\u202f:\u202f\u00a0<\/p>\n\n\n\n<ul class=\"wp-block-list\">\n<li>une lettre de recommandation de la part de la personne qui la supervise ou la conseille indiquant \u00e9galement les grandes lignes du programme de recherche propos\u00e9;\u202f&nbsp;<\/li>\n\n\n\n<li>deux autres lettres de recommandation;\u202f&nbsp;<\/li>\n\n\n\n<li>une lettre de la direction du d\u00e9partement de l\u2019universit\u00e9 qui confirme l\u2019admission de la personne candidate \u00e0 l\u2019un des programmes d\u00e9crits dans les r\u00e8glements de la division des neurosciences;\u202f si la personne n\u2019y est pas inscrite au moment de la demande, toute bourse est conditionnelle \u00e0 la r\u00e9ception d\u2019une confirmation \u00e9crite de son inscription au programme en question;\u202f la FPC ne d\u00e9caissera pas de fonds avant d\u2019avoir re\u00e7u une preuve d\u2019inscription.&nbsp;<\/li>\n<\/ul>\n\n\n\n<h4 class=\"wp-block-heading\"><strong>Obligations des b\u00e9n\u00e9ficiaires\u202f<\/strong>&nbsp;<\/h4>\n\n\n\n<ol class=\"wp-block-list\">\n<li>Le chercheur soumettra un rapport final sur le travail accompli au cours de la p\u00e9riode couverte par la bourse au plus tard six\u202fmois apr\u00e8s cette p\u00e9riode (normalement le 28 f\u00e9vrier). Les chercheurs qui ne se conforment pas \u00e0 cette condition seront par la suite inadmissibles \u00e0 de futures aides financi\u00e8res de la Fondation de physioth\u00e9rapie du Canada.\u00a0<\/li>\n\n\n\n<li>Dans les 12\u202fmois qui suivent la fin de la bourse, la ou le b\u00e9n\u00e9ficiaire communiquera ses r\u00e9sultats de recherche aux membres de la division des neurosciences par le biais a)\u202fd\u2019une pr\u00e9sentation (p.\u202fex., lors de l\u2019AGA ou d\u2019un webinaire de la division) et b)\u202fd\u2019un r\u00e9sum\u00e9 de ses recherches par \u00e9crit qui sera inclus dans l\u2019infolettre de la division des neurosciences.\u202f&nbsp;<\/li>\n\n\n\n<li>Si le travail d\u2019une personne candidate donne lieu \u00e0 la publication d\u2019articles ou d\u2019une th\u00e8se, elle devra y mentionner l\u2019aide fournie par la FPC et la division des neurosciences. Par exemple, il convient d\u2019ins\u00e9rer un libell\u00e9 comme\u202f: <em>\u00ab\u202fRecherche financ\u00e9e en partie par la division des neurosciences de la Fondation de physioth\u00e9rapie du Canada.\u202f\u00bb <\/em>Elle devra en outre envoyer un exemplaire de l\u2019article publi\u00e9 aux bureaux de la FPC et \u00e0 la division des neurosciences.\u202f&nbsp;<\/li>\n\n\n\n<li>Les logos de la division des neurosciences et de la FPC doivent \u00eatre affich\u00e9s en cas de pr\u00e9sentation orale ou sous la forme d\u2019affiches \u00e0 des conf\u00e9rences nationales ou internationales.\u202f&nbsp;<\/li>\n<\/ol>\n\n\n\n<h4 class=\"wp-block-heading\"><strong>Administration financi\u00e8re&nbsp;<\/strong><\/h4>\n\n\n\n<ol class=\"wp-block-list\">\n<li>La FPC communiquera avec les demandeurs pour leur faire part de sa d\u00e9cision \u00e0 la fin du processus de s\u00e9lection. Les personnes retenues recevront une lettre par courriel en novembre, et le versement des subventions d\u00e9butera en d\u00e9cembre.\u00a0<\/li>\n\n\n\n<li>La FPC \u00e9mettra un relev\u00e9\u202fT4 ou T4A aux r\u00e9cipiendaires \u00e0 la fin de l\u2019ann\u00e9e civile.\u00a0<br><br><\/li>\n<\/ol>\n","protected":false},"excerpt":{"rendered":"<p>Bourse de la division des neurosciences La division des neurosciences a cr\u00e9\u00e9 une bourse de recherche annuelle de 3\u202f000\u202f$ pour aider une \u00e9tudiante-chercheure ou un \u00e9tudiant-chercheur \u00e0 faire avancer les connaissances et la pratique dans le domaine des neurosciences. La [&hellip;]<\/p>\n","protected":false},"author":2792,"featured_media":0,"parent":0,"menu_order":0,"comment_status":"closed","ping_status":"closed","template":"","meta":{"inline_featured_image":false,"ep_exclude_from_search":false,"footnotes":""},"topic":[],"class_list":["post-88249","page","type-page","status-publish","hentry"],"acf":[],"yoast_head":"<!-- This site is optimized with the Yoast SEO plugin v24.7 - https:\/\/yoast.com\/wordpress\/plugins\/seo\/ -->\n<title>R\u00e8glement: Programme de subventions 2025 - Canadian Physiotherapy Association<\/title>\n<meta name=\"robots\" content=\"index, follow, max-snippet:-1, max-image-preview:large, max-video-preview:-1\" \/>\n<link rel=\"canonical\" href=\"https:\/\/physiotherapy.ca\/fr\/bourse-de-la-division-des-neurosciences\/\" \/>\n<meta property=\"og:locale\" content=\"fr_FR\" \/>\n<meta property=\"og:type\" content=\"article\" \/>\n<meta property=\"og:title\" content=\"R\u00e8glement: Programme de subventions 2025 - Canadian Physiotherapy Association\" \/>\n<meta property=\"og:description\" content=\"Bourse de la division des neurosciences La division des neurosciences a cr\u00e9\u00e9 une bourse de recherche annuelle de 3\u202f000\u202f$ pour aider une \u00e9tudiante-chercheure ou un \u00e9tudiant-chercheur \u00e0 faire avancer les connaissances et la pratique dans le domaine des neurosciences. La [&hellip;]\" \/>\n<meta property=\"og:url\" content=\"https:\/\/physiotherapy.ca\/fr\/bourse-de-la-division-des-neurosciences\/\" \/>\n<meta property=\"og:site_name\" content=\"Canadian Physiotherapy Association\" \/>\n<meta property=\"article:modified_time\" content=\"2025-08-15T20:50:00+00:00\" \/>\n<meta name=\"twitter:card\" content=\"summary_large_image\" \/>\n<meta name=\"twitter:label1\" content=\"Est. reading time\" \/>\n\t<meta name=\"twitter:data1\" content=\"5 minutes\" \/>\n<script type=\"application\/ld+json\" class=\"yoast-schema-graph\">{\"@context\":\"https:\/\/schema.org\",\"@graph\":[{\"@type\":\"WebPage\",\"@id\":\"https:\/\/physiotherapy.ca\/fr\/bourse-de-la-division-des-neurosciences\/\",\"url\":\"https:\/\/physiotherapy.ca\/fr\/bourse-de-la-division-des-neurosciences\/\",\"name\":\"R\u00e8glement: Programme de subventions 2025 - Canadian Physiotherapy Association\",\"isPartOf\":{\"@id\":\"https:\/\/physiotherapy.ca\/#website\"},\"datePublished\":\"2023-01-13T17:49:17+00:00\",\"dateModified\":\"2025-08-15T20:50:00+00:00\",\"breadcrumb\":{\"@id\":\"https:\/\/physiotherapy.ca\/fr\/bourse-de-la-division-des-neurosciences\/#breadcrumb\"},\"inLanguage\":\"fr-FR\",\"potentialAction\":[{\"@type\":\"ReadAction\",\"target\":[\"https:\/\/physiotherapy.ca\/fr\/bourse-de-la-division-des-neurosciences\/\"]}]},{\"@type\":\"BreadcrumbList\",\"@id\":\"https:\/\/physiotherapy.ca\/fr\/bourse-de-la-division-des-neurosciences\/#breadcrumb\",\"itemListElement\":[{\"@type\":\"ListItem\",\"position\":1,\"name\":\"Home\",\"item\":\"https:\/\/physiotherapy.ca\/fr\/\"},{\"@type\":\"ListItem\",\"position\":2,\"name\":\"R\u00e8glement: Programme de subventions 2025\"}]},{\"@type\":\"WebSite\",\"@id\":\"https:\/\/physiotherapy.ca\/#website\",\"url\":\"https:\/\/physiotherapy.ca\/\",\"name\":\"Canadian Physiotherapy Association\",\"description\":\"The Canadian Physiotherapy Association (CPA) represents over 16,000 physiotherapy professionals and students across Canada.\",\"potentialAction\":[{\"@type\":\"SearchAction\",\"target\":{\"@type\":\"EntryPoint\",\"urlTemplate\":\"https:\/\/physiotherapy.ca\/?s={search_term_string}\"},\"query-input\":{\"@type\":\"PropertyValueSpecification\",\"valueRequired\":true,\"valueName\":\"search_term_string\"}}],\"inLanguage\":\"fr-FR\"}]}<\/script>\n<!-- \/ Yoast SEO plugin. -->","yoast_head_json":{"title":"R\u00e8glement: Programme de subventions 2025 - Canadian Physiotherapy Association","robots":{"index":"index","follow":"follow","max-snippet":"max-snippet:-1","max-image-preview":"max-image-preview:large","max-video-preview":"max-video-preview:-1"},"canonical":"https:\/\/physiotherapy.ca\/fr\/bourse-de-la-division-des-neurosciences\/","og_locale":"fr_FR","og_type":"article","og_title":"R\u00e8glement: Programme de subventions 2025 - Canadian Physiotherapy Association","og_description":"Bourse de la division des neurosciences La division des neurosciences a cr\u00e9\u00e9 une bourse de recherche annuelle de 3\u202f000\u202f$ pour aider une \u00e9tudiante-chercheure ou un \u00e9tudiant-chercheur \u00e0 faire avancer les connaissances et la pratique dans le domaine des neurosciences. La [&hellip;]","og_url":"https:\/\/physiotherapy.ca\/fr\/bourse-de-la-division-des-neurosciences\/","og_site_name":"Canadian Physiotherapy Association","article_modified_time":"2025-08-15T20:50:00+00:00","twitter_card":"summary_large_image","twitter_misc":{"Est. reading time":"5 minutes"},"schema":{"@context":"https:\/\/schema.org","@graph":[{"@type":"WebPage","@id":"https:\/\/physiotherapy.ca\/fr\/bourse-de-la-division-des-neurosciences\/","url":"https:\/\/physiotherapy.ca\/fr\/bourse-de-la-division-des-neurosciences\/","name":"R\u00e8glement: Programme de subventions 2025 - Canadian Physiotherapy Association","isPartOf":{"@id":"https:\/\/physiotherapy.ca\/#website"},"datePublished":"2023-01-13T17:49:17+00:00","dateModified":"2025-08-15T20:50:00+00:00","breadcrumb":{"@id":"https:\/\/physiotherapy.ca\/fr\/bourse-de-la-division-des-neurosciences\/#breadcrumb"},"inLanguage":"fr-FR","potentialAction":[{"@type":"ReadAction","target":["https:\/\/physiotherapy.ca\/fr\/bourse-de-la-division-des-neurosciences\/"]}]},{"@type":"BreadcrumbList","@id":"https:\/\/physiotherapy.ca\/fr\/bourse-de-la-division-des-neurosciences\/#breadcrumb","itemListElement":[{"@type":"ListItem","position":1,"name":"Home","item":"https:\/\/physiotherapy.ca\/fr\/"},{"@type":"ListItem","position":2,"name":"R\u00e8glement: Programme de subventions 2025"}]},{"@type":"WebSite","@id":"https:\/\/physiotherapy.ca\/#website","url":"https:\/\/physiotherapy.ca\/","name":"Canadian Physiotherapy Association","description":"The Canadian Physiotherapy Association (CPA) represents over 16,000 physiotherapy professionals and students across Canada.","potentialAction":[{"@type":"SearchAction","target":{"@type":"EntryPoint","urlTemplate":"https:\/\/physiotherapy.ca\/?s={search_term_string}"},"query-input":{"@type":"PropertyValueSpecification","valueRequired":true,"valueName":"search_term_string"}}],"inLanguage":"fr-FR"}]}},"_links":{"self":[{"href":"https:\/\/physiotherapy.ca\/fr\/wp-json\/wp\/v2\/pages\/88249","targetHints":{"allow":["GET"]}}],"collection":[{"href":"https:\/\/physiotherapy.ca\/fr\/wp-json\/wp\/v2\/pages"}],"about":[{"href":"https:\/\/physiotherapy.ca\/fr\/wp-json\/wp\/v2\/types\/page"}],"author":[{"embeddable":true,"href":"https:\/\/physiotherapy.ca\/fr\/wp-json\/wp\/v2\/users\/2792"}],"replies":[{"embeddable":true,"href":"https:\/\/physiotherapy.ca\/fr\/wp-json\/wp\/v2\/comments?post=88249"}],"version-history":[{"count":7,"href":"https:\/\/physiotherapy.ca\/fr\/wp-json\/wp\/v2\/pages\/88249\/revisions"}],"predecessor-version":[{"id":276015,"href":"https:\/\/physiotherapy.ca\/fr\/wp-json\/wp\/v2\/pages\/88249\/revisions\/276015"}],"wp:attachment":[{"href":"https:\/\/physiotherapy.ca\/fr\/wp-json\/wp\/v2\/media?parent=88249"}],"wp:term":[{"taxonomy":"topic","embeddable":true,"href":"https:\/\/physiotherapy.ca\/fr\/wp-json\/wp\/v2\/topic?post=88249"}],"curies":[{"name":"wp","href":"https:\/\/api.w.org\/{rel}","templated":true}]}}