{"id":88254,"date":"2023-01-13T12:53:16","date_gmt":"2023-01-13T17:53:16","guid":{"rendered":"https:\/\/physiotherapy.ca\/?page_id=88254"},"modified":"2025-08-27T10:16:10","modified_gmt":"2025-08-27T14:16:10","slug":"liste-de-verification-pour-la-subvention-de-recherche-orthocanada-en-readaptation-du-cou-et-du-dos-et-en-stabilisation-du-tronc","status":"publish","type":"page","link":"https:\/\/physiotherapy.ca\/fr\/liste-de-verification-pour-la-subvention-de-recherche-orthocanada-en-readaptation-du-cou-et-du-dos-et-en-stabilisation-du-tronc\/","title":{"rendered":"Liste de v\u00e9rification pour la bourse de la division des neurosciences\u00a0"},"content":{"rendered":"\n<h4 class=\"wp-block-heading\">Renseignements \u00e0 t\u00e9l\u00e9verser directement sur la plateforme EventsAir&nbsp;<\/h4>\n\n\n\n<ul class=\"wp-block-list\">\n<li>Nom, coordonn\u00e9es et qualification professionnelle de la personne qui pr\u00e9sente la demande&nbsp;<\/li>\n\n\n\n<li>Br\u00e8ve description (max.\u202f400\u202fmots) de la raison d\u2019\u00eatre du projet de recherche, notamment\u202f:\u202f&nbsp;\n<ul class=\"wp-block-list\">\n<li>&nbsp;<\/li>\n\n\n\n<li>\u202fles principaux objectifs de l\u2019\u00e9tude (et une explication claire de la m\u00e9thodologie et du mode d\u2019analyse des donn\u00e9es utilis\u00e9s);\u202f&nbsp;<\/li>\n\n\n\n<li>une br\u00e8ve explication de la pertinence du projet par rapport au domaine des neurosciences.&nbsp;<\/li>\n<\/ul>\n<\/li>\n\n\n\n<li>Emploi actuel et nom de l\u2019employeur ou de l\u2019institution&nbsp;<\/li>\n\n\n\n<li>Dipl\u00f4mes obtenus&nbsp;<\/li>\n\n\n\n<li>Dipl\u00f4me vis\u00e9&nbsp;<\/li>\n\n\n\n<li>Directeur(ice) d\u2019\u00e9tudes ou conseiller(\u00e8re)&nbsp;<\/li>\n\n\n\n<li>Autres sources de revenus pour r\u00e9aliser le projet\u202f&nbsp;<\/li>\n\n\n\n<li>Description (max.\u202f200\u202fmots) de vos objectifs professionnels ainsi que des moyens que vous emploierez pour les r\u00e9aliser&nbsp;<\/li>\n<\/ul>\n\n\n\n<h4 class=\"wp-block-heading\"><strong>Renseignements \u00e0 joindre sous forme de PDF individuels\u202f<\/strong><\/h4>\n\n\n\n<ul class=\"wp-block-list\">\n<li>Trois (3) lettres de recommandation de personnes-ressources de votre domaine&nbsp;<\/li>\n\n\n\n<li>Lettre de la direction du d\u00e9partement de votre universit\u00e9 confirmant votre admission dans un programme de ma\u00eetrise ou de doctorat dans une universit\u00e9 canadienne et dans un domaine de recherche en lien avec les neurosciences\u202f&nbsp;<\/li>\n\n\n\n<li>Un relev\u00e9 de notes de tous les cours de niveau universitaire suivis, incluant, s\u2019il s\u2019agit de cours suivis dans une universit\u00e9 \u00e9trang\u00e8re, les conversions de notes \u00e9tablies par le secr\u00e9tariat des \u00e9tudes sup\u00e9rieures&nbsp;<\/li>\n\n\n\n<li>Votre curriculum vitae (max. 3\u202fpages)&nbsp;<\/li>\n\n\n\n<li>Le curriculum vitae de votre superviseur(e) (max. 3\u202fpages), qui fait \u00e9tat\u202f:&nbsp;<\/li>\n\n\n\n<li>principaux, chercheurs adjoints et consultants, notamment&nbsp;:\n<ul class=\"wp-block-list\">\n<li>de ses \u00e9tudes et activit\u00e9s professionnelles;\u202f&nbsp;<\/li>\n\n\n\n<li>de son exp\u00e9rience de supervision d\u2019\u00e9tudiants aux cycles sup\u00e9rieurs;&nbsp;<\/li>\n\n\n\n<li>des subventions dont il ou elle a b\u00e9n\u00e9fici\u00e9 (y compris les montants et les dates de d\u00e9but et de fin);\u202f&nbsp;<\/li>\n\n\n\n<li>ses publications pr\u00e9sent\u00e9es de fa\u00e7on sommaire\u202f: publications \u00e9valu\u00e9es par les pairs des cinq (5) derni\u00e8res ann\u00e9es et nombre total de publications \u00e9valu\u00e9es par les pairs ou non et r\u00e9sum\u00e9s de recherche.\u202f&nbsp;<\/li>\n<\/ul>\n<\/li>\n<\/ul>\n\n\n\n<p>*Faire parvenir tout envoi subs\u00e9quent des certificats list\u00e9s \u00e0&nbsp;<a href=\"mailto:foundation@physiotherapy.ca\">foundation@physiotherapy.ca<\/a>.<\/p>\n\n\n\n<div style=\"height:67px\" aria-hidden=\"true\" class=\"wp-block-spacer\"><\/div>\n\n\n\n<div class=\"wp-block-buttons is-layout-flex wp-block-buttons-is-layout-flex\">\n<div class=\"wp-block-button\"><a class=\"wp-block-button__link wp-element-button\" href=\"https:\/\/physiocanada.eventsair.com\/physiotherapy-foundation-of-canada-awards\/2025nsdportal\" target=\"_blank\" rel=\"noreferrer noopener\">D\u00e9poser une demande en ligne<\/a><\/div>\n<\/div>\n\n\n\n<p><\/p>\n","protected":false},"excerpt":{"rendered":"<p>Renseignements \u00e0 t\u00e9l\u00e9verser directement sur la plateforme EventsAir&nbsp; Renseignements \u00e0 joindre sous forme de PDF individuels\u202f *Faire parvenir tout envoi subs\u00e9quent des certificats list\u00e9s \u00e0&nbsp;foundation@physiotherapy.ca.<\/p>\n","protected":false},"author":2792,"featured_media":0,"parent":0,"menu_order":0,"comment_status":"closed","ping_status":"closed","template":"","meta":{"inline_featured_image":false,"ep_exclude_from_search":false,"footnotes":""},"topic":[],"class_list":["post-88254","page","type-page","status-publish","hentry"],"acf":[],"yoast_head":"<!-- This site is optimized with the Yoast SEO plugin v24.7 - https:\/\/yoast.com\/wordpress\/plugins\/seo\/ -->\n<title>Liste de v\u00e9rification pour la bourse de la division des neurosciences\u00a0 - Canadian Physiotherapy Association<\/title>\n<meta name=\"robots\" content=\"index, follow, max-snippet:-1, max-image-preview:large, max-video-preview:-1\" \/>\n<link rel=\"canonical\" href=\"https:\/\/physiotherapy.ca\/fr\/liste-de-verification-pour-la-subvention-de-recherche-orthocanada-en-readaptation-du-cou-et-du-dos-et-en-stabilisation-du-tronc\/\" \/>\n<meta property=\"og:locale\" content=\"fr_FR\" \/>\n<meta property=\"og:type\" content=\"article\" \/>\n<meta property=\"og:title\" content=\"Liste de v\u00e9rification pour la bourse de la division des neurosciences\u00a0 - Canadian Physiotherapy Association\" \/>\n<meta property=\"og:description\" content=\"Renseignements \u00e0 t\u00e9l\u00e9verser directement sur la plateforme EventsAir&nbsp; Renseignements \u00e0 joindre sous forme de PDF individuels\u202f *Faire parvenir tout envoi subs\u00e9quent des certificats list\u00e9s \u00e0&nbsp;foundation@physiotherapy.ca.\" \/>\n<meta property=\"og:url\" content=\"https:\/\/physiotherapy.ca\/fr\/liste-de-verification-pour-la-subvention-de-recherche-orthocanada-en-readaptation-du-cou-et-du-dos-et-en-stabilisation-du-tronc\/\" \/>\n<meta property=\"og:site_name\" content=\"Canadian Physiotherapy Association\" \/>\n<meta property=\"article:modified_time\" content=\"2025-08-27T14:16:10+00:00\" \/>\n<meta name=\"twitter:card\" content=\"summary_large_image\" \/>\n<meta name=\"twitter:label1\" content=\"Est. reading time\" \/>\n\t<meta name=\"twitter:data1\" content=\"2 minutes\" \/>\n<script type=\"application\/ld+json\" class=\"yoast-schema-graph\">{\"@context\":\"https:\/\/schema.org\",\"@graph\":[{\"@type\":\"WebPage\",\"@id\":\"https:\/\/physiotherapy.ca\/fr\/liste-de-verification-pour-la-subvention-de-recherche-orthocanada-en-readaptation-du-cou-et-du-dos-et-en-stabilisation-du-tronc\/\",\"url\":\"https:\/\/physiotherapy.ca\/fr\/liste-de-verification-pour-la-subvention-de-recherche-orthocanada-en-readaptation-du-cou-et-du-dos-et-en-stabilisation-du-tronc\/\",\"name\":\"Liste de v\u00e9rification pour la bourse de la division des neurosciences\u00a0 - Canadian Physiotherapy Association\",\"isPartOf\":{\"@id\":\"https:\/\/physiotherapy.ca\/#website\"},\"datePublished\":\"2023-01-13T17:53:16+00:00\",\"dateModified\":\"2025-08-27T14:16:10+00:00\",\"breadcrumb\":{\"@id\":\"https:\/\/physiotherapy.ca\/fr\/liste-de-verification-pour-la-subvention-de-recherche-orthocanada-en-readaptation-du-cou-et-du-dos-et-en-stabilisation-du-tronc\/#breadcrumb\"},\"inLanguage\":\"fr-FR\",\"potentialAction\":[{\"@type\":\"ReadAction\",\"target\":[\"https:\/\/physiotherapy.ca\/fr\/liste-de-verification-pour-la-subvention-de-recherche-orthocanada-en-readaptation-du-cou-et-du-dos-et-en-stabilisation-du-tronc\/\"]}]},{\"@type\":\"BreadcrumbList\",\"@id\":\"https:\/\/physiotherapy.ca\/fr\/liste-de-verification-pour-la-subvention-de-recherche-orthocanada-en-readaptation-du-cou-et-du-dos-et-en-stabilisation-du-tronc\/#breadcrumb\",\"itemListElement\":[{\"@type\":\"ListItem\",\"position\":1,\"name\":\"Home\",\"item\":\"https:\/\/physiotherapy.ca\/fr\/\"},{\"@type\":\"ListItem\",\"position\":2,\"name\":\"Liste de v\u00e9rification pour la bourse de la division des neurosciences\u00a0\"}]},{\"@type\":\"WebSite\",\"@id\":\"https:\/\/physiotherapy.ca\/#website\",\"url\":\"https:\/\/physiotherapy.ca\/\",\"name\":\"Canadian Physiotherapy Association\",\"description\":\"The Canadian Physiotherapy Association (CPA) represents over 16,000 physiotherapy professionals and students across Canada.\",\"potentialAction\":[{\"@type\":\"SearchAction\",\"target\":{\"@type\":\"EntryPoint\",\"urlTemplate\":\"https:\/\/physiotherapy.ca\/?s={search_term_string}\"},\"query-input\":{\"@type\":\"PropertyValueSpecification\",\"valueRequired\":true,\"valueName\":\"search_term_string\"}}],\"inLanguage\":\"fr-FR\"}]}<\/script>\n<!-- \/ Yoast SEO plugin. -->","yoast_head_json":{"title":"Liste de v\u00e9rification pour la bourse de la division des neurosciences\u00a0 - Canadian Physiotherapy Association","robots":{"index":"index","follow":"follow","max-snippet":"max-snippet:-1","max-image-preview":"max-image-preview:large","max-video-preview":"max-video-preview:-1"},"canonical":"https:\/\/physiotherapy.ca\/fr\/liste-de-verification-pour-la-subvention-de-recherche-orthocanada-en-readaptation-du-cou-et-du-dos-et-en-stabilisation-du-tronc\/","og_locale":"fr_FR","og_type":"article","og_title":"Liste de v\u00e9rification pour la bourse de la division des neurosciences\u00a0 - Canadian Physiotherapy Association","og_description":"Renseignements \u00e0 t\u00e9l\u00e9verser directement sur la plateforme EventsAir&nbsp; Renseignements \u00e0 joindre sous forme de PDF individuels\u202f *Faire parvenir tout envoi subs\u00e9quent des certificats list\u00e9s \u00e0&nbsp;foundation@physiotherapy.ca.","og_url":"https:\/\/physiotherapy.ca\/fr\/liste-de-verification-pour-la-subvention-de-recherche-orthocanada-en-readaptation-du-cou-et-du-dos-et-en-stabilisation-du-tronc\/","og_site_name":"Canadian Physiotherapy Association","article_modified_time":"2025-08-27T14:16:10+00:00","twitter_card":"summary_large_image","twitter_misc":{"Est. reading time":"2 minutes"},"schema":{"@context":"https:\/\/schema.org","@graph":[{"@type":"WebPage","@id":"https:\/\/physiotherapy.ca\/fr\/liste-de-verification-pour-la-subvention-de-recherche-orthocanada-en-readaptation-du-cou-et-du-dos-et-en-stabilisation-du-tronc\/","url":"https:\/\/physiotherapy.ca\/fr\/liste-de-verification-pour-la-subvention-de-recherche-orthocanada-en-readaptation-du-cou-et-du-dos-et-en-stabilisation-du-tronc\/","name":"Liste de v\u00e9rification pour la bourse de la division des neurosciences\u00a0 - Canadian Physiotherapy Association","isPartOf":{"@id":"https:\/\/physiotherapy.ca\/#website"},"datePublished":"2023-01-13T17:53:16+00:00","dateModified":"2025-08-27T14:16:10+00:00","breadcrumb":{"@id":"https:\/\/physiotherapy.ca\/fr\/liste-de-verification-pour-la-subvention-de-recherche-orthocanada-en-readaptation-du-cou-et-du-dos-et-en-stabilisation-du-tronc\/#breadcrumb"},"inLanguage":"fr-FR","potentialAction":[{"@type":"ReadAction","target":["https:\/\/physiotherapy.ca\/fr\/liste-de-verification-pour-la-subvention-de-recherche-orthocanada-en-readaptation-du-cou-et-du-dos-et-en-stabilisation-du-tronc\/"]}]},{"@type":"BreadcrumbList","@id":"https:\/\/physiotherapy.ca\/fr\/liste-de-verification-pour-la-subvention-de-recherche-orthocanada-en-readaptation-du-cou-et-du-dos-et-en-stabilisation-du-tronc\/#breadcrumb","itemListElement":[{"@type":"ListItem","position":1,"name":"Home","item":"https:\/\/physiotherapy.ca\/fr\/"},{"@type":"ListItem","position":2,"name":"Liste de v\u00e9rification pour la bourse de la division des neurosciences\u00a0"}]},{"@type":"WebSite","@id":"https:\/\/physiotherapy.ca\/#website","url":"https:\/\/physiotherapy.ca\/","name":"Canadian Physiotherapy Association","description":"The Canadian Physiotherapy Association (CPA) represents over 16,000 physiotherapy professionals and students across Canada.","potentialAction":[{"@type":"SearchAction","target":{"@type":"EntryPoint","urlTemplate":"https:\/\/physiotherapy.ca\/?s={search_term_string}"},"query-input":{"@type":"PropertyValueSpecification","valueRequired":true,"valueName":"search_term_string"}}],"inLanguage":"fr-FR"}]}},"_links":{"self":[{"href":"https:\/\/physiotherapy.ca\/fr\/wp-json\/wp\/v2\/pages\/88254","targetHints":{"allow":["GET"]}}],"collection":[{"href":"https:\/\/physiotherapy.ca\/fr\/wp-json\/wp\/v2\/pages"}],"about":[{"href":"https:\/\/physiotherapy.ca\/fr\/wp-json\/wp\/v2\/types\/page"}],"author":[{"embeddable":true,"href":"https:\/\/physiotherapy.ca\/fr\/wp-json\/wp\/v2\/users\/2792"}],"replies":[{"embeddable":true,"href":"https:\/\/physiotherapy.ca\/fr\/wp-json\/wp\/v2\/comments?post=88254"}],"version-history":[{"count":9,"href":"https:\/\/physiotherapy.ca\/fr\/wp-json\/wp\/v2\/pages\/88254\/revisions"}],"predecessor-version":[{"id":276904,"href":"https:\/\/physiotherapy.ca\/fr\/wp-json\/wp\/v2\/pages\/88254\/revisions\/276904"}],"wp:attachment":[{"href":"https:\/\/physiotherapy.ca\/fr\/wp-json\/wp\/v2\/media?parent=88254"}],"wp:term":[{"taxonomy":"topic","embeddable":true,"href":"https:\/\/physiotherapy.ca\/fr\/wp-json\/wp\/v2\/topic?post=88254"}],"curies":[{"name":"wp","href":"https:\/\/api.w.org\/{rel}","templated":true}]}}