{"id":88262,"date":"2023-01-13T13:39:30","date_gmt":"2023-01-13T18:39:30","guid":{"rendered":"https:\/\/physiotherapy.ca\/?page_id=88262"},"modified":"2024-02-02T15:45:25","modified_gmt":"2024-02-02T20:45:25","slug":"reglement-programme-de-subventions-2023-6","status":"publish","type":"page","link":"https:\/\/physiotherapy.ca\/fr\/reglement-programme-de-subventions-2023-6\/","title":{"rendered":"R\u00e8glement: Programme de subventions 2024"},"content":{"rendered":"\n<h3 class=\"wp-block-heading\">Subvention de recherche de la FPC pour l\u2019avenir de la physioth\u00e9rapie dans les soins de premi\u00e8re ligne)<\/h3>\n\n\n\n<p>Il s\u2019agit d\u2019une subvention de 12\u202f000\u202f$qui permet de financer principalement le lancement de projets pilotes ou de faisabilit\u00e9 qui sont ax\u00e9s sur le r\u00f4le de la physioth\u00e9rapie dans l\u2019avenir des soins de premi\u00e8re ligne.<\/p>\n\n\n\n<hr class=\"wp-block-separator has-alpha-channel-opacity\"\/>\n\n\n\n<h4 class=\"wp-block-heading\">R\u00e8glement<\/h4>\n\n\n\n<ol class=\"wp-block-list\">\n<li>Les subventions \u00e0 la recherche sont d\u00e9cern\u00e9es par la Fondation de physioth\u00e9rapie du Canada sur les conseils de son Comit\u00e9 des prix scientifiques (CPS). Le conseil d\u2019administration de la Fondation de physioth\u00e9rapie du Canada se r\u00e9serve le droit d\u2019accepter ou de refuser toute demande<\/li>\n\n\n\n<li>Les projets de recherche auront un objectif d\u00e9fini destin\u00e9 \u00e0 enrichir l\u2019art et la science de la physioth\u00e9rapie. Les subventions peuvent servir \u00e0 employer des assistants (techniques ou professionnels) ou des \u00e9tudiants stagiaires, \u00e0 r\u00e9mun\u00e9rer des conseillers professionnels, \u00e0 acheter du mat\u00e9riel et des fournitures, \u00e0 acheter et \u00e0 entretenir des \u00e9quipements et fournitures et \u00e0 couvrir des frais de d\u00e9placement li\u00e9s \u00e0 la recherche.<\/li>\n\n\n\n<li>Les subventions de recherche ne peuvent servir \u00e0 r\u00e9mun\u00e9rer les chercheurs qui dirigent le projet, ni \u00e0 couvrir aucuns frais de recherche indirects, souvent appel\u00e9s \u00ab frais g\u00e9n\u00e9raux \u00bb.<\/li>\n\n\n\n<li>Consid\u00e9rations d\u00e9ontologiques et confinement des biorisques en cas d\u2019exp\u00e9rimentation humaine et animale. Si la demande porte sur des exp\u00e9riences sur des humains, sur des travaux de recherche li\u00e9s \u00e0 la th\u00e9rapie g\u00e9nique somatique ou aux pathog\u00e8nes et cellules animales, les certificats ci-dessous doivent \u00eatre envoy\u00e9s au plus tard le 15\u202fmai\u202f2024 \u00e0 foundation@physiotherapy.ca.\n<ul class=\"wp-block-list\">\n<li>Certificat de d\u00e9ontologie s\u2019appliquant \u00e0 la recherche sur des humains (accompagn\u00e9 d\u2019une d\u00e9claration de consentement des sujets)<\/li>\n\n\n\n<li>Conditions de confinement (biorisques)<\/li>\n\n\n\n<li>Lettres de consentement des organismes collaborateurs (acc\u00e8s aux donn\u00e9es, patients).<\/li>\n\n\n\n<li>Certificat de soins des animaux. <\/li>\n<\/ul>\n<\/li>\n<\/ol>\n\n\n\n<p>Nous conseillons aux chercheurs qui ne sont pas associ\u00e9s avec une universit\u00e9 ou un h\u00f4pital et qui, de ce fait, n\u2019ont peut-\u00eatre pas directement acc\u00e8s \u00e0 un comit\u00e9 de r\u00e9vision<\/p>\n\n\n\n<p>d\u00e9ontologique d\u2019\u00e9tablir des rapports avec un comit\u00e9 de r\u00e9vision d\u00e9ontologique existant ou de constituer un tel comit\u00e9 conform\u00e9ment aux directives des Instituts de recherche en sant\u00e9 du Canada. Pour tout compl\u00e9ment d\u2019information, s\u2019adresser au Conseil canadien de protection des animaux (Ottawa) ou au Bureau de bios\u00e9curit\u00e9, Laboratoire de lutte contre la maladie, Direction g\u00e9n\u00e9rale de la protection de la sant\u00e9, Sant\u00e9 Canada (Ottawa).<\/p>\n\n\n\n<h4 class=\"wp-block-heading\">Objet<\/h4>\n\n\n\n<ol class=\"wp-block-list\">\n<li>Voir l\u2019Annexe 1 \u00e0 la fin du r\u00e8glement pour conna\u00eetre les d\u00e9tails.<\/li>\n\n\n\n<li>Seuls les projets ayant un rapport direct avec le domaine de la physioth\u00e9rapie seront pris en consid\u00e9ration. Les projets de recherche susceptibles de faire b\u00e9n\u00e9ficier au maximum la pratique de la physioth\u00e9rapie et l\u2019ensemble de la soci\u00e9t\u00e9 sont privil\u00e9gi\u00e9s. Les sujets \u00e9sot\u00e9riques, la recherche portant sur des maladies ou affections rares ainsi que les demandes de mise de fonds initiale figurent plus bas sur la liste de priorit\u00e9s.<\/li>\n<\/ol>\n\n\n\n<h4 class=\"wp-block-heading\">Lignes directrices<\/h4>\n\n\n\n<ol class=\"wp-block-list\">\n<li>Quand la demande \u00e9mane de plus d\u2019une personne, le nom d\u2019un physioth\u00e9rapeute doit figurer comme chercheur principal ou chercheur adjoint.<\/li>\n\n\n\n<li>Les subventions \u00e0 la recherche couvrent normalement une ann\u00e9e, allant du 1er juillet au 30 juin. Si vos travaux de recherche peuvent b\u00e9n\u00e9ficier d\u2019un d\u00e9lai suppl\u00e9mentaire, nous pouvons consid\u00e9rer une extension allant jusqu\u2019\u00e0 trois mois, pour une dur\u00e9e totale maximale de 15\u202fmois. Veuillez fournir une justification si vous estimez avoir besoin de cette p\u00e9riode suppl\u00e9mentaire.<\/li>\n\n\n\n<li>Les subventions \u00e0 la recherche ne sont pas destin\u00e9es \u00e0 couvrir l\u2019ensemble du co\u00fbt de la recherche pour laquelle elles sont accord\u00e9es. Au contraire, la fourniture d\u2019espace et d\u2019am\u00e9nagements \u00e9l\u00e9mentaires par l\u2019\u00e9tablissement d\u2019appartenance est une condition pr\u00e9alable.<\/li>\n<\/ol>\n\n\n\n<h4 class=\"wp-block-heading\">Admissibilit\u00e9<\/h4>\n\n\n\n<ol class=\"wp-block-list\">\n<li>Les subventions \u00e0 la recherche sont ouvertes aux personnes qui poss\u00e8dent un dipl\u00f4me en physioth\u00e9rapie et qui sont citoyens canadiens, immigrants re\u00e7us ou r\u00e9sidents au Canada (pendant la dur\u00e9e de la subvention) munis d\u2019un permis de travail ou d\u2019\u00e9tudes valable. Le chercheur principal doit \u00eatre membre de l\u2019ACP. Si vous n\u2019\u00eates pas membre, veuillez vous diriger vers la page https:\/\/physiotherapy.ca\/fr\/membership-fr\/devenir-membre\/.<\/li>\n<\/ol>\n\n\n\n<h4 class=\"wp-block-heading\">Obligations des b\u00e9n\u00e9ficiaires<\/h4>\n\n\n\n<ol class=\"wp-block-list\">\n<li>Le chercheur soumettra un rapport final sur le travail accompli au cours de la p\u00e9riode couverte par la subvention au plus tard six mois apr\u00e8s cette p\u00e9riode. Les chercheurs qui ne se conforment pas \u00e0 cette condition seront par la suite inadmissibles \u00e0 de futures aides financi\u00e8res de la Fondation de physioth\u00e9rapie du Canada ainsi qu\u2019aux prix qu\u2019elle administre.<\/li>\n\n\n\n<li>On s\u2019attend \u00e0 ce que la recherche culmine avec la publication d\u2019articles \u00e9valu\u00e9s par les pairs ou avec une pr\u00e9sentation lors d\u2019un congr\u00e8s national ou international, ou encore avec une autre demande de financement faite \u00e0 un organisme national ou f\u00e9d\u00e9ral. Une copie d\u2019une telle publication doit \u00eatre envoy\u00e9e \u00e0 la Fondation de physioth\u00e9rapie du Canada. Toute publication d\u00e9coulant d\u2019une recherche financ\u00e9e par la Fondation de physioth\u00e9rapie du Canada ou une subvention administr\u00e9e par la Fondation de physioth\u00e9rapie du Canada doit inclure le libell\u00e9 suivant :<br><br><em>\u00ab Recherche financ\u00e9e par la Subvention de recherche de la Fondation de physioth\u00e9rapie du Canada. \u00bb<\/em><\/li>\n<\/ol>\n\n\n\n<h4 class=\"wp-block-heading\">Demande<\/h4>\n\n\n\n<ol class=\"wp-block-list\">\n<li>Les demandes sont accept\u00e9es uniquement EN LIGNE, sur la plateforme EventsAir, et doivent avoir \u00e9t\u00e9 re\u00e7ues au plus tard le 15 mars 202 \u00e0 23 h 59 (HE). La d\u00e9cision sera pr\u00e9sent\u00e9e par \u00e9crit, en mai 2024. Le versement des subventions d\u00e9bute en juin.<\/li>\n\n\n\n<li>Les pi\u00e8ces jointes doivent \u00eatre r\u00e9dig\u00e9es \u00e0 simple interligne, avec une police d\u2019au moins 11 points. Utilisez des traits noirs nets pour les illustrations.<\/li>\n\n\n\n<li>Nous vous prions de r\u00e9diger votre demande de telle mani\u00e8re qu\u2019elle puisse \u00eatre lue et comprise de fa\u00e7on g\u00e9n\u00e9rale sans que le lecteur ait \u00e0 se reporter aux r\u00e9f\u00e9rences qui peuvent \u00eatre fournies en annexe.<\/li>\n\n\n\n<li>Nous vous prions de r\u00e9diger votre demande de telle mani\u00e8re qu\u2019elle puisse \u00eatre lue et comprise de fa\u00e7on g\u00e9n\u00e9rale sans que le lecteur ait \u00e0 se reporter aux r\u00e9f\u00e9rences qui peuvent \u00eatre fournies en annexe.<\/li>\n\n\n\n<li>Le demandeur d\u00e9montrera que le projet propos\u00e9 en est un de recherche originale, qui permettra de faire progresser les connaissances et la compr\u00e9hension de la physioth\u00e9rapie en r\u00e9adaptation du cou et du dos et en stabilisation du tronc<\/li>\n\n\n\n<li>La demande de financement peut \u00eatre pr\u00e9sent\u00e9e dans l\u2019une ou l\u2019autre des langues officielles.<\/li>\n<\/ol>\n\n\n\n<h4 class=\"wp-block-heading\">Processus d\u2019\u00e9valuation<\/h4>\n\n\n\n<ol class=\"wp-block-list\">\n<li>Chaque demande sera \u00e9valu\u00e9e par le Comit\u00e9 des prix scientifiques (CPS) \u00e0 la lumi\u00e8re des priorit\u00e9s de recherche \u00e9tablies par la Fondation de physioth\u00e9rapie du Canada et pour chaque prix. Elle sera consid\u00e9r\u00e9e du point de vue de son m\u00e9rite scientifique et de son budget dans le cadre des r\u00e8gles pr\u00e9cit\u00e9es. Un bar\u00e8me de notation combin\u00e9 sera appliqu\u00e9 \u00e0 chaque projet pour tenir compte des crit\u00e8res d\u00e9finis ci-dessus et le financement des projets ayant la meilleure note combin\u00e9e sera recommand\u00e9 au regard des crit\u00e8res particuliers de chaque prix.<\/li>\n\n\n\n<li>Sur demande, les opinions et recommandations consign\u00e9es par \u00e9crit des \u00e9valuateurs seront divulgu\u00e9es aux demandeurs. Toutefois, les \u00e9valuateurs gardent le droit \u00e0 l\u2019anonymat.<\/li>\n<\/ol>\n\n\n\n<h4 class=\"wp-block-heading\">Administration financi\u00e8re<\/h4>\n\n\n\n<ol class=\"wp-block-list\">\n<li>Lorsque la demande de subvention \u00e0 la recherche est accept\u00e9e, la Fondation de physioth\u00e9rapie du Canada effectue des paiements en fiducie au b\u00e9n\u00e9fice du projet, et ceci aux soins de l\u2019agent financier d\u00e9sign\u00e9 de l\u2019\u00e9tablissement qui parraine la recherche. Les subventions sont vers\u00e9es dans leur int\u00e9gralit\u00e9 au d\u00e9but de la p\u00e9riode couvrant la subvention.<\/li>\n\n\n\n<li>Le montant de la subvention est fonction de l\u2019approbation, int\u00e9grale ou partielle, du montant estim\u00e9 par le demandeur de ses d\u00e9penses de recherche au titre des rubriques \u00ab Personnel \u00bb, \u00ab \u00c9quipement \u00bb, \u00ab Fournitures \u00bb et \u00ab Autres d\u00e9penses \u00bb. Si le chercheur n\u2019est pas strictement tenu d\u2019adh\u00e9rer \u00e0 la r\u00e9partition des fonds propos\u00e9e dans la demande, la FPC doit \u00eatre inform\u00e9e de toute nouvelle pond\u00e9ration des postes de d\u00e9penses sup\u00e9rieure \u00e0 10 % de la subvention.<\/li>\n\n\n\n<li>Le chercheur fournira un compte d\u00e9taill\u00e9 \u00e0 la Fondation de physioth\u00e9rapie du Canada des re\u00e7us et d\u00e9bours \u00e0 l\u2019issue de la p\u00e9riode de 12 mois couverte par la subvention. En principe, un compte fourni par l\u2019agent financier d\u00e9sign\u00e9 de l\u2019\u00e9tablissement qui parraine la recherche suffit. Ce compte doit \u00eatre ventil\u00e9 sous les rubriques \u00ab Personnel \u00bb, \u00ab \u00c9quipement \u00bb, \u00ab Fournitures \u00bb et \u00ab Autres d\u00e9penses \u00bb.<\/li>\n\n\n\n<li>Les fonds non employ\u00e9s au cours de la p\u00e9riode couverte par la subvention seront retourn\u00e9s \u00e0 la Fondation de physioth\u00e9rapie du Canada, \u00e0 moins que le b\u00e9n\u00e9ficiaire ne puisse prouver que ces fonds sont essentiels pour terminer le projet financ\u00e9.<\/li>\n\n\n\n<li>Le mat\u00e9riel achet\u00e9 \u00e0 l\u2019aide du financement appartiendra \u00e0 l\u2019\u00e9tablissement qui a parrain\u00e9 le projet \u00e0 l\u2019issue du projet, si cet \u00e9tablissement est une universit\u00e9 ou un h\u00f4pital public. Dans tous les autres cas, ce mat\u00e9riel reste la propri\u00e9t\u00e9 de la Fondation de physioth\u00e9rapie du Canada. Apr\u00e8s avoir consult\u00e9 le chercheur et le CPS, la Fondation de physioth\u00e9rapie du Canada d\u00e9terminera le sort du mat\u00e9riel \u00e0 la fin de la p\u00e9riode de subvention.<\/li>\n<\/ol>\n\n\n\n<h3 class=\"wp-block-heading\">ANNEXE 1<\/h3>\n\n\n\n<h4 class=\"wp-block-heading\">Domaines de recherche financ\u00e9s<\/h4>\n\n\n\n<p>En raison de la modicit\u00e9 des fonds, la FPC s\u2019int\u00e9resse principalement au financement des projets pilotes ou de faisabilit\u00e9 dans l\u2019un des domaines suivants, en lien avec le r\u00f4le de la physioth\u00e9rapie dans l\u2019avenir des soins de premi\u00e8re ligne\u202f: <\/p>\n\n\n\n<p><strong>Recherche fondamentale<\/strong><\/p>\n\n\n\n<p>Recherche au niveau cellulaire d\u00e9crivant les m\u00e9canismes biologiques et leurs interactions. Ce genre de recherche peut \u00eatre men\u00e9 dans des laboratoires sur des \u00e9chantillons de tissus, des animaux ou des sujets humains. Au cours de tels travaux de recherche, des hypoth\u00e8ses peuvent \u00eatre formul\u00e9es qui justifient d\u2019autres \u00e9tudes cliniques (recherche clinique).<\/p>\n\n\n\n<p><strong>Recherche pr\u00e9visionnelle<\/strong><\/p>\n\n\n\n<p>Recherche entreprise pour d\u00e9crire les aspects du changement manifest\u00e9s par une population; pour fournir des profils de changement dans le temps; pour identifier des caract\u00e9ristiques pertinentes de signification pronostique.<\/p>\n\n\n\n<p><strong>Recherche clinique<\/strong><\/p>\n\n\n\n<p>Recherche sur des sujets humains pour d\u00e9terminer la cause d\u2019affections ou pour tester l\u2019efficacit\u00e9 ou l\u2019efficience de m\u00e9thodes de traitement. Les hypoth\u00e8ses mises \u00e0 l\u2019essai peuvent soit r\u00e9sulter de recherches fondamentales ou pr\u00e9visionnelles, soit se rapporter \u00e0 des m\u00e9thodes de traitement courantes ou nouvelles.<\/p>\n\n\n\n<p><strong>Recherche sur les soins de sant\u00e9<\/strong><\/p>\n\n\n\n<p>Recherche pour \u00e9tudier les effets de diff\u00e9rents programmes de traitement sur des groupes. Il peut s\u2019agir de la qualit\u00e9 des soins, des cat\u00e9gories sp\u00e9ciales de prestataires (physioth\u00e9rapeutes par rapport aux m\u00e9decins), de milieux donn\u00e9s (clinique par rapport \u00e0 h\u00f4pital) ou de strat\u00e9gies de pr\u00e9vention efficaces.<\/p>\n\n\n\n<p><strong>Conception et validation d\u2019instruments<\/strong><\/p>\n\n\n\n<p>Recherche concernant l\u2019\u00e9laboration et l\u2019\u00e9valuation des techniques de mesure \u00e0 employer lors de traitements cliniques ainsi que les travaux de recherche fondamentale, clinique ou sur les soins de sant\u00e9. Les crit\u00e8res d\u2019\u00e9valuation peuvent se rapporter \u00e0 un ou \u00e0 plusieurs des facteurs suivants : objectivit\u00e9, sensibilit\u00e9, fiabilit\u00e9, reproductibilit\u00e9, adaptabilit\u00e9, portabilit\u00e9, simplicit\u00e9 ou co\u00fbt.<\/p>\n","protected":false},"excerpt":{"rendered":"<p>Subvention de recherche de la FPC pour l\u2019avenir de la physioth\u00e9rapie dans les soins de premi\u00e8re ligne) Il s\u2019agit d\u2019une subvention de 12\u202f000\u202f$qui permet de financer principalement le lancement de projets pilotes ou de faisabilit\u00e9 qui sont ax\u00e9s sur le [&hellip;]<\/p>\n","protected":false},"author":2792,"featured_media":0,"parent":0,"menu_order":0,"comment_status":"closed","ping_status":"closed","template":"","meta":{"inline_featured_image":false,"ep_exclude_from_search":false,"footnotes":""},"topic":[],"class_list":["post-88262","page","type-page","status-publish","hentry"],"acf":[],"yoast_head":"<!-- This site is optimized with the Yoast SEO plugin v24.7 - https:\/\/yoast.com\/wordpress\/plugins\/seo\/ -->\n<title>R\u00e8glement: Programme de subventions 2024 - Canadian Physiotherapy Association<\/title>\n<meta name=\"robots\" content=\"index, follow, max-snippet:-1, max-image-preview:large, max-video-preview:-1\" \/>\n<link rel=\"canonical\" href=\"https:\/\/physiotherapy.ca\/fr\/reglement-programme-de-subventions-2023-6\/\" \/>\n<meta property=\"og:locale\" content=\"fr_FR\" \/>\n<meta property=\"og:type\" content=\"article\" \/>\n<meta property=\"og:title\" content=\"R\u00e8glement: Programme de subventions 2024 - Canadian Physiotherapy Association\" \/>\n<meta property=\"og:description\" content=\"Subvention de recherche de la FPC pour l\u2019avenir de la physioth\u00e9rapie dans les soins de premi\u00e8re ligne) Il s\u2019agit d\u2019une subvention de 12\u202f000\u202f$qui permet de financer principalement le lancement de projets pilotes ou de faisabilit\u00e9 qui sont ax\u00e9s sur le [&hellip;]\" \/>\n<meta property=\"og:url\" content=\"https:\/\/physiotherapy.ca\/fr\/reglement-programme-de-subventions-2023-6\/\" \/>\n<meta property=\"og:site_name\" content=\"Canadian Physiotherapy Association\" \/>\n<meta property=\"article:modified_time\" content=\"2024-02-02T20:45:25+00:00\" \/>\n<meta name=\"twitter:card\" content=\"summary_large_image\" \/>\n<meta name=\"twitter:label1\" content=\"Est. reading time\" \/>\n\t<meta name=\"twitter:data1\" content=\"8 minutes\" \/>\n<script type=\"application\/ld+json\" class=\"yoast-schema-graph\">{\"@context\":\"https:\/\/schema.org\",\"@graph\":[{\"@type\":\"WebPage\",\"@id\":\"https:\/\/physiotherapy.ca\/fr\/reglement-programme-de-subventions-2023-6\/\",\"url\":\"https:\/\/physiotherapy.ca\/fr\/reglement-programme-de-subventions-2023-6\/\",\"name\":\"R\u00e8glement: Programme de subventions 2024 - Canadian Physiotherapy Association\",\"isPartOf\":{\"@id\":\"https:\/\/physiotherapy.ca\/#website\"},\"datePublished\":\"2023-01-13T18:39:30+00:00\",\"dateModified\":\"2024-02-02T20:45:25+00:00\",\"breadcrumb\":{\"@id\":\"https:\/\/physiotherapy.ca\/fr\/reglement-programme-de-subventions-2023-6\/#breadcrumb\"},\"inLanguage\":\"fr-FR\",\"potentialAction\":[{\"@type\":\"ReadAction\",\"target\":[\"https:\/\/physiotherapy.ca\/fr\/reglement-programme-de-subventions-2023-6\/\"]}]},{\"@type\":\"BreadcrumbList\",\"@id\":\"https:\/\/physiotherapy.ca\/fr\/reglement-programme-de-subventions-2023-6\/#breadcrumb\",\"itemListElement\":[{\"@type\":\"ListItem\",\"position\":1,\"name\":\"Home\",\"item\":\"https:\/\/physiotherapy.ca\/fr\/\"},{\"@type\":\"ListItem\",\"position\":2,\"name\":\"R\u00e8glement: Programme de subventions 2024\"}]},{\"@type\":\"WebSite\",\"@id\":\"https:\/\/physiotherapy.ca\/#website\",\"url\":\"https:\/\/physiotherapy.ca\/\",\"name\":\"Canadian Physiotherapy Association\",\"description\":\"The Canadian Physiotherapy Association (CPA) represents over 16,000 physiotherapy professionals and students across Canada.\",\"potentialAction\":[{\"@type\":\"SearchAction\",\"target\":{\"@type\":\"EntryPoint\",\"urlTemplate\":\"https:\/\/physiotherapy.ca\/?s={search_term_string}\"},\"query-input\":{\"@type\":\"PropertyValueSpecification\",\"valueRequired\":true,\"valueName\":\"search_term_string\"}}],\"inLanguage\":\"fr-FR\"}]}<\/script>\n<!-- \/ Yoast SEO plugin. -->","yoast_head_json":{"title":"R\u00e8glement: Programme de subventions 2024 - Canadian Physiotherapy Association","robots":{"index":"index","follow":"follow","max-snippet":"max-snippet:-1","max-image-preview":"max-image-preview:large","max-video-preview":"max-video-preview:-1"},"canonical":"https:\/\/physiotherapy.ca\/fr\/reglement-programme-de-subventions-2023-6\/","og_locale":"fr_FR","og_type":"article","og_title":"R\u00e8glement: Programme de subventions 2024 - Canadian Physiotherapy Association","og_description":"Subvention de recherche de la FPC pour l\u2019avenir de la physioth\u00e9rapie dans les soins de premi\u00e8re ligne) Il s\u2019agit d\u2019une subvention de 12\u202f000\u202f$qui permet de financer principalement le lancement de projets pilotes ou de faisabilit\u00e9 qui sont ax\u00e9s sur le [&hellip;]","og_url":"https:\/\/physiotherapy.ca\/fr\/reglement-programme-de-subventions-2023-6\/","og_site_name":"Canadian Physiotherapy Association","article_modified_time":"2024-02-02T20:45:25+00:00","twitter_card":"summary_large_image","twitter_misc":{"Est. reading time":"8 minutes"},"schema":{"@context":"https:\/\/schema.org","@graph":[{"@type":"WebPage","@id":"https:\/\/physiotherapy.ca\/fr\/reglement-programme-de-subventions-2023-6\/","url":"https:\/\/physiotherapy.ca\/fr\/reglement-programme-de-subventions-2023-6\/","name":"R\u00e8glement: Programme de subventions 2024 - Canadian Physiotherapy Association","isPartOf":{"@id":"https:\/\/physiotherapy.ca\/#website"},"datePublished":"2023-01-13T18:39:30+00:00","dateModified":"2024-02-02T20:45:25+00:00","breadcrumb":{"@id":"https:\/\/physiotherapy.ca\/fr\/reglement-programme-de-subventions-2023-6\/#breadcrumb"},"inLanguage":"fr-FR","potentialAction":[{"@type":"ReadAction","target":["https:\/\/physiotherapy.ca\/fr\/reglement-programme-de-subventions-2023-6\/"]}]},{"@type":"BreadcrumbList","@id":"https:\/\/physiotherapy.ca\/fr\/reglement-programme-de-subventions-2023-6\/#breadcrumb","itemListElement":[{"@type":"ListItem","position":1,"name":"Home","item":"https:\/\/physiotherapy.ca\/fr\/"},{"@type":"ListItem","position":2,"name":"R\u00e8glement: Programme de subventions 2024"}]},{"@type":"WebSite","@id":"https:\/\/physiotherapy.ca\/#website","url":"https:\/\/physiotherapy.ca\/","name":"Canadian Physiotherapy Association","description":"The Canadian Physiotherapy Association (CPA) represents over 16,000 physiotherapy professionals and students across Canada.","potentialAction":[{"@type":"SearchAction","target":{"@type":"EntryPoint","urlTemplate":"https:\/\/physiotherapy.ca\/?s={search_term_string}"},"query-input":{"@type":"PropertyValueSpecification","valueRequired":true,"valueName":"search_term_string"}}],"inLanguage":"fr-FR"}]}},"_links":{"self":[{"href":"https:\/\/physiotherapy.ca\/fr\/wp-json\/wp\/v2\/pages\/88262","targetHints":{"allow":["GET"]}}],"collection":[{"href":"https:\/\/physiotherapy.ca\/fr\/wp-json\/wp\/v2\/pages"}],"about":[{"href":"https:\/\/physiotherapy.ca\/fr\/wp-json\/wp\/v2\/types\/page"}],"author":[{"embeddable":true,"href":"https:\/\/physiotherapy.ca\/fr\/wp-json\/wp\/v2\/users\/2792"}],"replies":[{"embeddable":true,"href":"https:\/\/physiotherapy.ca\/fr\/wp-json\/wp\/v2\/comments?post=88262"}],"version-history":[{"count":6,"href":"https:\/\/physiotherapy.ca\/fr\/wp-json\/wp\/v2\/pages\/88262\/revisions"}],"predecessor-version":[{"id":179669,"href":"https:\/\/physiotherapy.ca\/fr\/wp-json\/wp\/v2\/pages\/88262\/revisions\/179669"}],"wp:attachment":[{"href":"https:\/\/physiotherapy.ca\/fr\/wp-json\/wp\/v2\/media?parent=88262"}],"wp:term":[{"taxonomy":"topic","embeddable":true,"href":"https:\/\/physiotherapy.ca\/fr\/wp-json\/wp\/v2\/topic?post=88262"}],"curies":[{"name":"wp","href":"https:\/\/api.w.org\/{rel}","templated":true}]}}