{"id":88274,"date":"2023-01-13T13:51:56","date_gmt":"2023-01-13T18:51:56","guid":{"rendered":"https:\/\/physiotherapy.ca\/?page_id=88274"},"modified":"2025-08-15T16:27:14","modified_gmt":"2025-08-15T20:27:14","slug":"bourse-du-fonds-commemoratif-constance-beattie","status":"publish","type":"page","link":"https:\/\/physiotherapy.ca\/fr\/bourse-du-fonds-commemoratif-constance-beattie\/","title":{"rendered":"R\u00e8glement: Programme de subventions 2025"},"content":{"rendered":"\n<h3 class=\"wp-block-heading\">Bourse du Fonds comm\u00e9moratif Constance Beattie<\/h3>\n\n\n\n<p>Le Fonds comm\u00e9moratif Constance Beattie a \u00e9t\u00e9 cr\u00e9\u00e9 en 1949 par l\u2019ACP en l\u2019honneur de celle qui lui a donn\u00e9 son nom, d\u00e9c\u00e9d\u00e9e dans un \u00e9crasement d\u2019avion \u00e0 24 ans alors qu\u2019elle se consacrait \u00e0 la physioth\u00e9rapie dans le Nord canadien. Depuis 1997, la Fondation de physioth\u00e9rapie du Canada (FPC) administre le Fonds et la bourse remise annuellement. Selon les fonds disponibles, des bourses sont offertes aux demandeurs choisis pour financer leur inscription \u00e0 des cours de formation continue qui leur permettent de faire \u00e9voluer leur carri\u00e8re.<\/p>\n\n\n\n<hr class=\"wp-block-separator has-alpha-channel-opacity\"\/>\n\n\n\n<h4 class=\"wp-block-heading\">R\u00e8glement<\/h4>\n\n\n\n<ol class=\"wp-block-list\">\n<li>Seuls les membres en r\u00e8gle de l\u2019Association canadienne de physioth\u00e9rapie (ACP) peuvent soumettre une demande.<\/li>\n\n\n\n<li>Les bourses sont ouvertes aux citoyens canadiens, immigrants re\u00e7us ou r\u00e9sidents au Canada munis d\u2019un permis de travail ou d\u2019\u00e9tudes valable.<\/li>\n\n\n\n<li>La demande doit avoir trait \u00e0 un seul cours de formation continue qui :\n<ul class=\"wp-block-list\">\n<li>s\u2019appuie solidement sur les meilleures donn\u00e9es probantes;<\/li>\n\n\n\n<li>a une dur\u00e9e minimale de deux jours ou 14 heures;<\/li>\n\n\n\n<li>ne s\u2019inscrit pas dans un programme universitaire de premier, deuxi\u00e8me ou troisi\u00e8me cycle;<\/li>\n\n\n\n<li>est r\u00e9alis\u00e9 \u00e0 temps plein, \u00e0 temps partiel, ou \u00e0 distance;<\/li>\n\n\n\n<li>a \u00e9t\u00e9 r\u00e9ussi en date du d\u00e9p\u00f4t de la demande.<\/li>\n<\/ul>\n<\/li>\n\n\n\n<li>Le demandeur doit inclure :\n<ul class=\"wp-block-list\">\n<li>une preuve de r\u00e9ussite de la formation;<\/li>\n\n\n\n<li>la description ou le plan de cours de la formation, sa dur\u00e9e;<\/li>\n\n\n\n<li>une br\u00e8ve description et une justification, si la description de la formation ne suffit pas \u00e0 expliquer les donn\u00e9es probantes sur lesquelles elle s\u2019appuie;<\/li>\n\n\n\n<li>une description de la fa\u00e7on dont les connaissances acquises seront transmises \u00e0 d\u2019autres ou appliqu\u00e9es en milieu clinique pour influencer le milieu de la physioth\u00e9rapie (max. 250 mots);<\/li>\n\n\n\n<li>tout autre financement re\u00e7u pour participer au cours;<\/li>\n\n\n\n<li>une liste d\u00e9taill\u00e9e des d\u00e9penses : frais d\u2019inscription, d\u00e9placements et h\u00e9bergement.<\/li>\n<\/ul>\n<\/li>\n<\/ol>\n\n\n\n<h4 class=\"wp-block-heading\">Demande<\/h4>\n\n\n\n<ol class=\"wp-block-list\">\n<li>Les demandes sont accept\u00e9es uniquement EN LIGNE et doivent avoir \u00e9t\u00e9 re\u00e7ues par la Fondation de physioth\u00e9rapie du Canada au plus tard le 3 octobre 2025 \u00e0 23 h 59 (HE). Les candidats doivent soumettre leur demande sur la plateforme en ligne EventsAir. La d\u00e9cision sera pr\u00e9sent\u00e9e par \u00e9crit, en novembre, et le versement des subventions d\u00e9butera en d\u00e9cembre.\u00a0<\/li>\n\n\n\n<li>Chaque demande sera \u00e9valu\u00e9e par le Comit\u00e9 des prix scientifiques (CPS) de la Fondation de physioth\u00e9rapie du Canada ou son repr\u00e9sentant, et la d\u00e9cision finale appartient au conseil d\u2019administration de la FPC. Les membres des comit\u00e9s de la FPC peuvent pr\u00e9senter une demande, mais ne peuvent intervenir dans le processus de d\u00e9cision ni dans la d\u00e9termination de la suite donn\u00e9e aux demandes.<\/li>\n\n\n\n<li>Le processus d\u00e9cisionnel est uniquement fond\u00e9 sur les renseignements fournis dans la demande. La FPC ne fera pas de recherches suppl\u00e9mentaires.<\/li>\n\n\n\n<li>La demande de financement peut \u00eatre pr\u00e9sent\u00e9e dans l\u2019une ou l\u2019autre des langues officielles.<\/li>\n<\/ol>\n","protected":false},"excerpt":{"rendered":"<p>Bourse du Fonds comm\u00e9moratif Constance Beattie Le Fonds comm\u00e9moratif Constance Beattie a \u00e9t\u00e9 cr\u00e9\u00e9 en 1949 par l\u2019ACP en l\u2019honneur de celle qui lui a donn\u00e9 son nom, d\u00e9c\u00e9d\u00e9e dans un \u00e9crasement d\u2019avion \u00e0 24 ans alors qu\u2019elle se consacrait [&hellip;]<\/p>\n","protected":false},"author":2792,"featured_media":0,"parent":0,"menu_order":0,"comment_status":"closed","ping_status":"closed","template":"","meta":{"inline_featured_image":false,"ep_exclude_from_search":false,"footnotes":""},"topic":[],"class_list":["post-88274","page","type-page","status-publish","hentry"],"acf":[],"yoast_head":"<!-- This site is optimized with the Yoast SEO plugin v24.7 - https:\/\/yoast.com\/wordpress\/plugins\/seo\/ -->\n<title>R\u00e8glement: Programme de subventions 2025 - Canadian Physiotherapy Association<\/title>\n<meta name=\"robots\" content=\"index, follow, max-snippet:-1, max-image-preview:large, max-video-preview:-1\" \/>\n<link rel=\"canonical\" href=\"https:\/\/physiotherapy.ca\/fr\/bourse-du-fonds-commemoratif-constance-beattie\/\" \/>\n<meta property=\"og:locale\" content=\"fr_FR\" \/>\n<meta property=\"og:type\" content=\"article\" \/>\n<meta property=\"og:title\" content=\"R\u00e8glement: Programme de subventions 2025 - Canadian Physiotherapy Association\" \/>\n<meta property=\"og:description\" content=\"Bourse du Fonds comm\u00e9moratif Constance Beattie Le Fonds comm\u00e9moratif Constance Beattie a \u00e9t\u00e9 cr\u00e9\u00e9 en 1949 par l\u2019ACP en l\u2019honneur de celle qui lui a donn\u00e9 son nom, d\u00e9c\u00e9d\u00e9e dans un \u00e9crasement d\u2019avion \u00e0 24 ans alors qu\u2019elle se consacrait [&hellip;]\" \/>\n<meta property=\"og:url\" content=\"https:\/\/physiotherapy.ca\/fr\/bourse-du-fonds-commemoratif-constance-beattie\/\" \/>\n<meta property=\"og:site_name\" content=\"Canadian Physiotherapy Association\" \/>\n<meta property=\"article:modified_time\" content=\"2025-08-15T20:27:14+00:00\" \/>\n<meta name=\"twitter:card\" content=\"summary_large_image\" \/>\n<meta name=\"twitter:label1\" content=\"Est. reading time\" \/>\n\t<meta name=\"twitter:data1\" content=\"2 minutes\" \/>\n<script type=\"application\/ld+json\" class=\"yoast-schema-graph\">{\"@context\":\"https:\/\/schema.org\",\"@graph\":[{\"@type\":\"WebPage\",\"@id\":\"https:\/\/physiotherapy.ca\/fr\/bourse-du-fonds-commemoratif-constance-beattie\/\",\"url\":\"https:\/\/physiotherapy.ca\/fr\/bourse-du-fonds-commemoratif-constance-beattie\/\",\"name\":\"R\u00e8glement: Programme de subventions 2025 - Canadian Physiotherapy Association\",\"isPartOf\":{\"@id\":\"https:\/\/physiotherapy.ca\/#website\"},\"datePublished\":\"2023-01-13T18:51:56+00:00\",\"dateModified\":\"2025-08-15T20:27:14+00:00\",\"breadcrumb\":{\"@id\":\"https:\/\/physiotherapy.ca\/fr\/bourse-du-fonds-commemoratif-constance-beattie\/#breadcrumb\"},\"inLanguage\":\"fr-FR\",\"potentialAction\":[{\"@type\":\"ReadAction\",\"target\":[\"https:\/\/physiotherapy.ca\/fr\/bourse-du-fonds-commemoratif-constance-beattie\/\"]}]},{\"@type\":\"BreadcrumbList\",\"@id\":\"https:\/\/physiotherapy.ca\/fr\/bourse-du-fonds-commemoratif-constance-beattie\/#breadcrumb\",\"itemListElement\":[{\"@type\":\"ListItem\",\"position\":1,\"name\":\"Home\",\"item\":\"https:\/\/physiotherapy.ca\/fr\/\"},{\"@type\":\"ListItem\",\"position\":2,\"name\":\"R\u00e8glement: Programme de subventions 2025\"}]},{\"@type\":\"WebSite\",\"@id\":\"https:\/\/physiotherapy.ca\/#website\",\"url\":\"https:\/\/physiotherapy.ca\/\",\"name\":\"Canadian Physiotherapy Association\",\"description\":\"The Canadian Physiotherapy Association (CPA) represents over 16,000 physiotherapy professionals and students across Canada.\",\"potentialAction\":[{\"@type\":\"SearchAction\",\"target\":{\"@type\":\"EntryPoint\",\"urlTemplate\":\"https:\/\/physiotherapy.ca\/?s={search_term_string}\"},\"query-input\":{\"@type\":\"PropertyValueSpecification\",\"valueRequired\":true,\"valueName\":\"search_term_string\"}}],\"inLanguage\":\"fr-FR\"}]}<\/script>\n<!-- \/ Yoast SEO plugin. -->","yoast_head_json":{"title":"R\u00e8glement: Programme de subventions 2025 - Canadian Physiotherapy Association","robots":{"index":"index","follow":"follow","max-snippet":"max-snippet:-1","max-image-preview":"max-image-preview:large","max-video-preview":"max-video-preview:-1"},"canonical":"https:\/\/physiotherapy.ca\/fr\/bourse-du-fonds-commemoratif-constance-beattie\/","og_locale":"fr_FR","og_type":"article","og_title":"R\u00e8glement: Programme de subventions 2025 - Canadian Physiotherapy Association","og_description":"Bourse du Fonds comm\u00e9moratif Constance Beattie Le Fonds comm\u00e9moratif Constance Beattie a \u00e9t\u00e9 cr\u00e9\u00e9 en 1949 par l\u2019ACP en l\u2019honneur de celle qui lui a donn\u00e9 son nom, d\u00e9c\u00e9d\u00e9e dans un \u00e9crasement d\u2019avion \u00e0 24 ans alors qu\u2019elle se consacrait [&hellip;]","og_url":"https:\/\/physiotherapy.ca\/fr\/bourse-du-fonds-commemoratif-constance-beattie\/","og_site_name":"Canadian Physiotherapy Association","article_modified_time":"2025-08-15T20:27:14+00:00","twitter_card":"summary_large_image","twitter_misc":{"Est. reading time":"2 minutes"},"schema":{"@context":"https:\/\/schema.org","@graph":[{"@type":"WebPage","@id":"https:\/\/physiotherapy.ca\/fr\/bourse-du-fonds-commemoratif-constance-beattie\/","url":"https:\/\/physiotherapy.ca\/fr\/bourse-du-fonds-commemoratif-constance-beattie\/","name":"R\u00e8glement: Programme de subventions 2025 - Canadian Physiotherapy Association","isPartOf":{"@id":"https:\/\/physiotherapy.ca\/#website"},"datePublished":"2023-01-13T18:51:56+00:00","dateModified":"2025-08-15T20:27:14+00:00","breadcrumb":{"@id":"https:\/\/physiotherapy.ca\/fr\/bourse-du-fonds-commemoratif-constance-beattie\/#breadcrumb"},"inLanguage":"fr-FR","potentialAction":[{"@type":"ReadAction","target":["https:\/\/physiotherapy.ca\/fr\/bourse-du-fonds-commemoratif-constance-beattie\/"]}]},{"@type":"BreadcrumbList","@id":"https:\/\/physiotherapy.ca\/fr\/bourse-du-fonds-commemoratif-constance-beattie\/#breadcrumb","itemListElement":[{"@type":"ListItem","position":1,"name":"Home","item":"https:\/\/physiotherapy.ca\/fr\/"},{"@type":"ListItem","position":2,"name":"R\u00e8glement: Programme de subventions 2025"}]},{"@type":"WebSite","@id":"https:\/\/physiotherapy.ca\/#website","url":"https:\/\/physiotherapy.ca\/","name":"Canadian Physiotherapy Association","description":"The Canadian Physiotherapy Association (CPA) represents over 16,000 physiotherapy professionals and students across Canada.","potentialAction":[{"@type":"SearchAction","target":{"@type":"EntryPoint","urlTemplate":"https:\/\/physiotherapy.ca\/?s={search_term_string}"},"query-input":{"@type":"PropertyValueSpecification","valueRequired":true,"valueName":"search_term_string"}}],"inLanguage":"fr-FR"}]}},"_links":{"self":[{"href":"https:\/\/physiotherapy.ca\/fr\/wp-json\/wp\/v2\/pages\/88274","targetHints":{"allow":["GET"]}}],"collection":[{"href":"https:\/\/physiotherapy.ca\/fr\/wp-json\/wp\/v2\/pages"}],"about":[{"href":"https:\/\/physiotherapy.ca\/fr\/wp-json\/wp\/v2\/types\/page"}],"author":[{"embeddable":true,"href":"https:\/\/physiotherapy.ca\/fr\/wp-json\/wp\/v2\/users\/2792"}],"replies":[{"embeddable":true,"href":"https:\/\/physiotherapy.ca\/fr\/wp-json\/wp\/v2\/comments?post=88274"}],"version-history":[{"count":5,"href":"https:\/\/physiotherapy.ca\/fr\/wp-json\/wp\/v2\/pages\/88274\/revisions"}],"predecessor-version":[{"id":276008,"href":"https:\/\/physiotherapy.ca\/fr\/wp-json\/wp\/v2\/pages\/88274\/revisions\/276008"}],"wp:attachment":[{"href":"https:\/\/physiotherapy.ca\/fr\/wp-json\/wp\/v2\/media?parent=88274"}],"wp:term":[{"taxonomy":"topic","embeddable":true,"href":"https:\/\/physiotherapy.ca\/fr\/wp-json\/wp\/v2\/topic?post=88274"}],"curies":[{"name":"wp","href":"https:\/\/api.w.org\/{rel}","templated":true}]}}