{"id":88290,"date":"2023-01-13T14:30:09","date_gmt":"2023-01-13T19:30:09","guid":{"rendered":"https:\/\/physiotherapy.ca\/?page_id=88290"},"modified":"2025-08-15T17:09:20","modified_gmt":"2025-08-15T21:09:20","slug":"reglement-programme-de-subventions-2023-10","status":"publish","type":"page","link":"https:\/\/physiotherapy.ca\/fr\/reglement-programme-de-subventions-2023-10\/","title":{"rendered":"R\u00e8glement: Programme de subventions 2025"},"content":{"rendered":"\n<h3 class=\"wp-block-heading\">Programme de bourses pour assistants-physioth\u00e9rapeutes<\/h3>\n\n\n\n<p>Le Programme de bourses pour assistants-physioth\u00e9rapeutes a \u00e9t\u00e9 instaur\u00e9 en 2015 par l\u2019Association canadienne de physioth\u00e9rapie (ACP) et la Fondation de physioth\u00e9rapie du Canada (FPC) en vue d\u2019aider un ou des membres de l\u2019Assembl\u00e9e nationale des assistants-physioth\u00e9rapeutes (ANAP) \u00e0 poursuivre leur formation professionnelle continue et \u00e0 transmettre leurs apprentissages dans leur communaut\u00e9. Il vise aussi \u00e0 valoriser la contribution apport\u00e9e par les membres de l\u2019ANAP \u00e0 la profession et \u00e0 l\u2019ACP. Cette subvention est financ\u00e9e par la FPC. Veuillez noter que les \u00e9tudiants n\u2019y sont pas admissibles.<\/p>\n\n\n\n<hr class=\"wp-block-separator has-alpha-channel-opacity\"\/>\n\n\n\n<h4 class=\"wp-block-heading\">R\u00e8glement<\/h4>\n\n\n\n<p>La bourse est attribu\u00e9e par la Fondation de physioth\u00e9rapie du Canada en fonction des recommandations du comit\u00e9 d\u2019\u00e9valuation des AP.<\/p>\n\n\n\n<h4 class=\"wp-block-heading\">Objet<\/h4>\n\n\n\n<p>La bourse soutiendra l\u2019acc\u00e8s \u00e0 un cours de formation continue pertinent aux fonctions du membre, et dont les connaissances seront utilis\u00e9es pour am\u00e9liorer les services de sant\u00e9 de fa\u00e7on individuelle, professionnelle ou syst\u00e9mique. Il peut s\u2019agir d\u2019un cours de formation continue ou d\u2019un Congr\u00e8s de l\u2019ACP auquel le b\u00e9n\u00e9ficiaire souhaite assister. Le transfert des connaissances est une composante importante de cette subvention.<\/p>\n\n\n\n<h4 class=\"wp-block-heading\">Lignes directrices<\/h4>\n\n\n\n<p>Si plus d\u2019une demande est re\u00e7ue, les \u00e9valuateurs se r\u00e9servent le droit d\u2019attribuer la bourse \u00e0 plus d\u2019une personne.<\/p>\n\n\n\n<h4 class=\"wp-block-heading\">Admissibilit\u00e9<\/h4>\n\n\n\n<p>Tous les AP qui sont membres en r\u00e8gle de l\u2019ACP sont admissibles \u00e0 cette subvention, \u00e0 l\u2019exception des \u00e9tudiants.<\/p>\n\n\n\n<h4 class=\"wp-block-heading\">Demande<\/h4>\n\n\n\n<ol class=\"wp-block-list\">\n<li>Le demandeur doit :\n<ul class=\"wp-block-list\">\n<li>t\u00e9l\u00e9verser une preuve de r\u00e9ussite de la formation (p. ex., attestation);<\/li>\n\n\n\n<li>expliquer la pertinence de la formation dans l\u2019atteinte de ses objectifs professionnels;<\/li>\n<\/ul>\n<\/li>\n\n\n\n<li>Les demandes sont accept\u00e9es uniquement EN LIGNE et doivent avoir \u00e9t\u00e9 re\u00e7ues par la Fondation de physioth\u00e9rapie du Canada au plus tard le 3 octobre 2025 \u00e0 23 h 59 (HE). Les candidats doivent soumettre leur demande sur la plateforme en ligne EventsAir.<\/li>\n\n\n\n<li>La d\u00e9cision sera pr\u00e9sent\u00e9e par \u00e9crit au plus tard le 30 novembre 2025. La bourse sera imm\u00e9diatement attribu\u00e9e d\u00e8s son acceptation par le r\u00e9cipiendaire.<\/li>\n\n\n\n<li>La demande de financement peut \u00eatre pr\u00e9sent\u00e9e dans l\u2019une ou l\u2019autre des langues officielles.<\/li>\n<\/ol>\n\n\n\n<h4 class=\"wp-block-heading\">Processus d\u2019\u00e9valuation<\/h4>\n\n\n\n<p>Chaque demande doit \u00eatre \u00e9valu\u00e9e par un membre du conseil administratif de l\u2019ANAP et un membre du conseil d\u2019administration de l\u2019ACP.<\/p>\n\n\n\n<h4 class=\"wp-block-heading\">Administration financi\u00e8re<\/h4>\n\n\n\n<ol class=\"wp-block-list\">\n<li>Selon le financement, des bourses d\u2019un maximum de 2 500 $ seront attribu\u00e9es par la FPC. Si la formation du r\u00e9cipiendaire co\u00fbte moins de 2 500 $, la portion inutilis\u00e9e de la formation pourra \u00eatre remise \u00e0 la deuxi\u00e8me personne en lice, et ainsi de suite, jusqu\u2019\u00e0 l\u2019attribution compl\u00e8te du montant de 2 500 $ de la subvention.<\/li>\n\n\n\n<li>La FPC versera la subvention d\u00e8s qu\u2019elle aura en main les re\u00e7us d\u2019inscription soumis par le(s) r\u00e9cipiendaire(s).<\/li>\n<\/ol>\n","protected":false},"excerpt":{"rendered":"<p>Programme de bourses pour assistants-physioth\u00e9rapeutes Le Programme de bourses pour assistants-physioth\u00e9rapeutes a \u00e9t\u00e9 instaur\u00e9 en 2015 par l\u2019Association canadienne de physioth\u00e9rapie (ACP) et la Fondation de physioth\u00e9rapie du Canada (FPC) en vue d\u2019aider un ou des membres de l\u2019Assembl\u00e9e nationale [&hellip;]<\/p>\n","protected":false},"author":2792,"featured_media":0,"parent":0,"menu_order":0,"comment_status":"closed","ping_status":"closed","template":"","meta":{"inline_featured_image":false,"ep_exclude_from_search":false,"footnotes":""},"topic":[],"class_list":["post-88290","page","type-page","status-publish","hentry"],"acf":[],"yoast_head":"<!-- This site is optimized with the Yoast SEO plugin v24.7 - https:\/\/yoast.com\/wordpress\/plugins\/seo\/ -->\n<title>R\u00e8glement: Programme de subventions 2025 - Canadian Physiotherapy Association<\/title>\n<meta name=\"robots\" content=\"index, follow, max-snippet:-1, max-image-preview:large, max-video-preview:-1\" \/>\n<link rel=\"canonical\" href=\"https:\/\/physiotherapy.ca\/fr\/reglement-programme-de-subventions-2023-10\/\" \/>\n<meta property=\"og:locale\" content=\"fr_FR\" \/>\n<meta property=\"og:type\" content=\"article\" \/>\n<meta property=\"og:title\" content=\"R\u00e8glement: Programme de subventions 2025 - Canadian Physiotherapy Association\" \/>\n<meta property=\"og:description\" content=\"Programme de bourses pour assistants-physioth\u00e9rapeutes Le Programme de bourses pour assistants-physioth\u00e9rapeutes a \u00e9t\u00e9 instaur\u00e9 en 2015 par l\u2019Association canadienne de physioth\u00e9rapie (ACP) et la Fondation de physioth\u00e9rapie du Canada (FPC) en vue d\u2019aider un ou des membres de l\u2019Assembl\u00e9e nationale [&hellip;]\" \/>\n<meta property=\"og:url\" content=\"https:\/\/physiotherapy.ca\/fr\/reglement-programme-de-subventions-2023-10\/\" \/>\n<meta property=\"og:site_name\" content=\"Canadian Physiotherapy Association\" \/>\n<meta property=\"article:modified_time\" content=\"2025-08-15T21:09:20+00:00\" \/>\n<meta name=\"twitter:card\" content=\"summary_large_image\" \/>\n<meta name=\"twitter:label1\" content=\"Est. reading time\" \/>\n\t<meta name=\"twitter:data1\" content=\"2 minutes\" \/>\n<script type=\"application\/ld+json\" class=\"yoast-schema-graph\">{\"@context\":\"https:\/\/schema.org\",\"@graph\":[{\"@type\":\"WebPage\",\"@id\":\"https:\/\/physiotherapy.ca\/fr\/reglement-programme-de-subventions-2023-10\/\",\"url\":\"https:\/\/physiotherapy.ca\/fr\/reglement-programme-de-subventions-2023-10\/\",\"name\":\"R\u00e8glement: Programme de subventions 2025 - Canadian Physiotherapy Association\",\"isPartOf\":{\"@id\":\"https:\/\/physiotherapy.ca\/#website\"},\"datePublished\":\"2023-01-13T19:30:09+00:00\",\"dateModified\":\"2025-08-15T21:09:20+00:00\",\"breadcrumb\":{\"@id\":\"https:\/\/physiotherapy.ca\/fr\/reglement-programme-de-subventions-2023-10\/#breadcrumb\"},\"inLanguage\":\"fr-FR\",\"potentialAction\":[{\"@type\":\"ReadAction\",\"target\":[\"https:\/\/physiotherapy.ca\/fr\/reglement-programme-de-subventions-2023-10\/\"]}]},{\"@type\":\"BreadcrumbList\",\"@id\":\"https:\/\/physiotherapy.ca\/fr\/reglement-programme-de-subventions-2023-10\/#breadcrumb\",\"itemListElement\":[{\"@type\":\"ListItem\",\"position\":1,\"name\":\"Home\",\"item\":\"https:\/\/physiotherapy.ca\/fr\/\"},{\"@type\":\"ListItem\",\"position\":2,\"name\":\"R\u00e8glement: Programme de subventions 2025\"}]},{\"@type\":\"WebSite\",\"@id\":\"https:\/\/physiotherapy.ca\/#website\",\"url\":\"https:\/\/physiotherapy.ca\/\",\"name\":\"Canadian Physiotherapy Association\",\"description\":\"The Canadian Physiotherapy Association (CPA) represents over 16,000 physiotherapy professionals and students across Canada.\",\"potentialAction\":[{\"@type\":\"SearchAction\",\"target\":{\"@type\":\"EntryPoint\",\"urlTemplate\":\"https:\/\/physiotherapy.ca\/?s={search_term_string}\"},\"query-input\":{\"@type\":\"PropertyValueSpecification\",\"valueRequired\":true,\"valueName\":\"search_term_string\"}}],\"inLanguage\":\"fr-FR\"}]}<\/script>\n<!-- \/ Yoast SEO plugin. -->","yoast_head_json":{"title":"R\u00e8glement: Programme de subventions 2025 - Canadian Physiotherapy Association","robots":{"index":"index","follow":"follow","max-snippet":"max-snippet:-1","max-image-preview":"max-image-preview:large","max-video-preview":"max-video-preview:-1"},"canonical":"https:\/\/physiotherapy.ca\/fr\/reglement-programme-de-subventions-2023-10\/","og_locale":"fr_FR","og_type":"article","og_title":"R\u00e8glement: Programme de subventions 2025 - Canadian Physiotherapy Association","og_description":"Programme de bourses pour assistants-physioth\u00e9rapeutes Le Programme de bourses pour assistants-physioth\u00e9rapeutes a \u00e9t\u00e9 instaur\u00e9 en 2015 par l\u2019Association canadienne de physioth\u00e9rapie (ACP) et la Fondation de physioth\u00e9rapie du Canada (FPC) en vue d\u2019aider un ou des membres de l\u2019Assembl\u00e9e nationale [&hellip;]","og_url":"https:\/\/physiotherapy.ca\/fr\/reglement-programme-de-subventions-2023-10\/","og_site_name":"Canadian Physiotherapy Association","article_modified_time":"2025-08-15T21:09:20+00:00","twitter_card":"summary_large_image","twitter_misc":{"Est. reading time":"2 minutes"},"schema":{"@context":"https:\/\/schema.org","@graph":[{"@type":"WebPage","@id":"https:\/\/physiotherapy.ca\/fr\/reglement-programme-de-subventions-2023-10\/","url":"https:\/\/physiotherapy.ca\/fr\/reglement-programme-de-subventions-2023-10\/","name":"R\u00e8glement: Programme de subventions 2025 - Canadian Physiotherapy Association","isPartOf":{"@id":"https:\/\/physiotherapy.ca\/#website"},"datePublished":"2023-01-13T19:30:09+00:00","dateModified":"2025-08-15T21:09:20+00:00","breadcrumb":{"@id":"https:\/\/physiotherapy.ca\/fr\/reglement-programme-de-subventions-2023-10\/#breadcrumb"},"inLanguage":"fr-FR","potentialAction":[{"@type":"ReadAction","target":["https:\/\/physiotherapy.ca\/fr\/reglement-programme-de-subventions-2023-10\/"]}]},{"@type":"BreadcrumbList","@id":"https:\/\/physiotherapy.ca\/fr\/reglement-programme-de-subventions-2023-10\/#breadcrumb","itemListElement":[{"@type":"ListItem","position":1,"name":"Home","item":"https:\/\/physiotherapy.ca\/fr\/"},{"@type":"ListItem","position":2,"name":"R\u00e8glement: Programme de subventions 2025"}]},{"@type":"WebSite","@id":"https:\/\/physiotherapy.ca\/#website","url":"https:\/\/physiotherapy.ca\/","name":"Canadian Physiotherapy Association","description":"The Canadian Physiotherapy Association (CPA) represents over 16,000 physiotherapy professionals and students across Canada.","potentialAction":[{"@type":"SearchAction","target":{"@type":"EntryPoint","urlTemplate":"https:\/\/physiotherapy.ca\/?s={search_term_string}"},"query-input":{"@type":"PropertyValueSpecification","valueRequired":true,"valueName":"search_term_string"}}],"inLanguage":"fr-FR"}]}},"_links":{"self":[{"href":"https:\/\/physiotherapy.ca\/fr\/wp-json\/wp\/v2\/pages\/88290","targetHints":{"allow":["GET"]}}],"collection":[{"href":"https:\/\/physiotherapy.ca\/fr\/wp-json\/wp\/v2\/pages"}],"about":[{"href":"https:\/\/physiotherapy.ca\/fr\/wp-json\/wp\/v2\/types\/page"}],"author":[{"embeddable":true,"href":"https:\/\/physiotherapy.ca\/fr\/wp-json\/wp\/v2\/users\/2792"}],"replies":[{"embeddable":true,"href":"https:\/\/physiotherapy.ca\/fr\/wp-json\/wp\/v2\/comments?post=88290"}],"version-history":[{"count":6,"href":"https:\/\/physiotherapy.ca\/fr\/wp-json\/wp\/v2\/pages\/88290\/revisions"}],"predecessor-version":[{"id":276020,"href":"https:\/\/physiotherapy.ca\/fr\/wp-json\/wp\/v2\/pages\/88290\/revisions\/276020"}],"wp:attachment":[{"href":"https:\/\/physiotherapy.ca\/fr\/wp-json\/wp\/v2\/media?parent=88290"}],"wp:term":[{"taxonomy":"topic","embeddable":true,"href":"https:\/\/physiotherapy.ca\/fr\/wp-json\/wp\/v2\/topic?post=88290"}],"curies":[{"name":"wp","href":"https:\/\/api.w.org\/{rel}","templated":true}]}}