{"id":92134,"date":"2023-02-16T10:41:40","date_gmt":"2023-02-16T15:41:40","guid":{"rendered":"https:\/\/physiotherapy.ca\/?page_id=92134"},"modified":"2023-02-16T10:41:41","modified_gmt":"2023-02-16T15:41:41","slug":"representation-2022","status":"publish","type":"page","link":"https:\/\/physiotherapy.ca\/fr\/representation-2\/advocacy-updates-fr\/recent-advocacy\/representation-2022\/","title":{"rendered":"Repr\u00e9sentation 2022"},"content":{"rendered":"\n<h3 class=\"wp-block-heading\">October 2022<\/h3>\n\n\n\n<h3 class=\"wp-block-heading\"><a href=\"https:\/\/physiotherapy.ca\/fr\/representation\/advocacy-updates-fr\/les-physiotherapeutes-peuvent-contribuer-des-maintenant-a-reduire-les-pressions-sexercant-sur-le-systeme-de-sante-canadien\/\">Les physioth\u00e9rapeutes peuvent contribuer d\u00e8s maintenant \u00e0 r\u00e9duire les pressions s\u2019exer\u00e7ant sur le syst\u00e8me de sant\u00e9 canadien<\/a><\/h3>\n\n\n\n<p>l\u2019Association canadienne de physioth\u00e9rapie appelle aujourd\u2019hui le gouvernement f\u00e9d\u00e9ral \u00e0 travailler avec la profession pour explorer des solutions de prestation de services innovantes qui exploitent les comp\u00e9tences distinctives des professionnels de la physioth\u00e9rapie, pour contribuer \u00e0 r\u00e9duire les pressions s\u2019exer\u00e7ant sur le syst\u00e8me de sant\u00e9 du Canada et r\u00e9pondre \u00e0 la crise nationale de la sant\u00e9.<\/p>\n\n\n\n<h3 class=\"wp-block-heading\"><a href=\"https:\/\/physiotherapy.ca\/fr\/news\/lassociation-canadienne-de-physiotherapie-celebre-la-journee-nationale-des-aines%EF%BF%BC%EF%BF%BC\/\">L\u2019Association canadienne de physioth\u00e9rapie c\u00e9l\u00e8bre la Journ\u00e9e nationale des a\u00een\u00e9s<\/a><\/h3>\n\n\n\n<p>Aujourd\u2019hui, en cette Journ\u00e9e nationale des a\u00een\u00e9s, l\u2019Association canadienne de physioth\u00e9rapie et sa division de la sant\u00e9 des a\u00een\u00e9s souhaitent souligner la contribution des personnes \u00e2g\u00e9es, et remercier les physioth\u00e9rapeutes, assistants-physioth\u00e9rapeutes, technologues en physioth\u00e9rapie et \u00e9tudiants en physioth\u00e9rapie du Canada pour leur contribution en faveur du vieillissement sain et de la qualit\u00e9 de vie de millions de personnes \u00e2g\u00e9es.<\/p>\n\n\n\n<h3 class=\"wp-block-heading\">Septembre 2022<\/h3>\n\n\n\n<h3 class=\"wp-block-heading\"><a href=\"https:\/\/physiotherapy.ca\/fr\/representation\/advocacy-updates-fr\/les-professionnels-de-la-sante-etablissent-les-priorites-strategiques-de-lautomne\/\">Les professionnels de la sant\u00e9 \u00e9tablissent les priorit\u00e9s strat\u00e9giques de l\u2019automne<\/a><\/h3>\n\n\n\n<p>Maintenant que les d\u00e9put\u00e9s sont de retour \u00e0 Ottawa pour la session d\u2019automne de la Chambre des communes, l\u2019Extended Healthcare Professionals Coalition (EHPC) se r\u00e9jouit \u00e0 l\u2019id\u00e9e de collaborer avec les dirigeants et les d\u00e9cideurs f\u00e9d\u00e9raux pour r\u00e9gler certains des probl\u00e8mes de sant\u00e9 les plus pressants auxquels la population canadienne fait face.<\/p>\n\n\n\n<h3 class=\"wp-block-heading\">Mai 2022<\/h3>\n\n\n\n<h3 class=\"wp-block-heading\"><a href=\"https:\/\/physiotherapy.ca\/fr\/representation\/advocacy-updates-fr\/mois-national-de-la-physiotherapie-2022\/\">Mois national de la physioth\u00e9rapie 2022<\/a><\/h3>\n\n\n\n<p>\u00c0 l\u2019occasion du Mois national de la physioth\u00e9rapie&nbsp;2022,&nbsp;<strong>#NPM2022,<\/strong>&nbsp;nous soulignons les nombreux apports de notre profession pour la prise en charge et la gu\u00e9rison des patients atteints du syndrome post-COVID-19, un sujet qui a beaucoup fait jaser ces deux derni\u00e8res ann\u00e9es.&nbsp;&nbsp;<\/p>\n\n\n\n<h3 class=\"wp-block-heading\">Avril 2022<\/h3>\n\n\n\n<h3 class=\"wp-block-heading\"><a href=\"https:\/\/physiotherapy.ca\/fr\/representation\/advocacy-updates-fr\/reponse-a-letude-sur-les-penuries-de-main-doeuvre-les-conditions-de-travail-et-leconomie-des-soins\/\">R\u00e9ponse \u00e0 l\u2019\u00e9tude sur les p\u00e9nuries de main-d\u2019oeuvre, les conditions de travail et l\u2019\u00e9conomie des soins<\/a><\/h3>\n\n\n\n<p>Au cours des 10 prochaines ann\u00e9es, la demande pour des physioth\u00e9rapeutes au Canada d\u00e9passera le nombre de nouveaux chercheurs d\u2019emploi qui font leur entr\u00e9e dans la profession. La p\u00e9nurie de main-d\u2019oeuvre dans le secteur est bien enracin\u00e9e dans tout le pays, et le vieillissement de la population, jumel\u00e9 \u00e0 une esp\u00e9rance de vie plus longue, signifie que la demande pour des professionnels de la sant\u00e9, notamment des physioth\u00e9rapeutes, des technologues en physioth\u00e9rapie et des aides-physioth\u00e9rapeutes, est appel\u00e9e \u00e0 augmenter fortement. Cela entra\u00eenera une r\u00e9duction de la disponibilit\u00e9 des services de physioth\u00e9rapie, alors que les membres de la profession connaissent d\u00e9j\u00e0 l\u2019\u00e9puisement et le surmenage. Malheureusement, l\u2019exp\u00e9rience de ceux qui travaillent dans le secteur a \u00e9t\u00e9 assombrie par les r\u00e9percussions de la COVID-19 sur le syst\u00e8me de sant\u00e9 canadien.<\/p>\n\n\n\n<h3 class=\"wp-block-heading\"><a href=\"https:\/\/physiotherapy.ca\/fr\/annonce-du-projet-sur-lavenir-de-lagrement-de-lacp\/\">Annonce du projet sur l\u2019avenir de l\u2019agr\u00e9ment de L\u2019ACP<\/a><\/h3>\n\n\n\n<p>Reconnaissant l\u2019urgence d\u2019\u00e9tablir un dialogue au sein de la profession sur l\u2019avenir du permis d\u2019exercice et de l\u2019\u00e9valuation des connaissances pour la physioth\u00e9rapie et l\u2019\u00e9laboration d\u2019une solution \u00e0 long terme pour combler les lacunes que la pand\u00e9mie a r\u00e9v\u00e9l\u00e9es, l\u2019ACP pr\u00e9sente son projet sur l\u2019avenir du permis d\u2019exercice. Le projet sur l\u2019avenir du permis d\u2019exercice de l\u2019ACP consiste en la cr\u00e9ation d\u2019un groupe de travail sur l\u2019avenir du permis d\u2019exercice, une analyse du milieu et l\u2019\u00e9laboration d\u2019un rapport critique et de recommandations pour guider l\u2019alignement de la profession sur une approche nationale \u00e0 long terme pour aborder le permis d\u2019exercice et l\u2019\u00e9valuation des comp\u00e9tences au sein de la profession pour l\u2019avenir.&nbsp;&nbsp;<\/p>\n\n\n\n<div style=\"height:100px\" aria-hidden=\"true\" class=\"wp-block-spacer\"><\/div>\n","protected":false},"excerpt":{"rendered":"<p>October 2022 Les physioth\u00e9rapeutes peuvent contribuer d\u00e8s maintenant \u00e0 r\u00e9duire les pressions s\u2019exer\u00e7ant sur le syst\u00e8me de sant\u00e9 canadien l\u2019Association canadienne de physioth\u00e9rapie appelle aujourd\u2019hui le gouvernement f\u00e9d\u00e9ral \u00e0 travailler avec la profession pour explorer des solutions de prestation de [&hellip;]<\/p>\n","protected":false},"author":2792,"featured_media":0,"parent":79907,"menu_order":0,"comment_status":"closed","ping_status":"closed","template":"page-templates\/page-topic-landing.php","meta":{"inline_featured_image":false,"ep_exclude_from_search":false,"footnotes":""},"topic":[],"class_list":["post-92134","page","type-page","status-publish","hentry"],"acf":[],"yoast_head":"<!-- This site is optimized with the Yoast SEO plugin v24.7 - https:\/\/yoast.com\/wordpress\/plugins\/seo\/ -->\n<title>Repr\u00e9sentation 2022 - Canadian Physiotherapy Association<\/title>\n<meta name=\"robots\" content=\"index, follow, max-snippet:-1, max-image-preview:large, max-video-preview:-1\" \/>\n<link rel=\"canonical\" href=\"https:\/\/physiotherapy.ca\/fr\/representation-2022\/\" \/>\n<meta property=\"og:locale\" content=\"fr_FR\" \/>\n<meta property=\"og:type\" content=\"article\" \/>\n<meta property=\"og:title\" content=\"Repr\u00e9sentation 2022 - Canadian Physiotherapy Association\" \/>\n<meta property=\"og:description\" content=\"October 2022 Les physioth\u00e9rapeutes peuvent contribuer d\u00e8s maintenant \u00e0 r\u00e9duire les pressions s\u2019exer\u00e7ant sur le syst\u00e8me de sant\u00e9 canadien l\u2019Association canadienne de physioth\u00e9rapie appelle aujourd\u2019hui le gouvernement f\u00e9d\u00e9ral \u00e0 travailler avec la profession pour explorer des solutions de prestation de [&hellip;]\" \/>\n<meta property=\"og:url\" content=\"https:\/\/physiotherapy.ca\/fr\/representation-2022\/\" \/>\n<meta property=\"og:site_name\" content=\"Canadian Physiotherapy Association\" \/>\n<meta property=\"article:modified_time\" content=\"2023-02-16T15:41:41+00:00\" \/>\n<meta name=\"twitter:card\" content=\"summary_large_image\" \/>\n<meta name=\"twitter:label1\" content=\"Est. reading time\" \/>\n\t<meta name=\"twitter:data1\" content=\"3 minutes\" \/>\n<script type=\"application\/ld+json\" class=\"yoast-schema-graph\">{\"@context\":\"https:\/\/schema.org\",\"@graph\":[{\"@type\":\"WebPage\",\"@id\":\"https:\/\/physiotherapy.ca\/fr\/representation-2022\/\",\"url\":\"https:\/\/physiotherapy.ca\/fr\/representation-2022\/\",\"name\":\"Repr\u00e9sentation 2022 - Canadian Physiotherapy Association\",\"isPartOf\":{\"@id\":\"https:\/\/physiotherapy.ca\/#website\"},\"datePublished\":\"2023-02-16T15:41:40+00:00\",\"dateModified\":\"2023-02-16T15:41:41+00:00\",\"breadcrumb\":{\"@id\":\"https:\/\/physiotherapy.ca\/fr\/representation-2022\/#breadcrumb\"},\"inLanguage\":\"fr-FR\",\"potentialAction\":[{\"@type\":\"ReadAction\",\"target\":[\"https:\/\/physiotherapy.ca\/fr\/representation-2022\/\"]}]},{\"@type\":\"BreadcrumbList\",\"@id\":\"https:\/\/physiotherapy.ca\/fr\/representation-2022\/#breadcrumb\",\"itemListElement\":[{\"@type\":\"ListItem\",\"position\":1,\"name\":\"Home\",\"item\":\"https:\/\/physiotherapy.ca\/fr\/\"},{\"@type\":\"ListItem\",\"position\":2,\"name\":\"Repr\u00e9sentation 2022\"}]},{\"@type\":\"WebSite\",\"@id\":\"https:\/\/physiotherapy.ca\/#website\",\"url\":\"https:\/\/physiotherapy.ca\/\",\"name\":\"Canadian Physiotherapy Association\",\"description\":\"The Canadian Physiotherapy Association (CPA) represents over 16,000 physiotherapy professionals and students across Canada.\",\"potentialAction\":[{\"@type\":\"SearchAction\",\"target\":{\"@type\":\"EntryPoint\",\"urlTemplate\":\"https:\/\/physiotherapy.ca\/?s={search_term_string}\"},\"query-input\":{\"@type\":\"PropertyValueSpecification\",\"valueRequired\":true,\"valueName\":\"search_term_string\"}}],\"inLanguage\":\"fr-FR\"}]}<\/script>\n<!-- \/ Yoast SEO plugin. -->","yoast_head_json":{"title":"Repr\u00e9sentation 2022 - Canadian Physiotherapy Association","robots":{"index":"index","follow":"follow","max-snippet":"max-snippet:-1","max-image-preview":"max-image-preview:large","max-video-preview":"max-video-preview:-1"},"canonical":"https:\/\/physiotherapy.ca\/fr\/representation-2022\/","og_locale":"fr_FR","og_type":"article","og_title":"Repr\u00e9sentation 2022 - Canadian Physiotherapy Association","og_description":"October 2022 Les physioth\u00e9rapeutes peuvent contribuer d\u00e8s maintenant \u00e0 r\u00e9duire les pressions s\u2019exer\u00e7ant sur le syst\u00e8me de sant\u00e9 canadien l\u2019Association canadienne de physioth\u00e9rapie appelle aujourd\u2019hui le gouvernement f\u00e9d\u00e9ral \u00e0 travailler avec la profession pour explorer des solutions de prestation de [&hellip;]","og_url":"https:\/\/physiotherapy.ca\/fr\/representation-2022\/","og_site_name":"Canadian Physiotherapy Association","article_modified_time":"2023-02-16T15:41:41+00:00","twitter_card":"summary_large_image","twitter_misc":{"Est. reading time":"3 minutes"},"schema":{"@context":"https:\/\/schema.org","@graph":[{"@type":"WebPage","@id":"https:\/\/physiotherapy.ca\/fr\/representation-2022\/","url":"https:\/\/physiotherapy.ca\/fr\/representation-2022\/","name":"Repr\u00e9sentation 2022 - Canadian Physiotherapy Association","isPartOf":{"@id":"https:\/\/physiotherapy.ca\/#website"},"datePublished":"2023-02-16T15:41:40+00:00","dateModified":"2023-02-16T15:41:41+00:00","breadcrumb":{"@id":"https:\/\/physiotherapy.ca\/fr\/representation-2022\/#breadcrumb"},"inLanguage":"fr-FR","potentialAction":[{"@type":"ReadAction","target":["https:\/\/physiotherapy.ca\/fr\/representation-2022\/"]}]},{"@type":"BreadcrumbList","@id":"https:\/\/physiotherapy.ca\/fr\/representation-2022\/#breadcrumb","itemListElement":[{"@type":"ListItem","position":1,"name":"Home","item":"https:\/\/physiotherapy.ca\/fr\/"},{"@type":"ListItem","position":2,"name":"Repr\u00e9sentation 2022"}]},{"@type":"WebSite","@id":"https:\/\/physiotherapy.ca\/#website","url":"https:\/\/physiotherapy.ca\/","name":"Canadian Physiotherapy Association","description":"The Canadian Physiotherapy Association (CPA) represents over 16,000 physiotherapy professionals and students across Canada.","potentialAction":[{"@type":"SearchAction","target":{"@type":"EntryPoint","urlTemplate":"https:\/\/physiotherapy.ca\/?s={search_term_string}"},"query-input":{"@type":"PropertyValueSpecification","valueRequired":true,"valueName":"search_term_string"}}],"inLanguage":"fr-FR"}]}},"_links":{"self":[{"href":"https:\/\/physiotherapy.ca\/fr\/wp-json\/wp\/v2\/pages\/92134","targetHints":{"allow":["GET"]}}],"collection":[{"href":"https:\/\/physiotherapy.ca\/fr\/wp-json\/wp\/v2\/pages"}],"about":[{"href":"https:\/\/physiotherapy.ca\/fr\/wp-json\/wp\/v2\/types\/page"}],"author":[{"embeddable":true,"href":"https:\/\/physiotherapy.ca\/fr\/wp-json\/wp\/v2\/users\/2792"}],"replies":[{"embeddable":true,"href":"https:\/\/physiotherapy.ca\/fr\/wp-json\/wp\/v2\/comments?post=92134"}],"version-history":[{"count":1,"href":"https:\/\/physiotherapy.ca\/fr\/wp-json\/wp\/v2\/pages\/92134\/revisions"}],"predecessor-version":[{"id":92135,"href":"https:\/\/physiotherapy.ca\/fr\/wp-json\/wp\/v2\/pages\/92134\/revisions\/92135"}],"up":[{"embeddable":true,"href":"https:\/\/physiotherapy.ca\/fr\/wp-json\/wp\/v2\/pages\/79907"}],"wp:attachment":[{"href":"https:\/\/physiotherapy.ca\/fr\/wp-json\/wp\/v2\/media?parent=92134"}],"wp:term":[{"taxonomy":"topic","embeddable":true,"href":"https:\/\/physiotherapy.ca\/fr\/wp-json\/wp\/v2\/topic?post=92134"}],"curies":[{"name":"wp","href":"https:\/\/api.w.org\/{rel}","templated":true}]}}