{"id":92138,"date":"2023-02-16T10:47:41","date_gmt":"2023-02-16T15:47:41","guid":{"rendered":"https:\/\/physiotherapy.ca\/?page_id=92138"},"modified":"2023-02-16T10:47:42","modified_gmt":"2023-02-16T15:47:42","slug":"le-groupe-dintervention-action-sante-reagit-au-plan-de-financement-du-systeme-de-soins-de-sante","status":"publish","type":"page","link":"https:\/\/physiotherapy.ca\/fr\/le-groupe-dintervention-action-sante-reagit-au-plan-de-financement-du-systeme-de-soins-de-sante\/","title":{"rendered":"Le Groupe d&#8217;intervention action sant\u00e9 r\u00e9agit au plan de financement du syst\u00e8me de soins de sant\u00e9"},"content":{"rendered":"\n<p>Le 8 f\u00e9vrier 2023 (Ottawa, Ontario)<\/p>\n\n\n\n<p>GIAS, le Groupe d&#8217;intervention action sant\u00e9, qui repr\u00e9sente les int\u00e9r\u00eats de 40 organisations nationales de sant\u00e9 qui se consacrent \u00e0 l&#8217;am\u00e9lioration de la sant\u00e9 des Canadiens et de la qualit\u00e9 des soins qu&#8217;ils re\u00e7oivent, ont r\u00e9agi aujourd&#8217;hui \u00e0 la proposition de financement du gouvernement f\u00e9d\u00e9ral destin\u00e9 aux provinces et territoires.<br><br>\u00ab Le GIAS se r\u00e9jouit de cet investissement historique dans le syst\u00e8me de sant\u00e9 canadien ; cependant, nous devons nous assurer que le financement apporte un r\u00e9el soutien, augmente l&#8217;efficacit\u00e9 et la responsabilit\u00e9, et se traduit par de meilleurs r\u00e9sultats en mati\u00e8re de sant\u00e9 pour tous les Canadiens \u00bb, a commenc\u00e9 H\u00e9l\u00e8ne Sabourin, copr\u00e9sidente du GIAS.<br><br>Le GIAS et ses membres soulignent depuis longtemps le besoin urgent de r\u00e9formes critiques afin de permettre aux \u00e9quipes de soins d&#8217;\u00eatre pleinement int\u00e9gr\u00e9es aux soins primaires.<br><br>\u00ab Plusieurs des probl\u00e8mes d&#8217;acc\u00e8s auxquels les Canadiens font face sont mieux \u00e9vit\u00e9s et trait\u00e9s \u00e0 l&#8217;aide de prestations de soins en \u00e9quipe, dont nos syst\u00e8mes de sant\u00e9 soutiennent insuffisamment \u00e0 l&#8217;heure actuelle. Le Canada doit continuer \u00e0 promouvoir les soins collaboratifs en \u00e9quipe pour am\u00e9liorer l&#8217;acc\u00e8s aux soins primaires \u00bb, a poursuivi le copr\u00e9sident Fred Phelps.<br><br>Apr\u00e8s pr\u00e8s de trois ans de travail presque ininterrompu de lutte contre la pand\u00e9mie de COVID-19 et de soutien aux Canadiens au maximum de leurs capacit\u00e9s, de nombreux professionnels de la sant\u00e9 souffrent d&#8217;\u00e9puisement professionnel et quittent le march\u00e9 du travail. Il est urgent d&#8217;investir dans un plan national de ressources humaines en sant\u00e9 fond\u00e9 sur une collecte de donn\u00e9es solide.<br><br>Un sondage r\u00e9alis\u00e9 par le Conseil de la F\u00e9d\u00e9ration au d\u00e9but de 2022 a r\u00e9v\u00e9l\u00e9 que 56 % des Canadiens estiment que la qualit\u00e9 des soins de sant\u00e9 fournis s&#8217;est d\u00e9t\u00e9rior\u00e9e au cours des cinq derni\u00e8res ann\u00e9es. Quatre-vingt-sept pour cent des Canadiens conviennent qu&#8217;une augmentation imm\u00e9diate du financement et des ressources est n\u00e9cessaire pour soutenir le syst\u00e8me. 1<br><br>\u00ab Alors que nous reconstruisons notre syst\u00e8me de sant\u00e9, cette proposition de financement est l&#8217;occasion pour le gouvernement f\u00e9d\u00e9ral de travailler avec les provinces et les territoires afin de s&#8217;assurer que les besoins de tous les Canadiens en mati\u00e8re de soins de sant\u00e9 sont satisfaits. La crise des soins de sant\u00e9 que nous connaissons actuellement doit \u00eatre r\u00e9solue rapidement et efficacement, et les professionnels de la sant\u00e9 du Canada sont pr\u00eats \u00e0 apporter leur aide \u00bb, a conclu M. Sabourin.<\/p>\n\n\n\n<p>Le Groupe d&#8217;intervention action sant\u00e9 (GIAS) est une coalition de 40 organisations nationales de sant\u00e9 qui se consacrent \u00e0 l&#8217;am\u00e9lioration de la sant\u00e9 des Canadiens et de la qualit\u00e9 des soins qu&#8217;ils re\u00e7oivent. Nos membres sont des associations professionnelles de fournisseurs de soins de sant\u00e9 r\u00e9glement\u00e9s et des organisations d&#8217;organismes de bienfaisance dans le domaine de la sant\u00e9 qui offrent une gamme de services de soins de sant\u00e9 dans tout le Canada. Le GIAS repr\u00e9sente maintenant plus de 650 000 fournisseurs (et consommateurs) de soins de sant\u00e9.<\/p>\n\n\n\n<hr class=\"wp-block-separator has-alpha-channel-opacity\"\/>\n\n\n\n<p class=\"has-small-font-size\"><sup>1<\/sup>&nbsp;<a href=\"https:\/\/c212.net\/c\/link\/?t=0&amp;l=en&amp;o=3777876-1&amp;h=1932700681&amp;u=https%3A%2F%2Fleger360.com%2Fsurveys%2Fcanadian-healthcare-survey-january-24-2022%2F&amp;a=https%3A%2F%2Fleger360.com%2Fsurveys%2Fcanadian-healthcare-survey-january-24-2022%2F\" target=\"_blank\" rel=\"noreferrer noopener\">https:\/\/leger360.com\/surveys\/canadian-healthcare-survey-january-24-2022\/<\/a><\/p>\n\n\n\n<p>SOURCE HEAL, Organizations for Health Action<\/p>\n","protected":false},"excerpt":{"rendered":"<p>Le 8 f\u00e9vrier 2023 (Ottawa, Ontario) GIAS, le Groupe d&#8217;intervention action sant\u00e9, qui repr\u00e9sente les int\u00e9r\u00eats de 40 organisations nationales de sant\u00e9 qui se consacrent \u00e0 l&#8217;am\u00e9lioration de la sant\u00e9 des Canadiens et de la qualit\u00e9 des soins qu&#8217;ils re\u00e7oivent, [&hellip;]<\/p>\n","protected":false},"author":2792,"featured_media":0,"parent":0,"menu_order":0,"comment_status":"closed","ping_status":"closed","template":"","meta":{"inline_featured_image":false,"ep_exclude_from_search":false,"footnotes":""},"topic":[],"class_list":["post-92138","page","type-page","status-publish","hentry"],"acf":[],"yoast_head":"<!-- This site is optimized with the Yoast SEO plugin v24.7 - https:\/\/yoast.com\/wordpress\/plugins\/seo\/ -->\n<title>Le Groupe d&#039;intervention action sant\u00e9 r\u00e9agit au plan de financement du syst\u00e8me de soins de sant\u00e9 - Canadian Physiotherapy Association<\/title>\n<meta name=\"robots\" content=\"index, follow, max-snippet:-1, max-image-preview:large, max-video-preview:-1\" \/>\n<link rel=\"canonical\" href=\"https:\/\/physiotherapy.ca\/fr\/le-groupe-dintervention-action-sante-reagit-au-plan-de-financement-du-systeme-de-soins-de-sante\/\" \/>\n<meta property=\"og:locale\" content=\"fr_FR\" \/>\n<meta property=\"og:type\" content=\"article\" \/>\n<meta property=\"og:title\" content=\"Le Groupe d&#039;intervention action sant\u00e9 r\u00e9agit au plan de financement du syst\u00e8me de soins de sant\u00e9 - Canadian Physiotherapy Association\" \/>\n<meta property=\"og:description\" content=\"Le 8 f\u00e9vrier 2023 (Ottawa, Ontario) GIAS, le Groupe d&#8217;intervention action sant\u00e9, qui repr\u00e9sente les int\u00e9r\u00eats de 40 organisations nationales de sant\u00e9 qui se consacrent \u00e0 l&#8217;am\u00e9lioration de la sant\u00e9 des Canadiens et de la qualit\u00e9 des soins qu&#8217;ils re\u00e7oivent, [&hellip;]\" \/>\n<meta property=\"og:url\" content=\"https:\/\/physiotherapy.ca\/fr\/le-groupe-dintervention-action-sante-reagit-au-plan-de-financement-du-systeme-de-soins-de-sante\/\" \/>\n<meta property=\"og:site_name\" content=\"Canadian Physiotherapy Association\" \/>\n<meta property=\"article:modified_time\" content=\"2023-02-16T15:47:42+00:00\" \/>\n<meta name=\"twitter:card\" content=\"summary_large_image\" \/>\n<meta name=\"twitter:label1\" content=\"Est. reading time\" \/>\n\t<meta name=\"twitter:data1\" content=\"3 minutes\" \/>\n<script type=\"application\/ld+json\" class=\"yoast-schema-graph\">{\"@context\":\"https:\/\/schema.org\",\"@graph\":[{\"@type\":\"WebPage\",\"@id\":\"https:\/\/physiotherapy.ca\/fr\/le-groupe-dintervention-action-sante-reagit-au-plan-de-financement-du-systeme-de-soins-de-sante\/\",\"url\":\"https:\/\/physiotherapy.ca\/fr\/le-groupe-dintervention-action-sante-reagit-au-plan-de-financement-du-systeme-de-soins-de-sante\/\",\"name\":\"Le Groupe d'intervention action sant\u00e9 r\u00e9agit au plan de financement du syst\u00e8me de soins de sant\u00e9 - Canadian Physiotherapy Association\",\"isPartOf\":{\"@id\":\"https:\/\/physiotherapy.ca\/#website\"},\"datePublished\":\"2023-02-16T15:47:41+00:00\",\"dateModified\":\"2023-02-16T15:47:42+00:00\",\"breadcrumb\":{\"@id\":\"https:\/\/physiotherapy.ca\/fr\/le-groupe-dintervention-action-sante-reagit-au-plan-de-financement-du-systeme-de-soins-de-sante\/#breadcrumb\"},\"inLanguage\":\"fr-FR\",\"potentialAction\":[{\"@type\":\"ReadAction\",\"target\":[\"https:\/\/physiotherapy.ca\/fr\/le-groupe-dintervention-action-sante-reagit-au-plan-de-financement-du-systeme-de-soins-de-sante\/\"]}]},{\"@type\":\"BreadcrumbList\",\"@id\":\"https:\/\/physiotherapy.ca\/fr\/le-groupe-dintervention-action-sante-reagit-au-plan-de-financement-du-systeme-de-soins-de-sante\/#breadcrumb\",\"itemListElement\":[{\"@type\":\"ListItem\",\"position\":1,\"name\":\"Home\",\"item\":\"https:\/\/physiotherapy.ca\/fr\/\"},{\"@type\":\"ListItem\",\"position\":2,\"name\":\"Le Groupe d&#8217;intervention action sant\u00e9 r\u00e9agit au plan de financement du syst\u00e8me de soins de sant\u00e9\"}]},{\"@type\":\"WebSite\",\"@id\":\"https:\/\/physiotherapy.ca\/#website\",\"url\":\"https:\/\/physiotherapy.ca\/\",\"name\":\"Canadian Physiotherapy Association\",\"description\":\"The Canadian Physiotherapy Association (CPA) represents over 16,000 physiotherapy professionals and students across Canada.\",\"potentialAction\":[{\"@type\":\"SearchAction\",\"target\":{\"@type\":\"EntryPoint\",\"urlTemplate\":\"https:\/\/physiotherapy.ca\/?s={search_term_string}\"},\"query-input\":{\"@type\":\"PropertyValueSpecification\",\"valueRequired\":true,\"valueName\":\"search_term_string\"}}],\"inLanguage\":\"fr-FR\"}]}<\/script>\n<!-- \/ Yoast SEO plugin. -->","yoast_head_json":{"title":"Le Groupe d'intervention action sant\u00e9 r\u00e9agit au plan de financement du syst\u00e8me de soins de sant\u00e9 - Canadian Physiotherapy Association","robots":{"index":"index","follow":"follow","max-snippet":"max-snippet:-1","max-image-preview":"max-image-preview:large","max-video-preview":"max-video-preview:-1"},"canonical":"https:\/\/physiotherapy.ca\/fr\/le-groupe-dintervention-action-sante-reagit-au-plan-de-financement-du-systeme-de-soins-de-sante\/","og_locale":"fr_FR","og_type":"article","og_title":"Le Groupe d'intervention action sant\u00e9 r\u00e9agit au plan de financement du syst\u00e8me de soins de sant\u00e9 - Canadian Physiotherapy Association","og_description":"Le 8 f\u00e9vrier 2023 (Ottawa, Ontario) GIAS, le Groupe d&#8217;intervention action sant\u00e9, qui repr\u00e9sente les int\u00e9r\u00eats de 40 organisations nationales de sant\u00e9 qui se consacrent \u00e0 l&#8217;am\u00e9lioration de la sant\u00e9 des Canadiens et de la qualit\u00e9 des soins qu&#8217;ils re\u00e7oivent, [&hellip;]","og_url":"https:\/\/physiotherapy.ca\/fr\/le-groupe-dintervention-action-sante-reagit-au-plan-de-financement-du-systeme-de-soins-de-sante\/","og_site_name":"Canadian Physiotherapy Association","article_modified_time":"2023-02-16T15:47:42+00:00","twitter_card":"summary_large_image","twitter_misc":{"Est. reading time":"3 minutes"},"schema":{"@context":"https:\/\/schema.org","@graph":[{"@type":"WebPage","@id":"https:\/\/physiotherapy.ca\/fr\/le-groupe-dintervention-action-sante-reagit-au-plan-de-financement-du-systeme-de-soins-de-sante\/","url":"https:\/\/physiotherapy.ca\/fr\/le-groupe-dintervention-action-sante-reagit-au-plan-de-financement-du-systeme-de-soins-de-sante\/","name":"Le Groupe d'intervention action sant\u00e9 r\u00e9agit au plan de financement du syst\u00e8me de soins de sant\u00e9 - Canadian Physiotherapy Association","isPartOf":{"@id":"https:\/\/physiotherapy.ca\/#website"},"datePublished":"2023-02-16T15:47:41+00:00","dateModified":"2023-02-16T15:47:42+00:00","breadcrumb":{"@id":"https:\/\/physiotherapy.ca\/fr\/le-groupe-dintervention-action-sante-reagit-au-plan-de-financement-du-systeme-de-soins-de-sante\/#breadcrumb"},"inLanguage":"fr-FR","potentialAction":[{"@type":"ReadAction","target":["https:\/\/physiotherapy.ca\/fr\/le-groupe-dintervention-action-sante-reagit-au-plan-de-financement-du-systeme-de-soins-de-sante\/"]}]},{"@type":"BreadcrumbList","@id":"https:\/\/physiotherapy.ca\/fr\/le-groupe-dintervention-action-sante-reagit-au-plan-de-financement-du-systeme-de-soins-de-sante\/#breadcrumb","itemListElement":[{"@type":"ListItem","position":1,"name":"Home","item":"https:\/\/physiotherapy.ca\/fr\/"},{"@type":"ListItem","position":2,"name":"Le Groupe d&#8217;intervention action sant\u00e9 r\u00e9agit au plan de financement du syst\u00e8me de soins de sant\u00e9"}]},{"@type":"WebSite","@id":"https:\/\/physiotherapy.ca\/#website","url":"https:\/\/physiotherapy.ca\/","name":"Canadian Physiotherapy Association","description":"The Canadian Physiotherapy Association (CPA) represents over 16,000 physiotherapy professionals and students across Canada.","potentialAction":[{"@type":"SearchAction","target":{"@type":"EntryPoint","urlTemplate":"https:\/\/physiotherapy.ca\/?s={search_term_string}"},"query-input":{"@type":"PropertyValueSpecification","valueRequired":true,"valueName":"search_term_string"}}],"inLanguage":"fr-FR"}]}},"_links":{"self":[{"href":"https:\/\/physiotherapy.ca\/fr\/wp-json\/wp\/v2\/pages\/92138","targetHints":{"allow":["GET"]}}],"collection":[{"href":"https:\/\/physiotherapy.ca\/fr\/wp-json\/wp\/v2\/pages"}],"about":[{"href":"https:\/\/physiotherapy.ca\/fr\/wp-json\/wp\/v2\/types\/page"}],"author":[{"embeddable":true,"href":"https:\/\/physiotherapy.ca\/fr\/wp-json\/wp\/v2\/users\/2792"}],"replies":[{"embeddable":true,"href":"https:\/\/physiotherapy.ca\/fr\/wp-json\/wp\/v2\/comments?post=92138"}],"version-history":[{"count":1,"href":"https:\/\/physiotherapy.ca\/fr\/wp-json\/wp\/v2\/pages\/92138\/revisions"}],"predecessor-version":[{"id":92139,"href":"https:\/\/physiotherapy.ca\/fr\/wp-json\/wp\/v2\/pages\/92138\/revisions\/92139"}],"wp:attachment":[{"href":"https:\/\/physiotherapy.ca\/fr\/wp-json\/wp\/v2\/media?parent=92138"}],"wp:term":[{"taxonomy":"topic","embeddable":true,"href":"https:\/\/physiotherapy.ca\/fr\/wp-json\/wp\/v2\/topic?post=92138"}],"curies":[{"name":"wp","href":"https:\/\/api.w.org\/{rel}","templated":true}]}}