{"id":92140,"date":"2023-02-16T10:51:15","date_gmt":"2023-02-16T15:51:15","guid":{"rendered":"https:\/\/physiotherapy.ca\/?page_id=92140"},"modified":"2023-02-16T10:51:16","modified_gmt":"2023-02-16T15:51:16","slug":"la-cps-accueille-favorablement-les-investissements-proposes-par-le-gouvernement-federal-dans-les-services-de-soins-de-sante","status":"publish","type":"page","link":"https:\/\/physiotherapy.ca\/fr\/la-cps-accueille-favorablement-les-investissements-proposes-par-le-gouvernement-federal-dans-les-services-de-soins-de-sante\/","title":{"rendered":"La CPS accueille favorablement les investissements propos\u00e9s par le gouvernement f\u00e9d\u00e9ral dans les services de soins de sant\u00e9."},"content":{"rendered":"\n<p>Le 9 f\u00e9vrier 2023 \u2014 La Coalition des professionnels de la sant\u00e9 (CPS) est encourag\u00e9e par la r\u00e9cente proposition du gouvernement f\u00e9d\u00e9ral d\u2019investir 196,1 milliards de dollars sur 10 ans dans les services de sant\u00e9. Ces fonds sont un pas dans la bonne direction pour offrir un meilleur soutien aux travailleurs de la sant\u00e9, \u00e9largir l\u2019acc\u00e8s aux services, am\u00e9liorer l\u2019acc\u00e8s aux services de sant\u00e9 mentale et de toxicomanie, et am\u00e9liorer la performance et les responsabilit\u00e9s du syst\u00e8me.<br><br>Pour s\u2019attaquer pleinement \u00e0 la crise des soins de sant\u00e9, il faut reconna\u00eetre que les soins de sant\u00e9 au Canada sont depuis longtemps dispens\u00e9s par des syst\u00e8mes publics et priv\u00e9s. Les soins de sant\u00e9 dispens\u00e9s dans les communaut\u00e9s par des non-m\u00e9decins ne sont pas financ\u00e9s par l\u2019\u00c9tat. Environ un tiers des soins de sant\u00e9 au Canada sont fournis et financ\u00e9s par le secteur priv\u00e9, dont beaucoup sont des petites entreprises repr\u00e9sent\u00e9es par les membres de la CPS.<br><br>La CPS demande instamment aux dirigeants f\u00e9d\u00e9raux, provinciaux et territoriaux d\u2019envisager des solutions progressives pour la prestation des soins de sant\u00e9 qui incluent les soins dispens\u00e9s dans les \u00e9tablissements publics et priv\u00e9s et de veiller \u00e0 ce que l\u2019ensemble des professionnels de la sant\u00e9 r\u00e9glement\u00e9s du Canada contribuent \u00e0 ce que les Canadiens aient acc\u00e8s aux soins en temps opportun.<br><br>\u00ab Nous encourageons les d\u00e9cideurs \u00e0 \u00e9largir leur compr\u00e9hension du paysage des soins de sant\u00e9 au Canada. Les professionnels de la sant\u00e9 qui travaillent dans les communaut\u00e9s jouent un r\u00f4le important dans la sant\u00e9 des Canadiens et doivent \u00eatre inclus dans la conversation \u00bb, a d\u00e9clar\u00e9 la pr\u00e9sidente de la CPS, Ondina Love. \u00ab Pour relever les nombreux d\u00e9fis auxquels sont confront\u00e9s les soins de sant\u00e9 au Canada, il faudra mettre toutes les mains \u00e0 la p\u00e2te, et nos membres offrent l\u2019expertise et la perspective n\u00e9cessaires pour garder les Canadiens en sant\u00e9 et productifs. \u00bb<br><br>La CPS regroupe plus de 100 000 professionnels de la sant\u00e9 r\u00e9glement\u00e9s au Canada. Nous parlons d\u2019une seule voix pour faire en sorte que les services de sant\u00e9 fournis dans les secteurs public et priv\u00e9 soient pleinement reconnus et valoris\u00e9s par les intervenants et les d\u00e9cideurs. Nos membres jouent un r\u00f4le essentiel dans la sant\u00e9 et le bien-\u00eatre des Canadiens en offrant des soins pr\u00e9ventifs et diagnostiques. Nous demandons aux gouvernements f\u00e9d\u00e9ral, provinciaux et territoriaux d\u2019inclure activement nos membres dans les domaines suivants :<\/p>\n\n\n\n<ul class=\"wp-block-list\"><li>S\u2019attaquer \u00e0 la crise des ressources humaines en sant\u00e9 en investissant dans des strat\u00e9gies de recrutement et de maintien en poste \u00e0 court et \u00e0 long terme pour tous les praticiens de la sant\u00e9, par le biais d\u2019initiatives telles que l\u2019\u00e9largissement du Programme canadien d\u2019exon\u00e9ration des pr\u00eats aux \u00e9tudiants.<\/li><li>Am\u00e9liorer l\u2019acc\u00e8s aux soins primaires communautaires interdisciplinaires, qui comprennent les services fournis par des professionnels tels que les audiologistes, les chiropraticiens, les hygi\u00e9nistes dentaires, les dentistes, les denturologistes, les di\u00e9t\u00e9ticiens, les ergoth\u00e9rapeutes, les optom\u00e9tristes, les physioth\u00e9rapeutes, les psychologues, les orthophonistes et les travailleurs sociaux.<\/li><li>Faciliter la collecte de donn\u00e9es sur la main-d\u2019oeuvre afin d\u2019identifier et de comprendre les tendances et les d\u00e9fis en mati\u00e8re de main-d\u2019oeuvre, ainsi que les solutions, dans les secteurs public et priv\u00e9.<\/li><\/ul>\n\n\n\n<p>La CPS attend avec impatience les d\u00e9tails de la proposition du gouvernement f\u00e9d\u00e9ral au fur et \u00e0 mesure que les deux niveaux de gouvernement poursuivent leurs discussions. Nous sommes pr\u00eats \u00e0 travailler avec tous les niveaux de gouvernement pour soutenir et renforcer la prestation des soins de sant\u00e9 au Canada.<br><br>\u00c0 propos de la CPS : La CPS est une coalition d\u2019organisations repr\u00e9sentant les audiologistes, les chiropraticiens, les hygi\u00e9nistes dentaires, les dentistes, les denturologistes, les di\u00e9t\u00e9tistes, les ergoth\u00e9rapeutes, les optom\u00e9tristes, les physioth\u00e9rapeutes, les psychologues, les orthophonistes et les travailleurs sociaux du Canada. En tant que professions r\u00e9glement\u00e9es, ces praticiennes et praticiens jouent un r\u00f4le essentiel au sein de l\u2019\u00e9quipe de soins de sant\u00e9 de chaque Canadien et assurent un acc\u00e8s rapide aux traitements n\u00e9cessaires. Notre coalition s\u2019efforce de faire en sorte que les services de sant\u00e9 fournis dans les secteurs public et priv\u00e9 soient pleinement reconnus par les parties prenantes et les d\u00e9cideurs et soient accessibles au public canadien.<\/p>\n\n\n\n<p><strong>Contact<\/strong><br>Ondina Love<br><\/p>\n\n\n\n<p>Pr\u00e9sidente, Coalition des professionnels de la sant\u00e9<br>PDG, Association canadienne des hygi\u00e9nistes dentaires<br>OLove@CDHA.ca | 613-224-5515<\/p>\n","protected":false},"excerpt":{"rendered":"<p>Le 9 f\u00e9vrier 2023 \u2014 La Coalition des professionnels de la sant\u00e9 (CPS) est encourag\u00e9e par la r\u00e9cente proposition du gouvernement f\u00e9d\u00e9ral d\u2019investir 196,1 milliards de dollars sur 10 ans dans les services de sant\u00e9. Ces fonds sont un pas [&hellip;]<\/p>\n","protected":false},"author":2792,"featured_media":0,"parent":0,"menu_order":0,"comment_status":"closed","ping_status":"closed","template":"","meta":{"inline_featured_image":false,"ep_exclude_from_search":false,"footnotes":""},"topic":[],"class_list":["post-92140","page","type-page","status-publish","hentry"],"acf":[],"yoast_head":"<!-- This site is optimized with the Yoast SEO plugin v24.7 - https:\/\/yoast.com\/wordpress\/plugins\/seo\/ -->\n<title>La CPS accueille favorablement les investissements propos\u00e9s par le gouvernement f\u00e9d\u00e9ral dans les services de soins de sant\u00e9. - Canadian Physiotherapy Association<\/title>\n<meta name=\"robots\" content=\"index, follow, max-snippet:-1, max-image-preview:large, max-video-preview:-1\" \/>\n<link rel=\"canonical\" href=\"https:\/\/physiotherapy.ca\/fr\/la-cps-accueille-favorablement-les-investissements-proposes-par-le-gouvernement-federal-dans-les-services-de-soins-de-sante\/\" \/>\n<meta property=\"og:locale\" content=\"fr_FR\" \/>\n<meta property=\"og:type\" content=\"article\" \/>\n<meta property=\"og:title\" content=\"La CPS accueille favorablement les investissements propos\u00e9s par le gouvernement f\u00e9d\u00e9ral dans les services de soins de sant\u00e9. - Canadian Physiotherapy Association\" \/>\n<meta property=\"og:description\" content=\"Le 9 f\u00e9vrier 2023 \u2014 La Coalition des professionnels de la sant\u00e9 (CPS) est encourag\u00e9e par la r\u00e9cente proposition du gouvernement f\u00e9d\u00e9ral d\u2019investir 196,1 milliards de dollars sur 10 ans dans les services de sant\u00e9. Ces fonds sont un pas [&hellip;]\" \/>\n<meta property=\"og:url\" content=\"https:\/\/physiotherapy.ca\/fr\/la-cps-accueille-favorablement-les-investissements-proposes-par-le-gouvernement-federal-dans-les-services-de-soins-de-sante\/\" \/>\n<meta property=\"og:site_name\" content=\"Canadian Physiotherapy Association\" \/>\n<meta property=\"article:modified_time\" content=\"2023-02-16T15:51:16+00:00\" \/>\n<meta name=\"twitter:card\" content=\"summary_large_image\" \/>\n<meta name=\"twitter:label1\" content=\"Est. reading time\" \/>\n\t<meta name=\"twitter:data1\" content=\"4 minutes\" \/>\n<script type=\"application\/ld+json\" class=\"yoast-schema-graph\">{\"@context\":\"https:\/\/schema.org\",\"@graph\":[{\"@type\":\"WebPage\",\"@id\":\"https:\/\/physiotherapy.ca\/fr\/la-cps-accueille-favorablement-les-investissements-proposes-par-le-gouvernement-federal-dans-les-services-de-soins-de-sante\/\",\"url\":\"https:\/\/physiotherapy.ca\/fr\/la-cps-accueille-favorablement-les-investissements-proposes-par-le-gouvernement-federal-dans-les-services-de-soins-de-sante\/\",\"name\":\"La CPS accueille favorablement les investissements propos\u00e9s par le gouvernement f\u00e9d\u00e9ral dans les services de soins de sant\u00e9. - Canadian Physiotherapy Association\",\"isPartOf\":{\"@id\":\"https:\/\/physiotherapy.ca\/#website\"},\"datePublished\":\"2023-02-16T15:51:15+00:00\",\"dateModified\":\"2023-02-16T15:51:16+00:00\",\"breadcrumb\":{\"@id\":\"https:\/\/physiotherapy.ca\/fr\/la-cps-accueille-favorablement-les-investissements-proposes-par-le-gouvernement-federal-dans-les-services-de-soins-de-sante\/#breadcrumb\"},\"inLanguage\":\"fr-FR\",\"potentialAction\":[{\"@type\":\"ReadAction\",\"target\":[\"https:\/\/physiotherapy.ca\/fr\/la-cps-accueille-favorablement-les-investissements-proposes-par-le-gouvernement-federal-dans-les-services-de-soins-de-sante\/\"]}]},{\"@type\":\"BreadcrumbList\",\"@id\":\"https:\/\/physiotherapy.ca\/fr\/la-cps-accueille-favorablement-les-investissements-proposes-par-le-gouvernement-federal-dans-les-services-de-soins-de-sante\/#breadcrumb\",\"itemListElement\":[{\"@type\":\"ListItem\",\"position\":1,\"name\":\"Home\",\"item\":\"https:\/\/physiotherapy.ca\/fr\/\"},{\"@type\":\"ListItem\",\"position\":2,\"name\":\"La CPS accueille favorablement les investissements propos\u00e9s par le gouvernement f\u00e9d\u00e9ral dans les services de soins de sant\u00e9.\"}]},{\"@type\":\"WebSite\",\"@id\":\"https:\/\/physiotherapy.ca\/#website\",\"url\":\"https:\/\/physiotherapy.ca\/\",\"name\":\"Canadian Physiotherapy Association\",\"description\":\"The Canadian Physiotherapy Association (CPA) represents over 16,000 physiotherapy professionals and students across Canada.\",\"potentialAction\":[{\"@type\":\"SearchAction\",\"target\":{\"@type\":\"EntryPoint\",\"urlTemplate\":\"https:\/\/physiotherapy.ca\/?s={search_term_string}\"},\"query-input\":{\"@type\":\"PropertyValueSpecification\",\"valueRequired\":true,\"valueName\":\"search_term_string\"}}],\"inLanguage\":\"fr-FR\"}]}<\/script>\n<!-- \/ Yoast SEO plugin. -->","yoast_head_json":{"title":"La CPS accueille favorablement les investissements propos\u00e9s par le gouvernement f\u00e9d\u00e9ral dans les services de soins de sant\u00e9. - Canadian Physiotherapy Association","robots":{"index":"index","follow":"follow","max-snippet":"max-snippet:-1","max-image-preview":"max-image-preview:large","max-video-preview":"max-video-preview:-1"},"canonical":"https:\/\/physiotherapy.ca\/fr\/la-cps-accueille-favorablement-les-investissements-proposes-par-le-gouvernement-federal-dans-les-services-de-soins-de-sante\/","og_locale":"fr_FR","og_type":"article","og_title":"La CPS accueille favorablement les investissements propos\u00e9s par le gouvernement f\u00e9d\u00e9ral dans les services de soins de sant\u00e9. - Canadian Physiotherapy Association","og_description":"Le 9 f\u00e9vrier 2023 \u2014 La Coalition des professionnels de la sant\u00e9 (CPS) est encourag\u00e9e par la r\u00e9cente proposition du gouvernement f\u00e9d\u00e9ral d\u2019investir 196,1 milliards de dollars sur 10 ans dans les services de sant\u00e9. Ces fonds sont un pas [&hellip;]","og_url":"https:\/\/physiotherapy.ca\/fr\/la-cps-accueille-favorablement-les-investissements-proposes-par-le-gouvernement-federal-dans-les-services-de-soins-de-sante\/","og_site_name":"Canadian Physiotherapy Association","article_modified_time":"2023-02-16T15:51:16+00:00","twitter_card":"summary_large_image","twitter_misc":{"Est. reading time":"4 minutes"},"schema":{"@context":"https:\/\/schema.org","@graph":[{"@type":"WebPage","@id":"https:\/\/physiotherapy.ca\/fr\/la-cps-accueille-favorablement-les-investissements-proposes-par-le-gouvernement-federal-dans-les-services-de-soins-de-sante\/","url":"https:\/\/physiotherapy.ca\/fr\/la-cps-accueille-favorablement-les-investissements-proposes-par-le-gouvernement-federal-dans-les-services-de-soins-de-sante\/","name":"La CPS accueille favorablement les investissements propos\u00e9s par le gouvernement f\u00e9d\u00e9ral dans les services de soins de sant\u00e9. - Canadian Physiotherapy Association","isPartOf":{"@id":"https:\/\/physiotherapy.ca\/#website"},"datePublished":"2023-02-16T15:51:15+00:00","dateModified":"2023-02-16T15:51:16+00:00","breadcrumb":{"@id":"https:\/\/physiotherapy.ca\/fr\/la-cps-accueille-favorablement-les-investissements-proposes-par-le-gouvernement-federal-dans-les-services-de-soins-de-sante\/#breadcrumb"},"inLanguage":"fr-FR","potentialAction":[{"@type":"ReadAction","target":["https:\/\/physiotherapy.ca\/fr\/la-cps-accueille-favorablement-les-investissements-proposes-par-le-gouvernement-federal-dans-les-services-de-soins-de-sante\/"]}]},{"@type":"BreadcrumbList","@id":"https:\/\/physiotherapy.ca\/fr\/la-cps-accueille-favorablement-les-investissements-proposes-par-le-gouvernement-federal-dans-les-services-de-soins-de-sante\/#breadcrumb","itemListElement":[{"@type":"ListItem","position":1,"name":"Home","item":"https:\/\/physiotherapy.ca\/fr\/"},{"@type":"ListItem","position":2,"name":"La CPS accueille favorablement les investissements propos\u00e9s par le gouvernement f\u00e9d\u00e9ral dans les services de soins de sant\u00e9."}]},{"@type":"WebSite","@id":"https:\/\/physiotherapy.ca\/#website","url":"https:\/\/physiotherapy.ca\/","name":"Canadian Physiotherapy Association","description":"The Canadian Physiotherapy Association (CPA) represents over 16,000 physiotherapy professionals and students across Canada.","potentialAction":[{"@type":"SearchAction","target":{"@type":"EntryPoint","urlTemplate":"https:\/\/physiotherapy.ca\/?s={search_term_string}"},"query-input":{"@type":"PropertyValueSpecification","valueRequired":true,"valueName":"search_term_string"}}],"inLanguage":"fr-FR"}]}},"_links":{"self":[{"href":"https:\/\/physiotherapy.ca\/fr\/wp-json\/wp\/v2\/pages\/92140","targetHints":{"allow":["GET"]}}],"collection":[{"href":"https:\/\/physiotherapy.ca\/fr\/wp-json\/wp\/v2\/pages"}],"about":[{"href":"https:\/\/physiotherapy.ca\/fr\/wp-json\/wp\/v2\/types\/page"}],"author":[{"embeddable":true,"href":"https:\/\/physiotherapy.ca\/fr\/wp-json\/wp\/v2\/users\/2792"}],"replies":[{"embeddable":true,"href":"https:\/\/physiotherapy.ca\/fr\/wp-json\/wp\/v2\/comments?post=92140"}],"version-history":[{"count":1,"href":"https:\/\/physiotherapy.ca\/fr\/wp-json\/wp\/v2\/pages\/92140\/revisions"}],"predecessor-version":[{"id":92141,"href":"https:\/\/physiotherapy.ca\/fr\/wp-json\/wp\/v2\/pages\/92140\/revisions\/92141"}],"wp:attachment":[{"href":"https:\/\/physiotherapy.ca\/fr\/wp-json\/wp\/v2\/media?parent=92140"}],"wp:term":[{"taxonomy":"topic","embeddable":true,"href":"https:\/\/physiotherapy.ca\/fr\/wp-json\/wp\/v2\/topic?post=92140"}],"curies":[{"name":"wp","href":"https:\/\/api.w.org\/{rel}","templated":true}]}}