{"id":96118,"date":"2023-03-23T12:08:49","date_gmt":"2023-03-23T16:08:49","guid":{"rendered":"https:\/\/physiotherapy.ca\/?page_id=96118"},"modified":"2023-06-16T09:15:12","modified_gmt":"2023-06-16T13:15:12","slug":"congres-2023-presentations-eclair","status":"publish","type":"page","link":"https:\/\/physiotherapy.ca\/fr\/congres-2023-presentations-eclair\/","title":{"rendered":"Congr\u00e8s 2023 Pr\u00e9sentations \u00e9clair"},"content":{"rendered":"\n<h2 class=\"wp-block-heading\">Vendredi&nbsp;14&nbsp;juillet 2023<\/h2>\n\n\n\n<h3 class=\"wp-block-heading\">D\u00e9jeuner dans la salle d\u2019exposition de 8&nbsp;h&nbsp;30 \u00e0 8&nbsp;h&nbsp;55<\/h3>\n\n\n\n<ul class=\"wp-block-list\"><li><strong>R\u00e9troaction auditive en temps r\u00e9el pour am\u00e9liorer la marche chez les personnes vivant avec la maladie de Parkinson<\/strong><br>Th\u00e8me : Neurosciences<\/li><li><strong>Besoins de connaissances, de confiance en soi et de formation des physioth\u00e9rapeutes canadiens qui travaillent avec des patients atteints de d\u00e9mence<\/strong><br>Th\u00e8me : Seniors&#8217; Health<\/li><li><strong>Recours \u00e0 la r\u00e9adaptation chez les patients atteints de cancer du cou et de la t\u00eate qui suivent un traitement&nbsp;: une revue exploratoire<\/strong><br>Th\u00e8me : Oncologie<\/li><li><strong>Parler de sant\u00e9 osseuse dans les cas de cancer du sein&nbsp;: programme Sant\u00e9 seins &amp; os<\/strong><br>Th\u00e8me : Oncologie<\/li><li><strong>Participation des personnes \u00e2g\u00e9es vivant dans la communaut\u00e9 pendant la pand\u00e9mie de COVID-19&nbsp;: une analyse transversale<\/strong><br>Th\u00e8me : Sant\u00e9 des a\u00een\u00e9s<\/li><\/ul>\n\n\n\n<h2 class=\"wp-block-heading\">Vendredi&nbsp;14&nbsp;juillet 2023<\/h2>\n\n\n\n<h3 class=\"wp-block-heading\">D\u00e9jeuner dans la salle d\u2019exposition de 8&nbsp;h&nbsp;30 \u00e0 8&nbsp;h&nbsp;55 <\/h3>\n\n\n\n<ul class=\"wp-block-list\"><li><strong>Programmes d\u2019activit\u00e9 physique culturellement respectueux pour les personnes autochtones<\/strong><br>Th\u00e8me : Sant\u00e9 mondiale<\/li><li><strong>Le pourquoi et le comment des choix de formation continue que font les physioth\u00e9rapeutes au Canada&nbsp;: une \u00e9tude de cas<\/strong><\/li><li><strong>Apprentissage r\u00e9flexif et cercles de parole avec des \u00e9tudiants en physioth\u00e9rapie dans une clinique de neuro-r\u00e9adaptation<\/strong><\/li><li><strong>Concevoir la trousse Profitez au maximum de votre journ\u00e9e pour aider les physioth\u00e9rapeutes \u00e0 am\u00e9liorer la discussion sur les comportements autour du mouvement&nbsp;: r\u00e9sultats d\u2019un processus multi-\u00e9tudes sur la convivialit\u00e9 et la recherche d\u2019un consensus<\/strong><br>Th\u00e8me :  Pratique priv\u00e9e<\/li><\/ul>\n\n\n\n<h2 class=\"wp-block-heading\">Samedi&nbsp;15&nbsp;juillet 2023<\/h2>\n\n\n\n<h3 class=\"wp-block-heading\">D\u00e9jeuner dans la salle d\u2019exposition de 8\u00a0h\u00a030 \u00e0 8\u00a0h\u00a055<\/h3>\n\n\n\n<ul class=\"wp-block-list\"><li><strong>Programme de t\u00e9l\u00e9sant\u00e9 de pr\u00e9vention des chutes au sein de communaut\u00e9s francophones en situation minoritaire&nbsp;: l\u2019acc\u00e8s et l\u2019adoption<\/strong><br>Th\u00e8me :  Sant\u00e9 des a\u00een\u00e9s<\/li><li><strong><strong>Activit\u00e9 physique et diab\u00e8te&nbsp;: d\u00e9finition de comp\u00e9tences et d\u2019une trajectoire d\u2019orientation pour clarifier les r\u00f4les en premi\u00e8re ligne<\/strong><\/strong><\/li><li><strong>Stimulations magn\u00e9tiques transcr\u00e2niennes r\u00e9p\u00e9t\u00e9es seules ou en combinaison avec des exercices de contr\u00f4le moteur dans le traitement de la lombalgie chronique non sp\u00e9cifique&nbsp;: ECR ExTraStim<\/strong><br>Th\u00e8me : Orthop\u00e9die<\/li><li><strong>Les attentes et les pr\u00e9f\u00e9rences des patients consultant en physioth\u00e9rapie pour des troubles musculosquelettiques s\u2019alignent-elles avec les guides de pratique clinique? R\u00e9sultats de sondage<\/strong><br>Th\u00e8me :  Pratique priv\u00e9e<\/li><li><strong>Effet de la position en d\u00e9cubitus ventral sur l\u2019incidence du recours \u00e0 l\u2019intubation chez les patients atteints d\u2019insuffisance respiratoire aigu\u00eb associ\u00e9e \u00e0 une infection par la COVID-19&nbsp;: revue syst\u00e9matique et m\u00e9ta-analyse<\/strong><br>Th\u00e8me :  Cardiorespiratoire<\/li><\/ul>\n","protected":false},"excerpt":{"rendered":"<p>Vendredi&nbsp;14&nbsp;juillet 2023 D\u00e9jeuner dans la salle d\u2019exposition de 8&nbsp;h&nbsp;30 \u00e0 8&nbsp;h&nbsp;55 R\u00e9troaction auditive en temps r\u00e9el pour am\u00e9liorer la marche chez les personnes vivant avec la maladie de ParkinsonTh\u00e8me : Neurosciences Besoins de connaissances, de confiance en soi et de [&hellip;]<\/p>\n","protected":false},"author":2792,"featured_media":0,"parent":0,"menu_order":0,"comment_status":"closed","ping_status":"closed","template":"","meta":{"inline_featured_image":false,"ep_exclude_from_search":false,"footnotes":""},"topic":[],"class_list":["post-96118","page","type-page","status-publish","hentry"],"acf":[],"yoast_head":"<!-- This site is optimized with the Yoast SEO plugin v24.7 - https:\/\/yoast.com\/wordpress\/plugins\/seo\/ -->\n<title>Congr\u00e8s 2023 Pr\u00e9sentations \u00e9clair - Canadian Physiotherapy Association<\/title>\n<meta name=\"robots\" content=\"index, follow, max-snippet:-1, max-image-preview:large, max-video-preview:-1\" \/>\n<link rel=\"canonical\" href=\"https:\/\/physiotherapy.ca\/fr\/congres-2023-presentations-eclair\/\" \/>\n<meta property=\"og:locale\" content=\"fr_FR\" \/>\n<meta property=\"og:type\" content=\"article\" \/>\n<meta property=\"og:title\" content=\"Congr\u00e8s 2023 Pr\u00e9sentations \u00e9clair - Canadian Physiotherapy Association\" \/>\n<meta property=\"og:description\" content=\"Vendredi&nbsp;14&nbsp;juillet 2023 D\u00e9jeuner dans la salle d\u2019exposition de 8&nbsp;h&nbsp;30 \u00e0 8&nbsp;h&nbsp;55 R\u00e9troaction auditive en temps r\u00e9el pour am\u00e9liorer la marche chez les personnes vivant avec la maladie de ParkinsonTh\u00e8me : Neurosciences Besoins de connaissances, de confiance en soi et de [&hellip;]\" \/>\n<meta property=\"og:url\" content=\"https:\/\/physiotherapy.ca\/fr\/congres-2023-presentations-eclair\/\" \/>\n<meta property=\"og:site_name\" content=\"Canadian Physiotherapy Association\" \/>\n<meta property=\"article:modified_time\" content=\"2023-06-16T13:15:12+00:00\" \/>\n<meta name=\"twitter:card\" content=\"summary_large_image\" \/>\n<meta name=\"twitter:label1\" content=\"Est. reading time\" \/>\n\t<meta name=\"twitter:data1\" content=\"2 minutes\" \/>\n<script type=\"application\/ld+json\" class=\"yoast-schema-graph\">{\"@context\":\"https:\/\/schema.org\",\"@graph\":[{\"@type\":\"WebPage\",\"@id\":\"https:\/\/physiotherapy.ca\/fr\/congres-2023-presentations-eclair\/\",\"url\":\"https:\/\/physiotherapy.ca\/fr\/congres-2023-presentations-eclair\/\",\"name\":\"Congr\u00e8s 2023 Pr\u00e9sentations \u00e9clair - Canadian Physiotherapy Association\",\"isPartOf\":{\"@id\":\"https:\/\/physiotherapy.ca\/#website\"},\"datePublished\":\"2023-03-23T16:08:49+00:00\",\"dateModified\":\"2023-06-16T13:15:12+00:00\",\"breadcrumb\":{\"@id\":\"https:\/\/physiotherapy.ca\/fr\/congres-2023-presentations-eclair\/#breadcrumb\"},\"inLanguage\":\"fr-FR\",\"potentialAction\":[{\"@type\":\"ReadAction\",\"target\":[\"https:\/\/physiotherapy.ca\/fr\/congres-2023-presentations-eclair\/\"]}]},{\"@type\":\"BreadcrumbList\",\"@id\":\"https:\/\/physiotherapy.ca\/fr\/congres-2023-presentations-eclair\/#breadcrumb\",\"itemListElement\":[{\"@type\":\"ListItem\",\"position\":1,\"name\":\"Home\",\"item\":\"https:\/\/physiotherapy.ca\/fr\/\"},{\"@type\":\"ListItem\",\"position\":2,\"name\":\"Congr\u00e8s 2023 Pr\u00e9sentations \u00e9clair\"}]},{\"@type\":\"WebSite\",\"@id\":\"https:\/\/physiotherapy.ca\/#website\",\"url\":\"https:\/\/physiotherapy.ca\/\",\"name\":\"Canadian Physiotherapy Association\",\"description\":\"The Canadian Physiotherapy Association (CPA) represents over 16,000 physiotherapy professionals and students across Canada.\",\"potentialAction\":[{\"@type\":\"SearchAction\",\"target\":{\"@type\":\"EntryPoint\",\"urlTemplate\":\"https:\/\/physiotherapy.ca\/?s={search_term_string}\"},\"query-input\":{\"@type\":\"PropertyValueSpecification\",\"valueRequired\":true,\"valueName\":\"search_term_string\"}}],\"inLanguage\":\"fr-FR\"}]}<\/script>\n<!-- \/ Yoast SEO plugin. -->","yoast_head_json":{"title":"Congr\u00e8s 2023 Pr\u00e9sentations \u00e9clair - Canadian Physiotherapy Association","robots":{"index":"index","follow":"follow","max-snippet":"max-snippet:-1","max-image-preview":"max-image-preview:large","max-video-preview":"max-video-preview:-1"},"canonical":"https:\/\/physiotherapy.ca\/fr\/congres-2023-presentations-eclair\/","og_locale":"fr_FR","og_type":"article","og_title":"Congr\u00e8s 2023 Pr\u00e9sentations \u00e9clair - Canadian Physiotherapy Association","og_description":"Vendredi&nbsp;14&nbsp;juillet 2023 D\u00e9jeuner dans la salle d\u2019exposition de 8&nbsp;h&nbsp;30 \u00e0 8&nbsp;h&nbsp;55 R\u00e9troaction auditive en temps r\u00e9el pour am\u00e9liorer la marche chez les personnes vivant avec la maladie de ParkinsonTh\u00e8me : Neurosciences Besoins de connaissances, de confiance en soi et de [&hellip;]","og_url":"https:\/\/physiotherapy.ca\/fr\/congres-2023-presentations-eclair\/","og_site_name":"Canadian Physiotherapy Association","article_modified_time":"2023-06-16T13:15:12+00:00","twitter_card":"summary_large_image","twitter_misc":{"Est. reading time":"2 minutes"},"schema":{"@context":"https:\/\/schema.org","@graph":[{"@type":"WebPage","@id":"https:\/\/physiotherapy.ca\/fr\/congres-2023-presentations-eclair\/","url":"https:\/\/physiotherapy.ca\/fr\/congres-2023-presentations-eclair\/","name":"Congr\u00e8s 2023 Pr\u00e9sentations \u00e9clair - Canadian Physiotherapy Association","isPartOf":{"@id":"https:\/\/physiotherapy.ca\/#website"},"datePublished":"2023-03-23T16:08:49+00:00","dateModified":"2023-06-16T13:15:12+00:00","breadcrumb":{"@id":"https:\/\/physiotherapy.ca\/fr\/congres-2023-presentations-eclair\/#breadcrumb"},"inLanguage":"fr-FR","potentialAction":[{"@type":"ReadAction","target":["https:\/\/physiotherapy.ca\/fr\/congres-2023-presentations-eclair\/"]}]},{"@type":"BreadcrumbList","@id":"https:\/\/physiotherapy.ca\/fr\/congres-2023-presentations-eclair\/#breadcrumb","itemListElement":[{"@type":"ListItem","position":1,"name":"Home","item":"https:\/\/physiotherapy.ca\/fr\/"},{"@type":"ListItem","position":2,"name":"Congr\u00e8s 2023 Pr\u00e9sentations \u00e9clair"}]},{"@type":"WebSite","@id":"https:\/\/physiotherapy.ca\/#website","url":"https:\/\/physiotherapy.ca\/","name":"Canadian Physiotherapy Association","description":"The Canadian Physiotherapy Association (CPA) represents over 16,000 physiotherapy professionals and students across Canada.","potentialAction":[{"@type":"SearchAction","target":{"@type":"EntryPoint","urlTemplate":"https:\/\/physiotherapy.ca\/?s={search_term_string}"},"query-input":{"@type":"PropertyValueSpecification","valueRequired":true,"valueName":"search_term_string"}}],"inLanguage":"fr-FR"}]}},"_links":{"self":[{"href":"https:\/\/physiotherapy.ca\/fr\/wp-json\/wp\/v2\/pages\/96118","targetHints":{"allow":["GET"]}}],"collection":[{"href":"https:\/\/physiotherapy.ca\/fr\/wp-json\/wp\/v2\/pages"}],"about":[{"href":"https:\/\/physiotherapy.ca\/fr\/wp-json\/wp\/v2\/types\/page"}],"author":[{"embeddable":true,"href":"https:\/\/physiotherapy.ca\/fr\/wp-json\/wp\/v2\/users\/2792"}],"replies":[{"embeddable":true,"href":"https:\/\/physiotherapy.ca\/fr\/wp-json\/wp\/v2\/comments?post=96118"}],"version-history":[{"count":2,"href":"https:\/\/physiotherapy.ca\/fr\/wp-json\/wp\/v2\/pages\/96118\/revisions"}],"predecessor-version":[{"id":105503,"href":"https:\/\/physiotherapy.ca\/fr\/wp-json\/wp\/v2\/pages\/96118\/revisions\/105503"}],"wp:attachment":[{"href":"https:\/\/physiotherapy.ca\/fr\/wp-json\/wp\/v2\/media?parent=96118"}],"wp:term":[{"taxonomy":"topic","embeddable":true,"href":"https:\/\/physiotherapy.ca\/fr\/wp-json\/wp\/v2\/topic?post=96118"}],"curies":[{"name":"wp","href":"https:\/\/api.w.org\/{rel}","templated":true}]}}