{"id":97975,"date":"2023-04-06T12:35:26","date_gmt":"2023-04-06T16:35:26","guid":{"rendered":"https:\/\/physiotherapy.ca\/?page_id=97975"},"modified":"2023-04-19T09:13:55","modified_gmt":"2023-04-19T13:13:55","slug":"foire-aux-questions","status":"publish","type":"page","link":"https:\/\/physiotherapy.ca\/fr\/education-et-evenements\/cours-et-evenements\/congres-2023\/foire-aux-questions\/","title":{"rendered":"Foire aux questions"},"content":{"rendered":"\n<h3 class=\"wp-block-heading\">Inscription<\/h3>\n\n\n\n<p><strong>Est-ce que je dois m\u2019inscrire \u00e0 l\u2019avance?<\/strong><\/p>\n\n\n\n<p>Non.&nbsp;Les inscriptions sur place, c\u2019est-\u00e0-dire au Centre des congr\u00e8s de Qu\u00e9bec, seront possibles \u00e0 partir du jeudi&nbsp;13&nbsp;juillet&nbsp;2023. Cependant, nous vous encourageons fortement \u00e0 vous inscrire \u00e0 l\u2019avance pour b\u00e9n\u00e9ficier des tarifs d\u2019inscription tr\u00e8s h\u00e2tive et d\u2019inscription h\u00e2tive.<\/p>\n\n\n\n<p><strong>Qu\u2019est-ce que l\u2019inscription comprend?<\/strong><\/p>\n\n\n\n<p>Voir les prix et les forfaits sur la page Inscription.<\/p>\n\n\n\n<p><strong><strong>Est-ce que je vais recevoir une confirmation quand je vais m\u2019inscrire?<\/strong><\/strong><\/p>\n\n\n\n<p>Oui. Vous allez recevoir une confirmation par courriel. Si vous ne l\u2019avez pas re\u00e7ue, v\u00e9rifiez votre dossier Courrier ind\u00e9sirable\/Spam. Si vous ne voyez toujours pas votre confirmation, \u00e9crivez \u00e0 <a href=\"mailto:cpa@seatoskymeetings.com\">cpa@seatoskymeetings.com<\/a><\/p>\n\n\n\n<p><strong>Est-ce que je recevrai un remboursement si je dois annuler mon inscription?<\/strong><\/p>\n\n\n\n<p>Voir les d\u00e9tails sur l\u2019annulation et le remboursement sur la page <a href=\"https:\/\/physiotherapy.ca\/fr\/education-et-evenements\/cours-et-evenements\/congres-2023\/politiques-relatives-au-congres\/\">Politiques relatives au congr\u00e8s<\/a>.<\/p>\n\n\n\n<h3 class=\"wp-block-heading\">H\u00f4tel<\/h3>\n\n\n\n<p><strong>Quand puis-je faire une r\u00e9servation \u00e0 l\u2019h\u00f4tel?<\/strong><\/p>\n\n\n\n<p>Vous pouvez r\u00e9server \u00e0 l\u2019h\u00f4tel au tarif n\u00e9goci\u00e9 pour le congr\u00e8s jusqu\u2019au 21&nbsp;mai&nbsp;2023. Les tarifs se trouvent sur la page H\u00f4tel et Voyage.<\/p>\n\n\n\n<p><strong>Quel h\u00f4tel a \u00e9t\u00e9 r\u00e9serv\u00e9? Quels sont les tarifs?<\/strong><\/p>\n\n\n\n<p>Nous avons n\u00e9goci\u00e9 un bloc de chambres \u00e0 l\u2019h\u00f4tel Hilton Qu\u00e9bec qui est \u00e0 quelques pas du Centre des congr\u00e8s de Qu\u00e9bec. Vous trouverez plus d\u2019information et les tarifs sur la page H\u00f4tel et Voyage.<\/p>\n\n\n\n<h3 class=\"wp-block-heading\">Exposants<\/h3>\n\n\n\n<p><strong>Quelles sont les r\u00e8gles pour les kiosques au congr\u00e8s&nbsp;2023?<\/strong><\/p>\n\n\n\n<p>Consultez les R\u00e8glements des kiosques&nbsp;sur la page Ressources pour les exposants (\u00e0 venir bient\u00f4t).<\/p>\n\n\n\n<p><strong>Comment puis-je inscrire le personnel pour mon kiosque?<\/strong>&nbsp;<\/p>\n\n\n\n<p>Vous pouvez inscrire le personnel de votre kiosque en utilisant le lien d\u2019inscription des exposants (\u00e0 venir bient\u00f4t).&nbsp;<\/p>\n\n\n\n<p><strong>O\u00f9 puis-je trouver les informations et les formulaires de commande pour les Exposants?<\/strong><\/p>\n\n\n\n<p>Tous les formulaires de commande se trouvent sur la page Ressources pour les exposants (\u00e0 venir bient\u00f4t).<\/p>\n\n\n\n<p><strong>Quand puis-je arriver pour monter mon kiosque?<\/strong><\/p>\n\n\n\n<p>Consultez l\u2019horaire d\u2019Arriv\u00e9e\/de sortie des exposants&nbsp;sur la page Ressources pour les exposants (\u00e0 venir bient\u00f4t).<\/p>\n\n\n\n<h3 class=\"wp-block-heading\">Adh\u00e9sion \u00e0 l\u2019ACP<\/h3>\n\n\n\n<p><strong>Je voudrais devenir membre de l\u2019ACP pour b\u00e9n\u00e9ficier du tarif d\u2019inscription pour les membres. Qu\u2019est-ce que je dois faire?<\/strong><\/p>\n\n\n\n<p><a href=\"https:\/\/physiotherapy.ca\/fr\/membership-fr\/devenir-membre\/\">Cliquez ici<\/a> pour devenir membre de l\u2019ACP pour b\u00e9n\u00e9ficier du tarif r\u00e9serv\u00e9 aux membres avant de vous inscrire au congr\u00e8s&nbsp;2023.<\/p>\n\n\n\n<h3 class=\"wp-block-heading\">O\u00f9\/Quand<\/h3>\n\n\n\n<p><strong>\u00c0 quel endroit et \u00e0 quelles dates se tiendra le congr\u00e8s&nbsp;2023?<\/strong><\/p>\n\n\n\n<p>Le congr\u00e8s&nbsp;2023 se d\u00e9roulera dans la ville de Qu\u00e9bec, au Qu\u00e9bec du 13 au 15&nbsp;juillet&nbsp;2023 au Centre des congr\u00e8s de Qu\u00e9bec.&nbsp;<\/p>\n\n\n\n<h3 class=\"wp-block-heading\">G\u00e9n\u00e9ral<\/h3>\n\n\n\n<p><strong>Qui sont les personnes-ressources pour le congr\u00e8s&nbsp;2023?<\/strong><\/p>\n\n\n\n<p>Pour la logistique de l\u2019\u00e9v\u00e9nement et la gestion des conf\u00e9renciers et conf\u00e9renci\u00e8res, contactez Vicky Constantineau, directrice principale des \u00e9v\u00e9nements et de la formation \u00e0&nbsp;<a href=\"mailto:cpa@seatoskymeetings.com\">cpa@seatoskymeetings.com<\/a><\/p>\n\n\n\n<p>Pour toute demande en lien avec les exposants et les commandites, contactez Amit Acharya, directrice du d\u00e9veloppement des affaires \u00e0&nbsp;<a href=\"mailto:aacharya@physiotherapy.ca\">aacharya@physiotherapy.ca<\/a><\/p>\n\n\n\n<p><strong>Y a-t-il un stationnement au Centre des congr\u00e8s de Qu\u00e9bec?<\/strong><\/p>\n\n\n\n<p>Oui. Il y aura du stationnement public payant.<\/p>\n\n\n\n<p><strong>Y aura-t-il un acc\u00e8s Internet durant le congr\u00e8s?<\/strong><\/p>\n\n\n\n<p>Le Centre des congr\u00e8s de Qu\u00e9bec offre un acc\u00e8s gratuit au WIFI.<\/p>\n\n\n\n<p><strong>Quels sont les activit\u00e9s de r\u00e9seautage au congr\u00e8s&nbsp;2023?<\/strong><\/p>\n\n\n\n<p>R\u00e9ception d\u2019accueil dans la salle d\u2019exposition \u2013 jeudi&nbsp;13&nbsp;juillet&nbsp;2023<\/p>\n\n\n\n<p>F\u00eate\u2013collecte de fonds \u2013 vendredi&nbsp;14&nbsp;juillet&nbsp;2023<\/p>\n\n\n\n<p><strong>Quels repas sont compris dans le congr\u00e8s&nbsp;2023?<\/strong><\/p>\n\n\n\n<p>jeudi&nbsp;13&nbsp;juillet&nbsp;2023<\/p>\n\n\n\n<ul class=\"wp-block-list\"><li>Pause de l\u2019apr\u00e8s-midi \u2013 rafra\u00eechissements<\/li><li>R\u00e9ception de bienvenue dans la salle d\u2019exposition \u2013 des hors-d\u2019\u0153uvre seront servis<\/li><\/ul>\n\n\n\n<p>vendredi&nbsp;14&nbsp;juillet&nbsp;2023<\/p>\n\n\n\n<ul class=\"wp-block-list\"><li>D\u00e9jeuner<\/li><li>Pause le matin et l\u2019apr\u00e8s-midi<\/li><li>D\u00eener<\/li><li>F\u00eate\u2013collecte de fonds \u2013 il y aura des hors-d\u2019\u0153uvre et des comptoirs de nourriture<\/li><\/ul>\n\n\n\n<p>samedi&nbsp;15&nbsp;juillet&nbsp;2023<\/p>\n\n\n\n<ul class=\"wp-block-list\"><li>D\u00e9jeuner<\/li><li>Pause le matin et l\u2019apr\u00e8s-midi<\/li><li>D\u00eener<\/li><\/ul>\n\n\n\n<p><strong>Est-ce que j\u2019ai besoin d\u2019un billet pour les activit\u00e9s de r\u00e9seautage?<\/strong><\/p>\n\n\n\n<p>Votre inscription au congr\u00e8s&nbsp;2023 comprend un billet pour la r\u00e9ception de bienvenue et un billet pour la f\u00eate\u2013collecte de fonds. L\u2019inscription comme exposant comprend un billet pour la r\u00e9ception de bienvenue. Vous pouvez vous procurer des billets suppl\u00e9mentaires pour la f\u00eate\u2013collecte de fonds lors de l\u2019inscription ou sur place.<\/p>\n\n\n\n<p><strong>Quelles sont les heures d\u2019ouverture du salon d\u2019exposition?<\/strong><\/p>\n\n\n\n<p>Les heures d\u2019ouverture de la salle d\u2019exposition sont&nbsp;:<\/p>\n\n\n\n<p>jeudi&nbsp;13&nbsp;juillet&nbsp;2023 de 14&nbsp;h&nbsp;30 \u00e0 17&nbsp;h et de 19&nbsp;h \u00e0 21&nbsp;h<\/p>\n\n\n\n<p>vendredi&nbsp;14&nbsp;juillet&nbsp;2023 de 9&nbsp;h \u00e0 16&nbsp;h<\/p>\n\n\n\n<p>samedi&nbsp;15&nbsp;juillet&nbsp;2023 de 9&nbsp;h \u00e0 14&nbsp;h<\/p>\n\n\n\n<p><strong>Est-ce qu\u2019il y a une application pour le congr\u00e8s&nbsp;2023?<\/strong><\/p>\n\n\n\n<p>Oui!&nbsp;Naviguez \u00e0 travers le congr\u00e8s&nbsp;2023 comme un pro gr\u00e2ce \u00e0 l\u2019application mobile du congr\u00e8s. L\u2019application sera lanc\u00e9e au d\u00e9but juin&nbsp;2023.<\/p>\n\n\n\n<p><strong>Ma question ne se trouve pas ici. \u00c0 qui pourrais-je parler?<\/strong><\/p>\n\n\n\n<p>\u00c9crivez \u00e0&nbsp;<a href=\"mailto:cpa@seatoskymeetings.com\">cpa@seatoskymeetings.com<\/a>.<\/p>\n","protected":false},"excerpt":{"rendered":"<p>Inscription Est-ce que je dois m\u2019inscrire \u00e0 l\u2019avance? Non.&nbsp;Les inscriptions sur place, c\u2019est-\u00e0-dire au Centre des congr\u00e8s de Qu\u00e9bec, seront possibles \u00e0 partir du jeudi&nbsp;13&nbsp;juillet&nbsp;2023. Cependant, nous vous encourageons fortement \u00e0 vous inscrire \u00e0 l\u2019avance pour b\u00e9n\u00e9ficier des tarifs d\u2019inscription [&hellip;]<\/p>\n","protected":false},"author":2792,"featured_media":0,"parent":4148,"menu_order":12,"comment_status":"closed","ping_status":"closed","template":"","meta":{"inline_featured_image":false,"ep_exclude_from_search":false,"footnotes":""},"topic":[],"class_list":["post-97975","page","type-page","status-publish","hentry"],"acf":[],"yoast_head":"<!-- This site is optimized with the Yoast SEO plugin v24.7 - https:\/\/yoast.com\/wordpress\/plugins\/seo\/ -->\n<title>Foire aux questions - Canadian Physiotherapy Association<\/title>\n<meta name=\"robots\" content=\"index, follow, max-snippet:-1, max-image-preview:large, max-video-preview:-1\" \/>\n<link rel=\"canonical\" href=\"https:\/\/physiotherapy.ca\/fr\/education-et-evenements\/cours-et-evenements\/congres-2023\/foire-aux-questions\/\" \/>\n<meta property=\"og:locale\" content=\"fr_FR\" \/>\n<meta property=\"og:type\" content=\"article\" \/>\n<meta property=\"og:title\" content=\"Foire aux questions - Canadian Physiotherapy Association\" \/>\n<meta property=\"og:description\" content=\"Inscription Est-ce que je dois m\u2019inscrire \u00e0 l\u2019avance? Non.&nbsp;Les inscriptions sur place, c\u2019est-\u00e0-dire au Centre des congr\u00e8s de Qu\u00e9bec, seront possibles \u00e0 partir du jeudi&nbsp;13&nbsp;juillet&nbsp;2023. Cependant, nous vous encourageons fortement \u00e0 vous inscrire \u00e0 l\u2019avance pour b\u00e9n\u00e9ficier des tarifs d\u2019inscription [&hellip;]\" \/>\n<meta property=\"og:url\" content=\"https:\/\/physiotherapy.ca\/fr\/education-et-evenements\/cours-et-evenements\/congres-2023\/foire-aux-questions\/\" \/>\n<meta property=\"og:site_name\" content=\"Canadian Physiotherapy Association\" \/>\n<meta property=\"article:modified_time\" content=\"2023-04-19T13:13:55+00:00\" \/>\n<meta name=\"twitter:card\" content=\"summary_large_image\" \/>\n<meta name=\"twitter:label1\" content=\"Est. reading time\" \/>\n\t<meta name=\"twitter:data1\" content=\"4 minutes\" \/>\n<script type=\"application\/ld+json\" class=\"yoast-schema-graph\">{\"@context\":\"https:\/\/schema.org\",\"@graph\":[{\"@type\":\"WebPage\",\"@id\":\"https:\/\/physiotherapy.ca\/fr\/education-et-evenements\/cours-et-evenements\/congres-2023\/foire-aux-questions\/\",\"url\":\"https:\/\/physiotherapy.ca\/fr\/education-et-evenements\/cours-et-evenements\/congres-2023\/foire-aux-questions\/\",\"name\":\"Foire aux questions - Canadian Physiotherapy Association\",\"isPartOf\":{\"@id\":\"https:\/\/physiotherapy.ca\/#website\"},\"datePublished\":\"2023-04-06T16:35:26+00:00\",\"dateModified\":\"2023-04-19T13:13:55+00:00\",\"breadcrumb\":{\"@id\":\"https:\/\/physiotherapy.ca\/fr\/education-et-evenements\/cours-et-evenements\/congres-2023\/foire-aux-questions\/#breadcrumb\"},\"inLanguage\":\"fr-FR\",\"potentialAction\":[{\"@type\":\"ReadAction\",\"target\":[\"https:\/\/physiotherapy.ca\/fr\/education-et-evenements\/cours-et-evenements\/congres-2023\/foire-aux-questions\/\"]}]},{\"@type\":\"BreadcrumbList\",\"@id\":\"https:\/\/physiotherapy.ca\/fr\/education-et-evenements\/cours-et-evenements\/congres-2023\/foire-aux-questions\/#breadcrumb\",\"itemListElement\":[{\"@type\":\"ListItem\",\"position\":1,\"name\":\"Home\",\"item\":\"https:\/\/physiotherapy.ca\/fr\/\"},{\"@type\":\"ListItem\",\"position\":2,\"name\":\"\u00c9ducation et \u00e9v\u00e9nements\",\"item\":\"https:\/\/physiotherapy.ca\/fr\/education-et-evenements\/\"},{\"@type\":\"ListItem\",\"position\":3,\"name\":\"Cours et \u00e9v\u00e9nements\",\"item\":\"https:\/\/physiotherapy.ca\/fr\/education-et-evenements\/cours-et-evenements\/\"},{\"@type\":\"ListItem\",\"position\":4,\"name\":\"Congr\u00e8s\u00a02023\",\"item\":\"https:\/\/physiotherapy.ca\/fr\/education-et-evenements\/cours-et-evenements\/congres-2023\/\"},{\"@type\":\"ListItem\",\"position\":5,\"name\":\"Foire aux questions\"}]},{\"@type\":\"WebSite\",\"@id\":\"https:\/\/physiotherapy.ca\/#website\",\"url\":\"https:\/\/physiotherapy.ca\/\",\"name\":\"Canadian Physiotherapy Association\",\"description\":\"The Canadian Physiotherapy Association (CPA) represents over 16,000 physiotherapy professionals and students across Canada.\",\"potentialAction\":[{\"@type\":\"SearchAction\",\"target\":{\"@type\":\"EntryPoint\",\"urlTemplate\":\"https:\/\/physiotherapy.ca\/?s={search_term_string}\"},\"query-input\":{\"@type\":\"PropertyValueSpecification\",\"valueRequired\":true,\"valueName\":\"search_term_string\"}}],\"inLanguage\":\"fr-FR\"}]}<\/script>\n<!-- \/ Yoast SEO plugin. -->","yoast_head_json":{"title":"Foire aux questions - Canadian Physiotherapy Association","robots":{"index":"index","follow":"follow","max-snippet":"max-snippet:-1","max-image-preview":"max-image-preview:large","max-video-preview":"max-video-preview:-1"},"canonical":"https:\/\/physiotherapy.ca\/fr\/education-et-evenements\/cours-et-evenements\/congres-2023\/foire-aux-questions\/","og_locale":"fr_FR","og_type":"article","og_title":"Foire aux questions - Canadian Physiotherapy Association","og_description":"Inscription Est-ce que je dois m\u2019inscrire \u00e0 l\u2019avance? Non.&nbsp;Les inscriptions sur place, c\u2019est-\u00e0-dire au Centre des congr\u00e8s de Qu\u00e9bec, seront possibles \u00e0 partir du jeudi&nbsp;13&nbsp;juillet&nbsp;2023. Cependant, nous vous encourageons fortement \u00e0 vous inscrire \u00e0 l\u2019avance pour b\u00e9n\u00e9ficier des tarifs d\u2019inscription [&hellip;]","og_url":"https:\/\/physiotherapy.ca\/fr\/education-et-evenements\/cours-et-evenements\/congres-2023\/foire-aux-questions\/","og_site_name":"Canadian Physiotherapy Association","article_modified_time":"2023-04-19T13:13:55+00:00","twitter_card":"summary_large_image","twitter_misc":{"Est. reading time":"4 minutes"},"schema":{"@context":"https:\/\/schema.org","@graph":[{"@type":"WebPage","@id":"https:\/\/physiotherapy.ca\/fr\/education-et-evenements\/cours-et-evenements\/congres-2023\/foire-aux-questions\/","url":"https:\/\/physiotherapy.ca\/fr\/education-et-evenements\/cours-et-evenements\/congres-2023\/foire-aux-questions\/","name":"Foire aux questions - Canadian Physiotherapy Association","isPartOf":{"@id":"https:\/\/physiotherapy.ca\/#website"},"datePublished":"2023-04-06T16:35:26+00:00","dateModified":"2023-04-19T13:13:55+00:00","breadcrumb":{"@id":"https:\/\/physiotherapy.ca\/fr\/education-et-evenements\/cours-et-evenements\/congres-2023\/foire-aux-questions\/#breadcrumb"},"inLanguage":"fr-FR","potentialAction":[{"@type":"ReadAction","target":["https:\/\/physiotherapy.ca\/fr\/education-et-evenements\/cours-et-evenements\/congres-2023\/foire-aux-questions\/"]}]},{"@type":"BreadcrumbList","@id":"https:\/\/physiotherapy.ca\/fr\/education-et-evenements\/cours-et-evenements\/congres-2023\/foire-aux-questions\/#breadcrumb","itemListElement":[{"@type":"ListItem","position":1,"name":"Home","item":"https:\/\/physiotherapy.ca\/fr\/"},{"@type":"ListItem","position":2,"name":"\u00c9ducation et \u00e9v\u00e9nements","item":"https:\/\/physiotherapy.ca\/fr\/education-et-evenements\/"},{"@type":"ListItem","position":3,"name":"Cours et \u00e9v\u00e9nements","item":"https:\/\/physiotherapy.ca\/fr\/education-et-evenements\/cours-et-evenements\/"},{"@type":"ListItem","position":4,"name":"Congr\u00e8s\u00a02023","item":"https:\/\/physiotherapy.ca\/fr\/education-et-evenements\/cours-et-evenements\/congres-2023\/"},{"@type":"ListItem","position":5,"name":"Foire aux questions"}]},{"@type":"WebSite","@id":"https:\/\/physiotherapy.ca\/#website","url":"https:\/\/physiotherapy.ca\/","name":"Canadian Physiotherapy Association","description":"The Canadian Physiotherapy Association (CPA) represents over 16,000 physiotherapy professionals and students across Canada.","potentialAction":[{"@type":"SearchAction","target":{"@type":"EntryPoint","urlTemplate":"https:\/\/physiotherapy.ca\/?s={search_term_string}"},"query-input":{"@type":"PropertyValueSpecification","valueRequired":true,"valueName":"search_term_string"}}],"inLanguage":"fr-FR"}]}},"_links":{"self":[{"href":"https:\/\/physiotherapy.ca\/fr\/wp-json\/wp\/v2\/pages\/97975","targetHints":{"allow":["GET"]}}],"collection":[{"href":"https:\/\/physiotherapy.ca\/fr\/wp-json\/wp\/v2\/pages"}],"about":[{"href":"https:\/\/physiotherapy.ca\/fr\/wp-json\/wp\/v2\/types\/page"}],"author":[{"embeddable":true,"href":"https:\/\/physiotherapy.ca\/fr\/wp-json\/wp\/v2\/users\/2792"}],"replies":[{"embeddable":true,"href":"https:\/\/physiotherapy.ca\/fr\/wp-json\/wp\/v2\/comments?post=97975"}],"version-history":[{"count":3,"href":"https:\/\/physiotherapy.ca\/fr\/wp-json\/wp\/v2\/pages\/97975\/revisions"}],"predecessor-version":[{"id":99071,"href":"https:\/\/physiotherapy.ca\/fr\/wp-json\/wp\/v2\/pages\/97975\/revisions\/99071"}],"up":[{"embeddable":true,"href":"https:\/\/physiotherapy.ca\/fr\/wp-json\/wp\/v2\/pages\/4148"}],"wp:attachment":[{"href":"https:\/\/physiotherapy.ca\/fr\/wp-json\/wp\/v2\/media?parent=97975"}],"wp:term":[{"taxonomy":"topic","embeddable":true,"href":"https:\/\/physiotherapy.ca\/fr\/wp-json\/wp\/v2\/topic?post=97975"}],"curies":[{"name":"wp","href":"https:\/\/api.w.org\/{rel}","templated":true}]}}