{"id":98380,"date":"2023-04-18T15:34:43","date_gmt":"2023-04-18T19:34:43","guid":{"rendered":"https:\/\/physiotherapy.ca\/?page_id=98380"},"modified":"2023-04-28T21:22:06","modified_gmt":"2023-04-29T01:22:06","slug":"mois-national-de-la-physiotherapie-2023","status":"publish","type":"page","link":"https:\/\/physiotherapy.ca\/fr\/representation-2\/advocacy-updates-fr\/mois-national-de-la-physiotherapie-2023\/","title":{"rendered":"Mois national de la physioth\u00e9rapie 2023"},"content":{"rendered":"\n<figure class=\"wp-block-image size-large is-resized\"><img loading=\"lazy\" decoding=\"async\" src=\"https:\/\/physiotherapy.ca\/app\/uploads\/2023\/04\/CPA_NPM2023_Website_LandingBanner_FR_v1-1024x263.jpg\" alt=\"\" class=\"wp-image-98679\" width=\"906\" height=\"232\" srcset=\"https:\/\/physiotherapy.ca\/app\/uploads\/2023\/04\/CPA_NPM2023_Website_LandingBanner_FR_v1-1024x263.jpg 1024w, https:\/\/physiotherapy.ca\/app\/uploads\/2023\/04\/CPA_NPM2023_Website_LandingBanner_FR_v1-300x77.jpg 300w, https:\/\/physiotherapy.ca\/app\/uploads\/2023\/04\/CPA_NPM2023_Website_LandingBanner_FR_v1-768x197.jpg 768w, https:\/\/physiotherapy.ca\/app\/uploads\/2023\/04\/CPA_NPM2023_Website_LandingBanner_FR_v1-390x100.jpg 390w, https:\/\/physiotherapy.ca\/app\/uploads\/2023\/04\/CPA_NPM2023_Website_LandingBanner_FR_v1-600x154.jpg 600w, https:\/\/physiotherapy.ca\/app\/uploads\/2023\/04\/CPA_NPM2023_Website_LandingBanner_FR_v1.jpg 1170w\" sizes=\"auto, (max-width: 906px) 100vw, 906px\" \/><\/figure>\n\n\n\n<div style=\"height:40px\" aria-hidden=\"true\" class=\"wp-block-spacer\"><\/div>\n\n\n\n<p class=\"has-medium-font-size\">Le th\u00e8me de cette ann\u00e9e est <em>prendre les devants pour une meilleure prise en charge de la douleur et une meilleure r\u00e9adaptation<\/em>. Pendant tout le mois de mai, l\u2019Association canadienne de physioth\u00e9rapie soulignera le r\u00f4le crucial que jouent les physioth\u00e9rapeutes dans la prise en charge non pharmacologique de la douleur et la r\u00e9adaptation de la population canadienne, ainsi que leurs efforts de repr\u00e9sentation pour un meilleur accompagnement des gens qui vivent avec des douleurs chroniques \u2013 dont les presque huit millions de personnes touch\u00e9es par une incapacit\u00e9 li\u00e9e \u00e0 la douleur.<\/p>\n\n\n\n<p class=\"has-medium-font-size\">Pour en savoir plus sur le sujet et conna\u00eetre les derni\u00e8res avanc\u00e9es dans la compr\u00e9hension et le traitement de la douleur, lisez notre <strong><u><a href=\"https:\/\/physiotherapy.ca\/fr\/lassociation-canadienne-de-physiotherapie-ouvre-le-mois-national-de-la-physiotherapie-en-publiant-un-expose-de-position-sur-la-prise-en-charge-de-la-douleur-et-la-readaptation-au-canada\/\">communiqu\u00e9 de Presse<\/a><\/u><\/strong> et notre <u><a href=\"https:\/\/physiotherapy.ca\/app\/uploads\/2023\/04\/CPA_NPM2023_Report_FR_v2-002.pdf\"><strong>expos\u00e9 de position<\/strong><\/a><\/u>.<\/p>\n\n\n\n<div style=\"height:40px\" aria-hidden=\"true\" class=\"wp-block-spacer\"><\/div>\n\n\n\n<div class=\"wp-block-columns is-layout-flex wp-container-core-columns-is-layout-1 wp-block-columns-is-layout-flex\">\n<div class=\"wp-block-column is-layout-flow wp-block-column-is-layout-flow\"><div class=\"wp-block-image\">\n<figure class=\"aligncenter size-full is-resized\"><a href=\"https:\/\/physiotherapy.ca\/fr\/mois-national-de-la-physiotherapie-2023-2\/\"><img loading=\"lazy\" decoding=\"async\" src=\"https:\/\/physiotherapy.ca\/app\/uploads\/2023\/04\/CPA_NPM2023_Website_CircleLink_FR_1_v1.png\" alt=\"\" class=\"wp-image-98708\" width=\"250\" height=\"250\" srcset=\"https:\/\/physiotherapy.ca\/app\/uploads\/2023\/04\/CPA_NPM2023_Website_CircleLink_FR_1_v1.png 418w, https:\/\/physiotherapy.ca\/app\/uploads\/2023\/04\/CPA_NPM2023_Website_CircleLink_FR_1_v1-300x300.png 300w, https:\/\/physiotherapy.ca\/app\/uploads\/2023\/04\/CPA_NPM2023_Website_CircleLink_FR_1_v1-150x150.png 150w, https:\/\/physiotherapy.ca\/app\/uploads\/2023\/04\/CPA_NPM2023_Website_CircleLink_FR_1_v1-200x200.png 200w, https:\/\/physiotherapy.ca\/app\/uploads\/2023\/04\/CPA_NPM2023_Website_CircleLink_FR_1_v1-100x100.png 100w\" sizes=\"auto, (max-width: 250px) 100vw, 250px\" \/><\/a><\/figure><\/div><\/div>\n\n\n\n<div class=\"wp-block-column is-layout-flow wp-block-column-is-layout-flow\"><div class=\"wp-block-image\">\n<figure class=\"aligncenter size-full is-resized\"><a href=\"https:\/\/physiotherapy.ca\/fr\/national-physiotherapy-month-2023-2\/\"><img loading=\"lazy\" decoding=\"async\" src=\"https:\/\/physiotherapy.ca\/app\/uploads\/2023\/04\/CPA_NPM2023_Website_CircleLink_FR_2_v1.png\" alt=\"\" class=\"wp-image-98705\" width=\"250\" height=\"250\" srcset=\"https:\/\/physiotherapy.ca\/app\/uploads\/2023\/04\/CPA_NPM2023_Website_CircleLink_FR_2_v1.png 418w, https:\/\/physiotherapy.ca\/app\/uploads\/2023\/04\/CPA_NPM2023_Website_CircleLink_FR_2_v1-300x300.png 300w, https:\/\/physiotherapy.ca\/app\/uploads\/2023\/04\/CPA_NPM2023_Website_CircleLink_FR_2_v1-150x150.png 150w, https:\/\/physiotherapy.ca\/app\/uploads\/2023\/04\/CPA_NPM2023_Website_CircleLink_FR_2_v1-200x200.png 200w, https:\/\/physiotherapy.ca\/app\/uploads\/2023\/04\/CPA_NPM2023_Website_CircleLink_FR_2_v1-100x100.png 100w\" sizes=\"auto, (max-width: 250px) 100vw, 250px\" \/><\/a><\/figure><\/div><\/div>\n<\/div>\n\n\n\n<div class=\"wp-block-columns is-layout-flex wp-container-core-columns-is-layout-2 wp-block-columns-is-layout-flex\">\n<div class=\"wp-block-column is-layout-flow wp-block-column-is-layout-flow\"><div class=\"wp-block-image\">\n<figure class=\"aligncenter size-full is-resized\"><a href=\"https:\/\/physiotherapy.ca\/fr\/journee-des-assistants-physiotherapeutes-2023\/\"><img loading=\"lazy\" decoding=\"async\" src=\"https:\/\/physiotherapy.ca\/app\/uploads\/2023\/04\/CPA_NPM2023_Website_CircleLink_FR_4_v1.png\" alt=\"\" class=\"wp-image-98701\" width=\"250\" height=\"250\" srcset=\"https:\/\/physiotherapy.ca\/app\/uploads\/2023\/04\/CPA_NPM2023_Website_CircleLink_FR_4_v1.png 418w, https:\/\/physiotherapy.ca\/app\/uploads\/2023\/04\/CPA_NPM2023_Website_CircleLink_FR_4_v1-300x300.png 300w, https:\/\/physiotherapy.ca\/app\/uploads\/2023\/04\/CPA_NPM2023_Website_CircleLink_FR_4_v1-150x150.png 150w, https:\/\/physiotherapy.ca\/app\/uploads\/2023\/04\/CPA_NPM2023_Website_CircleLink_FR_4_v1-200x200.png 200w, https:\/\/physiotherapy.ca\/app\/uploads\/2023\/04\/CPA_NPM2023_Website_CircleLink_FR_4_v1-100x100.png 100w\" sizes=\"auto, (max-width: 250px) 100vw, 250px\" \/><\/a><\/figure><\/div><\/div>\n\n\n\n<div class=\"wp-block-column is-layout-flow wp-block-column-is-layout-flow\"><div class=\"wp-block-image\">\n<figure class=\"aligncenter size-full is-resized\"><a href=\"https:\/\/physiotherapy.ca\/app\/uploads\/2023\/04\/CPA_NPM2023_Infographic_FR_v1.pdf\"><img loading=\"lazy\" decoding=\"async\" src=\"https:\/\/physiotherapy.ca\/app\/uploads\/2023\/04\/CPA_NPM2023_Website_CircleLink_FR_3_v1.png\" alt=\"\" class=\"wp-image-98703\" width=\"250\" height=\"250\" srcset=\"https:\/\/physiotherapy.ca\/app\/uploads\/2023\/04\/CPA_NPM2023_Website_CircleLink_FR_3_v1.png 418w, https:\/\/physiotherapy.ca\/app\/uploads\/2023\/04\/CPA_NPM2023_Website_CircleLink_FR_3_v1-300x300.png 300w, https:\/\/physiotherapy.ca\/app\/uploads\/2023\/04\/CPA_NPM2023_Website_CircleLink_FR_3_v1-150x150.png 150w, https:\/\/physiotherapy.ca\/app\/uploads\/2023\/04\/CPA_NPM2023_Website_CircleLink_FR_3_v1-200x200.png 200w, https:\/\/physiotherapy.ca\/app\/uploads\/2023\/04\/CPA_NPM2023_Website_CircleLink_FR_3_v1-100x100.png 100w\" sizes=\"auto, (max-width: 250px) 100vw, 250px\" \/><\/a><\/figure><\/div><\/div>\n<\/div>\n\n\n\n<div style=\"height:100px\" aria-hidden=\"true\" class=\"wp-block-spacer\"><\/div>\n","protected":false},"excerpt":{"rendered":"<p>Le th\u00e8me de cette ann\u00e9e est prendre les devants pour une meilleure prise en charge de la douleur et une meilleure r\u00e9adaptation. Pendant tout le mois de mai, l\u2019Association canadienne de physioth\u00e9rapie soulignera le r\u00f4le crucial que jouent les physioth\u00e9rapeutes [&hellip;]<\/p>\n","protected":false},"author":1839,"featured_media":0,"parent":4234,"menu_order":0,"comment_status":"closed","ping_status":"closed","template":"page-templates\/page-topic-landing.php","meta":{"inline_featured_image":false,"ep_exclude_from_search":false,"footnotes":""},"topic":[],"class_list":["post-98380","page","type-page","status-publish","hentry"],"acf":[],"yoast_head":"<!-- This site is optimized with the Yoast SEO plugin v24.7 - https:\/\/yoast.com\/wordpress\/plugins\/seo\/ -->\n<title>Mois national de la physioth\u00e9rapie 2023 - Canadian Physiotherapy Association<\/title>\n<meta name=\"robots\" content=\"index, follow, max-snippet:-1, max-image-preview:large, max-video-preview:-1\" \/>\n<link rel=\"canonical\" href=\"https:\/\/physiotherapy.ca\/fr\/mois-national-de-la-physiotherapie-2023\/\" \/>\n<meta property=\"og:locale\" content=\"fr_FR\" \/>\n<meta property=\"og:type\" content=\"article\" \/>\n<meta property=\"og:title\" content=\"Mois national de la physioth\u00e9rapie 2023 - Canadian Physiotherapy Association\" \/>\n<meta property=\"og:description\" content=\"Le th\u00e8me de cette ann\u00e9e est prendre les devants pour une meilleure prise en charge de la douleur et une meilleure r\u00e9adaptation. Pendant tout le mois de mai, l\u2019Association canadienne de physioth\u00e9rapie soulignera le r\u00f4le crucial que jouent les physioth\u00e9rapeutes [&hellip;]\" \/>\n<meta property=\"og:url\" content=\"https:\/\/physiotherapy.ca\/fr\/mois-national-de-la-physiotherapie-2023\/\" \/>\n<meta property=\"og:site_name\" content=\"Canadian Physiotherapy Association\" \/>\n<meta property=\"article:modified_time\" content=\"2023-04-29T01:22:06+00:00\" \/>\n<meta property=\"og:image\" content=\"https:\/\/physiotherapy.ca\/app\/uploads\/2023\/04\/CPA_NPM2023_Website_LandingBanner_FR_v1-1024x263.jpg\" \/>\n<meta name=\"twitter:card\" content=\"summary_large_image\" \/>\n<meta name=\"twitter:label1\" content=\"Est. reading time\" \/>\n\t<meta name=\"twitter:data1\" content=\"2 minutes\" \/>\n<script type=\"application\/ld+json\" class=\"yoast-schema-graph\">{\"@context\":\"https:\/\/schema.org\",\"@graph\":[{\"@type\":\"WebPage\",\"@id\":\"https:\/\/physiotherapy.ca\/fr\/mois-national-de-la-physiotherapie-2023\/\",\"url\":\"https:\/\/physiotherapy.ca\/fr\/mois-national-de-la-physiotherapie-2023\/\",\"name\":\"Mois national de la physioth\u00e9rapie 2023 - Canadian Physiotherapy Association\",\"isPartOf\":{\"@id\":\"https:\/\/physiotherapy.ca\/#website\"},\"primaryImageOfPage\":{\"@id\":\"https:\/\/physiotherapy.ca\/fr\/mois-national-de-la-physiotherapie-2023\/#primaryimage\"},\"image\":{\"@id\":\"https:\/\/physiotherapy.ca\/fr\/mois-national-de-la-physiotherapie-2023\/#primaryimage\"},\"thumbnailUrl\":\"https:\/\/physiotherapy.ca\/app\/uploads\/2023\/04\/CPA_NPM2023_Website_LandingBanner_FR_v1-1024x263.jpg\",\"datePublished\":\"2023-04-18T19:34:43+00:00\",\"dateModified\":\"2023-04-29T01:22:06+00:00\",\"breadcrumb\":{\"@id\":\"https:\/\/physiotherapy.ca\/fr\/mois-national-de-la-physiotherapie-2023\/#breadcrumb\"},\"inLanguage\":\"fr-FR\",\"potentialAction\":[{\"@type\":\"ReadAction\",\"target\":[\"https:\/\/physiotherapy.ca\/fr\/mois-national-de-la-physiotherapie-2023\/\"]}]},{\"@type\":\"ImageObject\",\"inLanguage\":\"fr-FR\",\"@id\":\"https:\/\/physiotherapy.ca\/fr\/mois-national-de-la-physiotherapie-2023\/#primaryimage\",\"url\":\"https:\/\/physiotherapy.ca\/app\/uploads\/2023\/04\/CPA_NPM2023_Website_LandingBanner_FR_v1-1024x263.jpg\",\"contentUrl\":\"https:\/\/physiotherapy.ca\/app\/uploads\/2023\/04\/CPA_NPM2023_Website_LandingBanner_FR_v1-1024x263.jpg\"},{\"@type\":\"BreadcrumbList\",\"@id\":\"https:\/\/physiotherapy.ca\/fr\/mois-national-de-la-physiotherapie-2023\/#breadcrumb\",\"itemListElement\":[{\"@type\":\"ListItem\",\"position\":1,\"name\":\"Home\",\"item\":\"https:\/\/physiotherapy.ca\/fr\/\"},{\"@type\":\"ListItem\",\"position\":2,\"name\":\"Mois national de la physioth\u00e9rapie 2023\"}]},{\"@type\":\"WebSite\",\"@id\":\"https:\/\/physiotherapy.ca\/#website\",\"url\":\"https:\/\/physiotherapy.ca\/\",\"name\":\"Canadian Physiotherapy Association\",\"description\":\"The Canadian Physiotherapy Association (CPA) represents over 16,000 physiotherapy professionals and students across Canada.\",\"potentialAction\":[{\"@type\":\"SearchAction\",\"target\":{\"@type\":\"EntryPoint\",\"urlTemplate\":\"https:\/\/physiotherapy.ca\/?s={search_term_string}\"},\"query-input\":{\"@type\":\"PropertyValueSpecification\",\"valueRequired\":true,\"valueName\":\"search_term_string\"}}],\"inLanguage\":\"fr-FR\"}]}<\/script>\n<!-- \/ Yoast SEO plugin. -->","yoast_head_json":{"title":"Mois national de la physioth\u00e9rapie 2023 - Canadian Physiotherapy Association","robots":{"index":"index","follow":"follow","max-snippet":"max-snippet:-1","max-image-preview":"max-image-preview:large","max-video-preview":"max-video-preview:-1"},"canonical":"https:\/\/physiotherapy.ca\/fr\/mois-national-de-la-physiotherapie-2023\/","og_locale":"fr_FR","og_type":"article","og_title":"Mois national de la physioth\u00e9rapie 2023 - Canadian Physiotherapy Association","og_description":"Le th\u00e8me de cette ann\u00e9e est prendre les devants pour une meilleure prise en charge de la douleur et une meilleure r\u00e9adaptation. Pendant tout le mois de mai, l\u2019Association canadienne de physioth\u00e9rapie soulignera le r\u00f4le crucial que jouent les physioth\u00e9rapeutes [&hellip;]","og_url":"https:\/\/physiotherapy.ca\/fr\/mois-national-de-la-physiotherapie-2023\/","og_site_name":"Canadian Physiotherapy Association","article_modified_time":"2023-04-29T01:22:06+00:00","og_image":[{"url":"https:\/\/physiotherapy.ca\/app\/uploads\/2023\/04\/CPA_NPM2023_Website_LandingBanner_FR_v1-1024x263.jpg","type":"","width":"","height":""}],"twitter_card":"summary_large_image","twitter_misc":{"Est. reading time":"2 minutes"},"schema":{"@context":"https:\/\/schema.org","@graph":[{"@type":"WebPage","@id":"https:\/\/physiotherapy.ca\/fr\/mois-national-de-la-physiotherapie-2023\/","url":"https:\/\/physiotherapy.ca\/fr\/mois-national-de-la-physiotherapie-2023\/","name":"Mois national de la physioth\u00e9rapie 2023 - Canadian Physiotherapy Association","isPartOf":{"@id":"https:\/\/physiotherapy.ca\/#website"},"primaryImageOfPage":{"@id":"https:\/\/physiotherapy.ca\/fr\/mois-national-de-la-physiotherapie-2023\/#primaryimage"},"image":{"@id":"https:\/\/physiotherapy.ca\/fr\/mois-national-de-la-physiotherapie-2023\/#primaryimage"},"thumbnailUrl":"https:\/\/physiotherapy.ca\/app\/uploads\/2023\/04\/CPA_NPM2023_Website_LandingBanner_FR_v1-1024x263.jpg","datePublished":"2023-04-18T19:34:43+00:00","dateModified":"2023-04-29T01:22:06+00:00","breadcrumb":{"@id":"https:\/\/physiotherapy.ca\/fr\/mois-national-de-la-physiotherapie-2023\/#breadcrumb"},"inLanguage":"fr-FR","potentialAction":[{"@type":"ReadAction","target":["https:\/\/physiotherapy.ca\/fr\/mois-national-de-la-physiotherapie-2023\/"]}]},{"@type":"ImageObject","inLanguage":"fr-FR","@id":"https:\/\/physiotherapy.ca\/fr\/mois-national-de-la-physiotherapie-2023\/#primaryimage","url":"https:\/\/physiotherapy.ca\/app\/uploads\/2023\/04\/CPA_NPM2023_Website_LandingBanner_FR_v1-1024x263.jpg","contentUrl":"https:\/\/physiotherapy.ca\/app\/uploads\/2023\/04\/CPA_NPM2023_Website_LandingBanner_FR_v1-1024x263.jpg"},{"@type":"BreadcrumbList","@id":"https:\/\/physiotherapy.ca\/fr\/mois-national-de-la-physiotherapie-2023\/#breadcrumb","itemListElement":[{"@type":"ListItem","position":1,"name":"Home","item":"https:\/\/physiotherapy.ca\/fr\/"},{"@type":"ListItem","position":2,"name":"Mois national de la physioth\u00e9rapie 2023"}]},{"@type":"WebSite","@id":"https:\/\/physiotherapy.ca\/#website","url":"https:\/\/physiotherapy.ca\/","name":"Canadian Physiotherapy Association","description":"The Canadian Physiotherapy Association (CPA) represents over 16,000 physiotherapy professionals and students across Canada.","potentialAction":[{"@type":"SearchAction","target":{"@type":"EntryPoint","urlTemplate":"https:\/\/physiotherapy.ca\/?s={search_term_string}"},"query-input":{"@type":"PropertyValueSpecification","valueRequired":true,"valueName":"search_term_string"}}],"inLanguage":"fr-FR"}]}},"_links":{"self":[{"href":"https:\/\/physiotherapy.ca\/fr\/wp-json\/wp\/v2\/pages\/98380","targetHints":{"allow":["GET"]}}],"collection":[{"href":"https:\/\/physiotherapy.ca\/fr\/wp-json\/wp\/v2\/pages"}],"about":[{"href":"https:\/\/physiotherapy.ca\/fr\/wp-json\/wp\/v2\/types\/page"}],"author":[{"embeddable":true,"href":"https:\/\/physiotherapy.ca\/fr\/wp-json\/wp\/v2\/users\/1839"}],"replies":[{"embeddable":true,"href":"https:\/\/physiotherapy.ca\/fr\/wp-json\/wp\/v2\/comments?post=98380"}],"version-history":[{"count":15,"href":"https:\/\/physiotherapy.ca\/fr\/wp-json\/wp\/v2\/pages\/98380\/revisions"}],"predecessor-version":[{"id":100064,"href":"https:\/\/physiotherapy.ca\/fr\/wp-json\/wp\/v2\/pages\/98380\/revisions\/100064"}],"up":[{"embeddable":true,"href":"https:\/\/physiotherapy.ca\/fr\/wp-json\/wp\/v2\/pages\/4234"}],"wp:attachment":[{"href":"https:\/\/physiotherapy.ca\/fr\/wp-json\/wp\/v2\/media?parent=98380"}],"wp:term":[{"taxonomy":"topic","embeddable":true,"href":"https:\/\/physiotherapy.ca\/fr\/wp-json\/wp\/v2\/topic?post=98380"}],"curies":[{"name":"wp","href":"https:\/\/api.w.org\/{rel}","templated":true}]}}