{"id":98760,"date":"2023-04-17T15:25:42","date_gmt":"2023-04-17T19:25:42","guid":{"rendered":"https:\/\/physiotherapy.ca\/?page_id=98760"},"modified":"2023-04-29T22:03:05","modified_gmt":"2023-04-30T02:03:05","slug":"journee-des-assistants-physiotherapeutes-2023","status":"publish","type":"page","link":"https:\/\/physiotherapy.ca\/fr\/representation-2\/advocacy-updates-fr\/mois-national-de-la-physiotherapie-2023\/journee-des-assistants-physiotherapeutes-2023\/","title":{"rendered":"Mois national de la physioth\u00e9rapie 2023: Journ\u00e9e des assistants-physioth\u00e9rapeutes et technologues\u00a0en physioth\u00e9rapie"},"content":{"rendered":"\n<h3 class=\"wp-block-heading\">Soulignez la Journ\u00e9e des assistants-physioth\u00e9rapeutes et technologues&nbsp;en physioth\u00e9rapie le 9&nbsp;mai&nbsp;2023!<\/h3>\n\n\n\n<p>Nous souhaitons remercier les assistants-physioth\u00e9rapeutes (AP) et technologues&nbsp;en physioth\u00e9rapie (T. Phys.) pour leur excellent travail et faire conna\u00eetre leur apport \u00e0 la profession. <strong>R\u00e9pandez la bonne nouvelle&nbsp;:<\/strong> utilisez les mots\u2011clics <strong>#PTADay&nbsp;<\/strong>et&nbsp;<strong>#NPM2023<\/strong> pour qu\u2019on puisse se r\u00e9jouir avec vous!<\/p>\n\n\n\n<figure class=\"wp-block-image size-large is-resized\"><img loading=\"lazy\" decoding=\"async\" src=\"https:\/\/physiotherapy.ca\/app\/uploads\/2023\/04\/CPA_NPM2023_InstagramPost_PTA_FR_v1-1-1024x1024.jpg\" alt=\"\" class=\"wp-image-99121\" width=\"512\" height=\"512\" srcset=\"https:\/\/physiotherapy.ca\/app\/uploads\/2023\/04\/CPA_NPM2023_InstagramPost_PTA_FR_v1-1-1024x1024.jpg 1024w, https:\/\/physiotherapy.ca\/app\/uploads\/2023\/04\/CPA_NPM2023_InstagramPost_PTA_FR_v1-1-300x300.jpg 300w, https:\/\/physiotherapy.ca\/app\/uploads\/2023\/04\/CPA_NPM2023_InstagramPost_PTA_FR_v1-1-150x150.jpg 150w, https:\/\/physiotherapy.ca\/app\/uploads\/2023\/04\/CPA_NPM2023_InstagramPost_PTA_FR_v1-1-768x768.jpg 768w, https:\/\/physiotherapy.ca\/app\/uploads\/2023\/04\/CPA_NPM2023_InstagramPost_PTA_FR_v1-1-200x200.jpg 200w, https:\/\/physiotherapy.ca\/app\/uploads\/2023\/04\/CPA_NPM2023_InstagramPost_PTA_FR_v1-1-100x100.jpg 100w, https:\/\/physiotherapy.ca\/app\/uploads\/2023\/04\/CPA_NPM2023_InstagramPost_PTA_FR_v1-1-600x600.jpg 600w, https:\/\/physiotherapy.ca\/app\/uploads\/2023\/04\/CPA_NPM2023_InstagramPost_PTA_FR_v1-1.jpg 1200w\" sizes=\"auto, (max-width: 512px) 100vw, 512px\" \/><\/figure>\n","protected":false},"excerpt":{"rendered":"<p>Soulignez la Journ\u00e9e des assistants-physioth\u00e9rapeutes et technologues&nbsp;en physioth\u00e9rapie le 9&nbsp;mai&nbsp;2023! Nous souhaitons remercier les assistants-physioth\u00e9rapeutes (AP) et technologues&nbsp;en physioth\u00e9rapie (T. Phys.) pour leur excellent travail et faire conna\u00eetre leur apport \u00e0 la profession. R\u00e9pandez la bonne nouvelle&nbsp;: utilisez les mots\u2011clics [&hellip;]<\/p>\n","protected":false},"author":1839,"featured_media":0,"parent":98380,"menu_order":0,"comment_status":"closed","ping_status":"closed","template":"","meta":{"inline_featured_image":false,"ep_exclude_from_search":false,"footnotes":""},"topic":[],"class_list":["post-98760","page","type-page","status-publish","hentry"],"acf":[],"yoast_head":"<!-- This site is optimized with the Yoast SEO plugin v24.7 - https:\/\/yoast.com\/wordpress\/plugins\/seo\/ -->\n<title>Mois national de la physioth\u00e9rapie 2023: Journ\u00e9e des assistants-physioth\u00e9rapeutes et technologues\u00a0en physioth\u00e9rapie - Canadian Physiotherapy Association<\/title>\n<meta name=\"robots\" content=\"index, follow, max-snippet:-1, max-image-preview:large, max-video-preview:-1\" \/>\n<link rel=\"canonical\" href=\"https:\/\/physiotherapy.ca\/fr\/representation-2\/advocacy-updates-fr\/mois-national-de-la-physiotherapie-2023\/journee-des-assistants-physiotherapeutes-2023\/\" \/>\n<meta property=\"og:locale\" content=\"fr_FR\" \/>\n<meta property=\"og:type\" content=\"article\" \/>\n<meta property=\"og:title\" content=\"Mois national de la physioth\u00e9rapie 2023: Journ\u00e9e des assistants-physioth\u00e9rapeutes et technologues\u00a0en physioth\u00e9rapie - Canadian Physiotherapy Association\" \/>\n<meta property=\"og:description\" content=\"Soulignez la Journ\u00e9e des assistants-physioth\u00e9rapeutes et technologues&nbsp;en physioth\u00e9rapie le 9&nbsp;mai&nbsp;2023! Nous souhaitons remercier les assistants-physioth\u00e9rapeutes (AP) et technologues&nbsp;en physioth\u00e9rapie (T. Phys.) pour leur excellent travail et faire conna\u00eetre leur apport \u00e0 la profession. R\u00e9pandez la bonne nouvelle&nbsp;: utilisez les mots\u2011clics [&hellip;]\" \/>\n<meta property=\"og:url\" content=\"https:\/\/physiotherapy.ca\/fr\/representation-2\/advocacy-updates-fr\/mois-national-de-la-physiotherapie-2023\/journee-des-assistants-physiotherapeutes-2023\/\" \/>\n<meta property=\"og:site_name\" content=\"Canadian Physiotherapy Association\" \/>\n<meta property=\"article:modified_time\" content=\"2023-04-30T02:03:05+00:00\" \/>\n<meta property=\"og:image\" content=\"https:\/\/physiotherapy.ca\/app\/uploads\/2023\/04\/CPA_NPM2023_InstagramPost_PTA_FR_v1-1-1024x1024.jpg\" \/>\n<meta name=\"twitter:card\" content=\"summary_large_image\" \/>\n<meta name=\"twitter:label1\" content=\"Est. reading time\" \/>\n\t<meta name=\"twitter:data1\" content=\"1 minute\" \/>\n<script type=\"application\/ld+json\" class=\"yoast-schema-graph\">{\"@context\":\"https:\/\/schema.org\",\"@graph\":[{\"@type\":\"WebPage\",\"@id\":\"https:\/\/physiotherapy.ca\/fr\/representation-2\/advocacy-updates-fr\/mois-national-de-la-physiotherapie-2023\/journee-des-assistants-physiotherapeutes-2023\/\",\"url\":\"https:\/\/physiotherapy.ca\/fr\/representation-2\/advocacy-updates-fr\/mois-national-de-la-physiotherapie-2023\/journee-des-assistants-physiotherapeutes-2023\/\",\"name\":\"Mois national de la physioth\u00e9rapie 2023: Journ\u00e9e des assistants-physioth\u00e9rapeutes et technologues\u00a0en physioth\u00e9rapie - Canadian Physiotherapy Association\",\"isPartOf\":{\"@id\":\"https:\/\/physiotherapy.ca\/#website\"},\"primaryImageOfPage\":{\"@id\":\"https:\/\/physiotherapy.ca\/fr\/representation-2\/advocacy-updates-fr\/mois-national-de-la-physiotherapie-2023\/journee-des-assistants-physiotherapeutes-2023\/#primaryimage\"},\"image\":{\"@id\":\"https:\/\/physiotherapy.ca\/fr\/representation-2\/advocacy-updates-fr\/mois-national-de-la-physiotherapie-2023\/journee-des-assistants-physiotherapeutes-2023\/#primaryimage\"},\"thumbnailUrl\":\"https:\/\/physiotherapy.ca\/app\/uploads\/2023\/04\/CPA_NPM2023_InstagramPost_PTA_FR_v1-1-1024x1024.jpg\",\"datePublished\":\"2023-04-17T19:25:42+00:00\",\"dateModified\":\"2023-04-30T02:03:05+00:00\",\"breadcrumb\":{\"@id\":\"https:\/\/physiotherapy.ca\/fr\/representation-2\/advocacy-updates-fr\/mois-national-de-la-physiotherapie-2023\/journee-des-assistants-physiotherapeutes-2023\/#breadcrumb\"},\"inLanguage\":\"fr-FR\",\"potentialAction\":[{\"@type\":\"ReadAction\",\"target\":[\"https:\/\/physiotherapy.ca\/fr\/representation-2\/advocacy-updates-fr\/mois-national-de-la-physiotherapie-2023\/journee-des-assistants-physiotherapeutes-2023\/\"]}]},{\"@type\":\"ImageObject\",\"inLanguage\":\"fr-FR\",\"@id\":\"https:\/\/physiotherapy.ca\/fr\/representation-2\/advocacy-updates-fr\/mois-national-de-la-physiotherapie-2023\/journee-des-assistants-physiotherapeutes-2023\/#primaryimage\",\"url\":\"https:\/\/physiotherapy.ca\/app\/uploads\/2023\/04\/CPA_NPM2023_InstagramPost_PTA_FR_v1-1-1024x1024.jpg\",\"contentUrl\":\"https:\/\/physiotherapy.ca\/app\/uploads\/2023\/04\/CPA_NPM2023_InstagramPost_PTA_FR_v1-1-1024x1024.jpg\"},{\"@type\":\"BreadcrumbList\",\"@id\":\"https:\/\/physiotherapy.ca\/fr\/representation-2\/advocacy-updates-fr\/mois-national-de-la-physiotherapie-2023\/journee-des-assistants-physiotherapeutes-2023\/#breadcrumb\",\"itemListElement\":[{\"@type\":\"ListItem\",\"position\":1,\"name\":\"Home\",\"item\":\"https:\/\/physiotherapy.ca\/fr\/\"},{\"@type\":\"ListItem\",\"position\":2,\"name\":\"Repr\u00e9sentation\",\"item\":\"https:\/\/physiotherapy.ca\/fr\/representation-2\/\"},{\"@type\":\"ListItem\",\"position\":3,\"name\":\"Plaidoyer\",\"item\":\"https:\/\/physiotherapy.ca\/fr\/representation-2\/advocacy-updates-fr\/\"},{\"@type\":\"ListItem\",\"position\":4,\"name\":\"Mois national de la physioth\u00e9rapie 2023\",\"item\":\"https:\/\/physiotherapy.ca\/fr\/mois-national-de-la-physiotherapie-2023\/\"},{\"@type\":\"ListItem\",\"position\":5,\"name\":\"Mois national de la physioth\u00e9rapie 2023: Journ\u00e9e des assistants-physioth\u00e9rapeutes et technologues\u00a0en physioth\u00e9rapie\"}]},{\"@type\":\"WebSite\",\"@id\":\"https:\/\/physiotherapy.ca\/#website\",\"url\":\"https:\/\/physiotherapy.ca\/\",\"name\":\"Canadian Physiotherapy Association\",\"description\":\"The Canadian Physiotherapy Association (CPA) represents over 16,000 physiotherapy professionals and students across Canada.\",\"potentialAction\":[{\"@type\":\"SearchAction\",\"target\":{\"@type\":\"EntryPoint\",\"urlTemplate\":\"https:\/\/physiotherapy.ca\/?s={search_term_string}\"},\"query-input\":{\"@type\":\"PropertyValueSpecification\",\"valueRequired\":true,\"valueName\":\"search_term_string\"}}],\"inLanguage\":\"fr-FR\"}]}<\/script>\n<!-- \/ Yoast SEO plugin. -->","yoast_head_json":{"title":"Mois national de la physioth\u00e9rapie 2023: Journ\u00e9e des assistants-physioth\u00e9rapeutes et technologues\u00a0en physioth\u00e9rapie - Canadian Physiotherapy Association","robots":{"index":"index","follow":"follow","max-snippet":"max-snippet:-1","max-image-preview":"max-image-preview:large","max-video-preview":"max-video-preview:-1"},"canonical":"https:\/\/physiotherapy.ca\/fr\/representation-2\/advocacy-updates-fr\/mois-national-de-la-physiotherapie-2023\/journee-des-assistants-physiotherapeutes-2023\/","og_locale":"fr_FR","og_type":"article","og_title":"Mois national de la physioth\u00e9rapie 2023: Journ\u00e9e des assistants-physioth\u00e9rapeutes et technologues\u00a0en physioth\u00e9rapie - Canadian Physiotherapy Association","og_description":"Soulignez la Journ\u00e9e des assistants-physioth\u00e9rapeutes et technologues&nbsp;en physioth\u00e9rapie le 9&nbsp;mai&nbsp;2023! Nous souhaitons remercier les assistants-physioth\u00e9rapeutes (AP) et technologues&nbsp;en physioth\u00e9rapie (T. Phys.) pour leur excellent travail et faire conna\u00eetre leur apport \u00e0 la profession. R\u00e9pandez la bonne nouvelle&nbsp;: utilisez les mots\u2011clics [&hellip;]","og_url":"https:\/\/physiotherapy.ca\/fr\/representation-2\/advocacy-updates-fr\/mois-national-de-la-physiotherapie-2023\/journee-des-assistants-physiotherapeutes-2023\/","og_site_name":"Canadian Physiotherapy Association","article_modified_time":"2023-04-30T02:03:05+00:00","og_image":[{"url":"https:\/\/physiotherapy.ca\/app\/uploads\/2023\/04\/CPA_NPM2023_InstagramPost_PTA_FR_v1-1-1024x1024.jpg","type":"","width":"","height":""}],"twitter_card":"summary_large_image","twitter_misc":{"Est. reading time":"1 minute"},"schema":{"@context":"https:\/\/schema.org","@graph":[{"@type":"WebPage","@id":"https:\/\/physiotherapy.ca\/fr\/representation-2\/advocacy-updates-fr\/mois-national-de-la-physiotherapie-2023\/journee-des-assistants-physiotherapeutes-2023\/","url":"https:\/\/physiotherapy.ca\/fr\/representation-2\/advocacy-updates-fr\/mois-national-de-la-physiotherapie-2023\/journee-des-assistants-physiotherapeutes-2023\/","name":"Mois national de la physioth\u00e9rapie 2023: Journ\u00e9e des assistants-physioth\u00e9rapeutes et technologues\u00a0en physioth\u00e9rapie - Canadian Physiotherapy Association","isPartOf":{"@id":"https:\/\/physiotherapy.ca\/#website"},"primaryImageOfPage":{"@id":"https:\/\/physiotherapy.ca\/fr\/representation-2\/advocacy-updates-fr\/mois-national-de-la-physiotherapie-2023\/journee-des-assistants-physiotherapeutes-2023\/#primaryimage"},"image":{"@id":"https:\/\/physiotherapy.ca\/fr\/representation-2\/advocacy-updates-fr\/mois-national-de-la-physiotherapie-2023\/journee-des-assistants-physiotherapeutes-2023\/#primaryimage"},"thumbnailUrl":"https:\/\/physiotherapy.ca\/app\/uploads\/2023\/04\/CPA_NPM2023_InstagramPost_PTA_FR_v1-1-1024x1024.jpg","datePublished":"2023-04-17T19:25:42+00:00","dateModified":"2023-04-30T02:03:05+00:00","breadcrumb":{"@id":"https:\/\/physiotherapy.ca\/fr\/representation-2\/advocacy-updates-fr\/mois-national-de-la-physiotherapie-2023\/journee-des-assistants-physiotherapeutes-2023\/#breadcrumb"},"inLanguage":"fr-FR","potentialAction":[{"@type":"ReadAction","target":["https:\/\/physiotherapy.ca\/fr\/representation-2\/advocacy-updates-fr\/mois-national-de-la-physiotherapie-2023\/journee-des-assistants-physiotherapeutes-2023\/"]}]},{"@type":"ImageObject","inLanguage":"fr-FR","@id":"https:\/\/physiotherapy.ca\/fr\/representation-2\/advocacy-updates-fr\/mois-national-de-la-physiotherapie-2023\/journee-des-assistants-physiotherapeutes-2023\/#primaryimage","url":"https:\/\/physiotherapy.ca\/app\/uploads\/2023\/04\/CPA_NPM2023_InstagramPost_PTA_FR_v1-1-1024x1024.jpg","contentUrl":"https:\/\/physiotherapy.ca\/app\/uploads\/2023\/04\/CPA_NPM2023_InstagramPost_PTA_FR_v1-1-1024x1024.jpg"},{"@type":"BreadcrumbList","@id":"https:\/\/physiotherapy.ca\/fr\/representation-2\/advocacy-updates-fr\/mois-national-de-la-physiotherapie-2023\/journee-des-assistants-physiotherapeutes-2023\/#breadcrumb","itemListElement":[{"@type":"ListItem","position":1,"name":"Home","item":"https:\/\/physiotherapy.ca\/fr\/"},{"@type":"ListItem","position":2,"name":"Repr\u00e9sentation","item":"https:\/\/physiotherapy.ca\/fr\/representation-2\/"},{"@type":"ListItem","position":3,"name":"Plaidoyer","item":"https:\/\/physiotherapy.ca\/fr\/representation-2\/advocacy-updates-fr\/"},{"@type":"ListItem","position":4,"name":"Mois national de la physioth\u00e9rapie 2023","item":"https:\/\/physiotherapy.ca\/fr\/mois-national-de-la-physiotherapie-2023\/"},{"@type":"ListItem","position":5,"name":"Mois national de la physioth\u00e9rapie 2023: Journ\u00e9e des assistants-physioth\u00e9rapeutes et technologues\u00a0en physioth\u00e9rapie"}]},{"@type":"WebSite","@id":"https:\/\/physiotherapy.ca\/#website","url":"https:\/\/physiotherapy.ca\/","name":"Canadian Physiotherapy Association","description":"The Canadian Physiotherapy Association (CPA) represents over 16,000 physiotherapy professionals and students across Canada.","potentialAction":[{"@type":"SearchAction","target":{"@type":"EntryPoint","urlTemplate":"https:\/\/physiotherapy.ca\/?s={search_term_string}"},"query-input":{"@type":"PropertyValueSpecification","valueRequired":true,"valueName":"search_term_string"}}],"inLanguage":"fr-FR"}]}},"_links":{"self":[{"href":"https:\/\/physiotherapy.ca\/fr\/wp-json\/wp\/v2\/pages\/98760","targetHints":{"allow":["GET"]}}],"collection":[{"href":"https:\/\/physiotherapy.ca\/fr\/wp-json\/wp\/v2\/pages"}],"about":[{"href":"https:\/\/physiotherapy.ca\/fr\/wp-json\/wp\/v2\/types\/page"}],"author":[{"embeddable":true,"href":"https:\/\/physiotherapy.ca\/fr\/wp-json\/wp\/v2\/users\/1839"}],"replies":[{"embeddable":true,"href":"https:\/\/physiotherapy.ca\/fr\/wp-json\/wp\/v2\/comments?post=98760"}],"version-history":[{"count":9,"href":"https:\/\/physiotherapy.ca\/fr\/wp-json\/wp\/v2\/pages\/98760\/revisions"}],"predecessor-version":[{"id":100167,"href":"https:\/\/physiotherapy.ca\/fr\/wp-json\/wp\/v2\/pages\/98760\/revisions\/100167"}],"up":[{"embeddable":true,"href":"https:\/\/physiotherapy.ca\/fr\/wp-json\/wp\/v2\/pages\/98380"}],"wp:attachment":[{"href":"https:\/\/physiotherapy.ca\/fr\/wp-json\/wp\/v2\/media?parent=98760"}],"wp:term":[{"taxonomy":"topic","embeddable":true,"href":"https:\/\/physiotherapy.ca\/fr\/wp-json\/wp\/v2\/topic?post=98760"}],"curies":[{"name":"wp","href":"https:\/\/api.w.org\/{rel}","templated":true}]}}