{"id":98954,"date":"2023-04-18T15:27:37","date_gmt":"2023-04-18T19:27:37","guid":{"rendered":"https:\/\/physiotherapy.ca\/?page_id=98954"},"modified":"2023-04-29T21:58:43","modified_gmt":"2023-04-30T01:58:43","slug":"lassociation-canadienne-de-physiotherapie-ouvre-le-mois-national-de-la-physiotherapie-en-publiant-un-expose-de-position-sur-la-prise-en-charge-de-la-douleur-et-la-readaptation-au-canada","status":"publish","type":"page","link":"https:\/\/physiotherapy.ca\/fr\/representation-2\/advocacy-updates-fr\/mois-national-de-la-physiotherapie-2023\/lassociation-canadienne-de-physiotherapie-ouvre-le-mois-national-de-la-physiotherapie-en-publiant-un-expose-de-position-sur-la-prise-en-charge-de-la-douleur-et-la-readaptation-au-canada\/","title":{"rendered":"Mois national de la physioth\u00e9rapie 2023: Communiqu\u00e9 de Presse"},"content":{"rendered":"\n<h2 class=\"wp-block-heading\">L\u2019Association canadienne de physioth\u00e9rapie ouvre le Mois national de la physioth\u00e9rapie en publiant un expos\u00e9 de position sur la prise en charge de la douleur et la r\u00e9adaptation au Canada<\/h2>\n\n\n\n<p>Ottawa<br>Le 1er mai 2023<\/p>\n\n\n\n<p><\/p>\n\n\n\n<p>Aujourd\u2019hui, l\u2019Association canadienne de physioth\u00e9rapie et son groupe de travail sur la prise en charge de la douleur lancent le coup d\u2019envoi du Mois national de la physioth\u00e9rapie en publiant leur <em><a href=\"https:\/\/physiotherapy.ca\/app\/uploads\/2023\/04\/CPA_NPM2023_Report_FR_v2-002.pdf\">Expos\u00e9 de position des professionnels de la physioth\u00e9rapie\u00a0: des acteurs cl\u00e9s du Plan d\u2019action pour la douleur\u00a0au Canada<\/a><\/em>. Le pr\u00e9sent document r\u00e9pond au <a href=\"https:\/\/www.canada.ca\/content\/dam\/hc-sc\/documents\/corporate\/about-health-canada\/public-engagement\/external-advisory-bodies\/canadian-pain-task-force\/report-2021-rapport\/report-rapport-2021-fra.pdf\"><em>Plan d\u2019action pour la douleur au Canada<\/em><\/a> du groupe de travail canadien sur la douleur, lequel souligne la n\u00e9cessit\u00e9 urgente de changer la prise en charge de la douleur pour mieux combler les failles du syst\u00e8me de sant\u00e9 canadien expos\u00e9es par la pand\u00e9mie, les surdoses d\u2019opio\u00efdes, l\u2019injustice raciale et les in\u00e9galit\u00e9s \u00e9conomiques.<br><\/p>\n\n\n\n<p>Le pr\u00e9sent expos\u00e9 de position explique en d\u00e9tail comment les professionnels de la physioth\u00e9rapie \u2013 en collaboration avec les m\u00e9decins et les autres fournisseurs de soins de sant\u00e9 \u2013 peuvent prendre les devants en mati\u00e8re de prise en charge non pharmacologique de la douleur au Canada, et formule sept recommandations principales aux organismes de r\u00e9glementation f\u00e9d\u00e9raux de la sant\u00e9&nbsp;:<br><\/p>\n\n\n\n<ul class=\"wp-block-list\"><li>Adopter, au sein du syst\u00e8me de sant\u00e9, un mod\u00e8le de soins qui prend r\u00e9ellement en compte les affections chroniques en plus des affections aigu\u00ebs.<\/li><li>Favoriser la collaboration entre physioth\u00e9rapeutes et m\u00e9decins \u2013 une approche interdisciplinaire harmonis\u00e9e et fond\u00e9e sur des donn\u00e9es probantes.<\/li><li>Mettre de l\u2019avant les pratiques non pharmacologiques novatrices, notamment la t\u00e9l\u00e9sant\u00e9 et la prise en charge virtuelle.<\/li><li>\u00c9tendre la couverture de sant\u00e9 universelle du secteur public pour \u00e9quilibrer l\u2019acc\u00e8s aux traitements non pharmacologiques et pharmacologiques (comme les opio\u00efdes), ces derniers \u00e9tant beaucoup plus faciles d\u2019acc\u00e8s.<\/li><li>Am\u00e9liorer l\u2019acc\u00e8s pour les populations qui en ont le plus besoin en int\u00e9grant les physioth\u00e9rapeutes aux \u00e9quipes de sant\u00e9 familiales et interprofessionnelles, et en am\u00e9liorant la sp\u00e9cialisation en science de la douleur en dehors des zones urbaines.<\/li><li>Sensibiliser les Canadiens aux pratiques pr\u00e9ventives.<\/li><li>Augmenter le financement pour l\u2019\u00e9ducation avanc\u00e9e en prise en charge de la douleur en investissant dans la formation d\u2019experts en douleur chronique chez les professionnels de la sant\u00e9 du Canada.<\/li><\/ul>\n\n\n\n<p>\u00ab&nbsp;La superposition de la crise des opio\u00efdes \u00e0 la pand\u00e9mie de COVID-19 a rendu encore plus urgente la n\u00e9cessit\u00e9 d\u2019une nouvelle approche de soins au Canada, commente Amanda de Chastelain, pr\u00e9sidente de l\u2019Association canadienne de physioth\u00e9rapie. Les professionnels de la physioth\u00e9rapie ont la formation et l\u2019exp\u00e9rience n\u00e9cessaires pour traiter la douleur sans avoir recours aux m\u00e9dicaments. \u00c7a fait partie de leur quotidien. Partout au pays, ils s\u2019efforcent de mettre en valeur les approches novatrices de prise en charge de la douleur et de r\u00e9adaptation, mais nous savons qu\u2019il reste encore beaucoup \u00e0 faire pour aider les Canadiens qui vivent avec de la douleur chronique. Nous appelons les organismes de r\u00e9glementation f\u00e9d\u00e9raux de la sant\u00e9 \u00e0 suivre nos recommandations et \u00e0 appuyer davantage la prise en charge non pharmacologique de la douleur au pays.&nbsp;\u00bb<br><\/p>\n\n\n\n<p>En plus de pr\u00e9senter des recommandations, notreexpos\u00e9 de position souligne les r\u00f4les que les professionnels de la physioth\u00e9rapie peuvent endosser pour agir en tant qu\u2019experts et contribuer aux six objectifs cl\u00e9s d\u00e9finis dans le <em>Plan d\u2019action<\/em> du groupe de travail canadien sur la douleur&nbsp;:<br><\/p>\n\n\n\n<ul class=\"wp-block-list\"><li>Stimuler la collaboration et le leadership pour la prise en charge de la douleur.<\/li><li>Permettre unacc\u00e8s rapide et \u00e9quitable \u00e0 des soins pour la douleur ax\u00e9s sur la personne.<\/li><li>Am\u00e9liorer les connaissances, les comp\u00e9tences et les soutiens \u00e9ducatifs n\u00e9cessaires \u00e0 l\u2019\u00e9valuation et \u00e0 la prise en charge de la douleur.<\/li><li>Soutenir la recherche sur la douleur.<\/li><li>Effectuer un suivi de la sant\u00e9 de la population et de la qualit\u00e9 du syst\u00e8me de sant\u00e9.<\/li><li>Assurer un acc\u00e8s aux soins \u00e9quitable pour les populations touch\u00e9es de mani\u00e8re disproportionn\u00e9e par la douleur.<\/li><\/ul>\n\n\n\n<p>\u00ab&nbsp;Les professionnels de la physioth\u00e9rapie sont pr\u00eats \u00e0 agir en tant que leaders, partenaires collaboratifs et experts pour aider \u00e0 transformer la mani\u00e8re dont on comprend et traite la douleur, d\u00e9clare Arthur Woznowski-Vu, pr\u00e9sident de la division des sciences de la douleur de l\u2019ACP et directeur du groupe de travail sur la prise en charge de la douleur. Nous sommes tr\u00e8s bien plac\u00e9s pour r\u00e9pondre aux appels \u00e0 l\u2019action que contient le <em>Plan d\u2019action<\/em>&nbsp;: nous savons prendre en charge la douleur de mani\u00e8re non pharmacologique, humaine et centr\u00e9e sur la personne, et ce, en nous appuyant sur des donn\u00e9es probantes.&nbsp;\u00bb<\/p>\n\n\n\n<p>Tout au long du mois de mai, l\u2019Association canadienne de physioth\u00e9rapie continuera de c\u00e9l\u00e9brer le Mois national de la physioth\u00e9rapie en publiant de nouvelles ressources sur le th\u00e8me de cette ann\u00e9e&nbsp;:<em> prendre les devants pour une meilleure prise en charge de la douleur et une meilleure r\u00e9adaptation.<\/em> Pour en savoir plus sur le Mois national de la physioth\u00e9rapie, visitez <a href=\"https:\/\/physiotherapy.ca\/fr\/advocacy-updates-fr\/mois-national-de-la-physiotherapie-2023\/\">le site web<\/a> de l\u2019Association canadienne de physioth\u00e9rapie.<br><\/p>\n\n\n\n<p><strong>Le saviez-vous?<\/strong><strong><\/strong><\/p>\n\n\n\n<ul class=\"wp-block-list\"><li>Pr\u00e8s de 8&nbsp;millions de personnes (une personne sur cinq \u00e0 au moins un moment dans sa vie) sont touch\u00e9es par la douleur chronique ou vivent avec une incapacit\u00e9 li\u00e9e \u00e0 la douleur (<a href=\"https:\/\/www.canada.ca\/content\/dam\/hc-sc\/documents\/corporate\/about-health-canada\/public-engagement\/external-advisory-bodies\/canadian-pain-task-force\/report-2021-rapport\/report-rapport-2021-fra.pdf\"><em>Un plan d\u2019action pour la douleur au Canada<\/em><\/a>, mars&nbsp;2021)<em>.<\/em><\/li><li>Selon les pr\u00e9visions de Sant\u00e9 Canada, ce chiffre augmentera de 17,5&nbsp;% d\u2019ici 2030 en raison du vieillissement de la population (gouvernement du Canada, 2021).<\/li><li>Tous les groupes d\u00e9mographiques sont touch\u00e9s par la douleur, mais il y a des in\u00e9galit\u00e9s. Certaines personnes sont touch\u00e9es plus durement, notamment les personnes \u00e2g\u00e9es, les personnes d\u00e9favoris\u00e9es, celles qui vivent avec des probl\u00e8mes de sant\u00e9 mentale ou de d\u00e9pendance, celles qui travaillent dans le secteur du transport commercial, les anciens combattants, les personnes autochtones, certaines ethnies et communaut\u00e9s racis\u00e9es, les personnes de genre et d\u2019orientation sexuelle non conformes, celles qui ont v\u00e9cu un traumatisme ou de la violence, celles qui vivent avec un handicap, et les femmes (gouvernement du Canada, 2021).<\/li><li>On estime le fardeau \u00e9conomique attribuable \u00e0 la douleur chronique \u00e0 60&nbsp;milliards de dollars canadiens par an (gouvernement du Canada, 2020). Une simple r\u00e9duction de 1&nbsp;% du nombre de Canadiens vivant avec de la douleur chronique pourrait se traduire par une \u00e9conomie annuelle de 188,5&nbsp;millions de dollars en co\u00fbts de sant\u00e9 directs (<a href=\"https:\/\/www.canada.ca\/content\/dam\/hc-sc\/documents\/corporate\/about-health-canada\/public-engagement\/external-advisory-bodies\/canadian-pain-task-force\/report-2021-rapport\/report-rapport-2021-fra.pdf\"><em>Plan d\u2019action pour la douleur&nbsp;au Canada<\/em><\/a>, mars&nbsp;2021).<\/li><li>Aujourd\u2019hui, le Canada compte plus de 27&nbsp;000&nbsp;physioth\u00e9rapeutes agr\u00e9\u00e9s (Institut canadien d\u2019information sur la sant\u00e9, 2022).<\/li><\/ul>\n\n\n\n<p><strong>Ressources<\/strong><\/p>\n\n\n\n<p><em><a href=\"https:\/\/physiotherapy.ca\/app\/uploads\/2023\/04\/CPA_NPM2023_Report_FR_v2-002.pdf\">Expos\u00e9 de position des professionnels de la physioth\u00e9rapie&nbsp;: des acteurs cl\u00e9s du Plan d\u2019action pour la douleur&nbsp;au Canada<\/a><\/em>, groupe de travail sur la prise en charge de la douleur, Association canadienne de physioth\u00e9rapie<\/p>\n\n\n\n<p><a href=\"https:\/\/www.canada.ca\/content\/dam\/hc-sc\/documents\/corporate\/about-health-canada\/public-engagement\/external-advisory-bodies\/canadian-pain-task-force\/report-2021-rapport\/report-rapport-2021-fra.pdf\"><em>Un plan d\u2019action pour la douleur au Canada<\/em><\/a>, groupe de travail canadien sur la douleur<\/p>\n\n\n\n<p><a href=\"https:\/\/physiotherapy.ca\/fr\/mois-national-de-la-physiotherapie-2023\/\">Site web du Mois national de la physioth\u00e9rapie<\/a> et contenu pour <a href=\"https:\/\/physiotherapy.ca\/fr\/national-physiotherapy-month-2023-2\/\">les m\u00e9dias sociaux<\/a>. <\/p>\n\n\n\n<p><\/p>\n\n\n\n<p><strong>Personnes-ressources<\/strong><\/p>\n\n\n\n<p>Kayla Scott<br>Directrice principale de la repr\u00e9sentation, Association canadienne de physioth\u00e9rapie<br><a href=\"mailto:kscott@physiotherapy.ca\">kscott@physiotherapy.ca<\/a><\/p>\n\n\n\n<p>Caitlin Drake Smith<br>Responsable des communications et du marketing<br><a href=\"mailto:cdrakesmith@physiotherapy.ca\">cdrakesmith@physiotherapy.ca<\/a><\/p>\n\n\n\n<p><\/p>\n","protected":false},"excerpt":{"rendered":"<p>L\u2019Association canadienne de physioth\u00e9rapie ouvre le Mois national de la physioth\u00e9rapie en publiant un expos\u00e9 de position sur la prise en charge de la douleur et la r\u00e9adaptation au Canada OttawaLe 1er mai 2023 Aujourd\u2019hui, l\u2019Association canadienne de physioth\u00e9rapie et [&hellip;]<\/p>\n","protected":false},"author":1839,"featured_media":0,"parent":98380,"menu_order":0,"comment_status":"closed","ping_status":"closed","template":"","meta":{"inline_featured_image":false,"ep_exclude_from_search":false,"footnotes":""},"topic":[],"class_list":["post-98954","page","type-page","status-publish","hentry"],"acf":[],"yoast_head":"<!-- This site is optimized with the Yoast SEO plugin v24.7 - https:\/\/yoast.com\/wordpress\/plugins\/seo\/ -->\n<title>Mois national de la physioth\u00e9rapie 2023: Communiqu\u00e9 de Presse - Canadian Physiotherapy Association<\/title>\n<meta name=\"robots\" content=\"index, follow, max-snippet:-1, max-image-preview:large, max-video-preview:-1\" \/>\n<link rel=\"canonical\" href=\"https:\/\/physiotherapy.ca\/fr\/representation-2\/advocacy-updates-fr\/mois-national-de-la-physiotherapie-2023\/lassociation-canadienne-de-physiotherapie-ouvre-le-mois-national-de-la-physiotherapie-en-publiant-un-expose-de-position-sur-la-prise-en-charge-de-la-douleur-et-la-readaptation-au-canada\/\" \/>\n<meta property=\"og:locale\" content=\"fr_FR\" \/>\n<meta property=\"og:type\" content=\"article\" \/>\n<meta property=\"og:title\" content=\"Mois national de la physioth\u00e9rapie 2023: Communiqu\u00e9 de Presse - Canadian Physiotherapy Association\" \/>\n<meta property=\"og:description\" content=\"L\u2019Association canadienne de physioth\u00e9rapie ouvre le Mois national de la physioth\u00e9rapie en publiant un expos\u00e9 de position sur la prise en charge de la douleur et la r\u00e9adaptation au Canada OttawaLe 1er mai 2023 Aujourd\u2019hui, l\u2019Association canadienne de physioth\u00e9rapie et [&hellip;]\" \/>\n<meta property=\"og:url\" content=\"https:\/\/physiotherapy.ca\/fr\/representation-2\/advocacy-updates-fr\/mois-national-de-la-physiotherapie-2023\/lassociation-canadienne-de-physiotherapie-ouvre-le-mois-national-de-la-physiotherapie-en-publiant-un-expose-de-position-sur-la-prise-en-charge-de-la-douleur-et-la-readaptation-au-canada\/\" \/>\n<meta property=\"og:site_name\" content=\"Canadian Physiotherapy Association\" \/>\n<meta property=\"article:modified_time\" content=\"2023-04-30T01:58:43+00:00\" \/>\n<meta name=\"twitter:card\" content=\"summary_large_image\" \/>\n<meta name=\"twitter:label1\" content=\"Est. reading time\" \/>\n\t<meta name=\"twitter:data1\" content=\"5 minutes\" \/>\n<script type=\"application\/ld+json\" class=\"yoast-schema-graph\">{\"@context\":\"https:\/\/schema.org\",\"@graph\":[{\"@type\":\"WebPage\",\"@id\":\"https:\/\/physiotherapy.ca\/fr\/representation-2\/advocacy-updates-fr\/mois-national-de-la-physiotherapie-2023\/lassociation-canadienne-de-physiotherapie-ouvre-le-mois-national-de-la-physiotherapie-en-publiant-un-expose-de-position-sur-la-prise-en-charge-de-la-douleur-et-la-readaptation-au-canada\/\",\"url\":\"https:\/\/physiotherapy.ca\/fr\/representation-2\/advocacy-updates-fr\/mois-national-de-la-physiotherapie-2023\/lassociation-canadienne-de-physiotherapie-ouvre-le-mois-national-de-la-physiotherapie-en-publiant-un-expose-de-position-sur-la-prise-en-charge-de-la-douleur-et-la-readaptation-au-canada\/\",\"name\":\"Mois national de la physioth\u00e9rapie 2023: Communiqu\u00e9 de Presse - Canadian Physiotherapy Association\",\"isPartOf\":{\"@id\":\"https:\/\/physiotherapy.ca\/#website\"},\"datePublished\":\"2023-04-18T19:27:37+00:00\",\"dateModified\":\"2023-04-30T01:58:43+00:00\",\"breadcrumb\":{\"@id\":\"https:\/\/physiotherapy.ca\/fr\/representation-2\/advocacy-updates-fr\/mois-national-de-la-physiotherapie-2023\/lassociation-canadienne-de-physiotherapie-ouvre-le-mois-national-de-la-physiotherapie-en-publiant-un-expose-de-position-sur-la-prise-en-charge-de-la-douleur-et-la-readaptation-au-canada\/#breadcrumb\"},\"inLanguage\":\"fr-FR\",\"potentialAction\":[{\"@type\":\"ReadAction\",\"target\":[\"https:\/\/physiotherapy.ca\/fr\/representation-2\/advocacy-updates-fr\/mois-national-de-la-physiotherapie-2023\/lassociation-canadienne-de-physiotherapie-ouvre-le-mois-national-de-la-physiotherapie-en-publiant-un-expose-de-position-sur-la-prise-en-charge-de-la-douleur-et-la-readaptation-au-canada\/\"]}]},{\"@type\":\"BreadcrumbList\",\"@id\":\"https:\/\/physiotherapy.ca\/fr\/representation-2\/advocacy-updates-fr\/mois-national-de-la-physiotherapie-2023\/lassociation-canadienne-de-physiotherapie-ouvre-le-mois-national-de-la-physiotherapie-en-publiant-un-expose-de-position-sur-la-prise-en-charge-de-la-douleur-et-la-readaptation-au-canada\/#breadcrumb\",\"itemListElement\":[{\"@type\":\"ListItem\",\"position\":1,\"name\":\"Home\",\"item\":\"https:\/\/physiotherapy.ca\/fr\/\"},{\"@type\":\"ListItem\",\"position\":2,\"name\":\"Repr\u00e9sentation\",\"item\":\"https:\/\/physiotherapy.ca\/fr\/representation-2\/\"},{\"@type\":\"ListItem\",\"position\":3,\"name\":\"Plaidoyer\",\"item\":\"https:\/\/physiotherapy.ca\/fr\/representation-2\/advocacy-updates-fr\/\"},{\"@type\":\"ListItem\",\"position\":4,\"name\":\"Mois national de la physioth\u00e9rapie 2023\",\"item\":\"https:\/\/physiotherapy.ca\/fr\/mois-national-de-la-physiotherapie-2023\/\"},{\"@type\":\"ListItem\",\"position\":5,\"name\":\"Mois national de la physioth\u00e9rapie 2023: Communiqu\u00e9 de Presse\"}]},{\"@type\":\"WebSite\",\"@id\":\"https:\/\/physiotherapy.ca\/#website\",\"url\":\"https:\/\/physiotherapy.ca\/\",\"name\":\"Canadian Physiotherapy Association\",\"description\":\"The Canadian Physiotherapy Association (CPA) represents over 16,000 physiotherapy professionals and students across Canada.\",\"potentialAction\":[{\"@type\":\"SearchAction\",\"target\":{\"@type\":\"EntryPoint\",\"urlTemplate\":\"https:\/\/physiotherapy.ca\/?s={search_term_string}\"},\"query-input\":{\"@type\":\"PropertyValueSpecification\",\"valueRequired\":true,\"valueName\":\"search_term_string\"}}],\"inLanguage\":\"fr-FR\"}]}<\/script>\n<!-- \/ Yoast SEO plugin. -->","yoast_head_json":{"title":"Mois national de la physioth\u00e9rapie 2023: Communiqu\u00e9 de Presse - Canadian Physiotherapy Association","robots":{"index":"index","follow":"follow","max-snippet":"max-snippet:-1","max-image-preview":"max-image-preview:large","max-video-preview":"max-video-preview:-1"},"canonical":"https:\/\/physiotherapy.ca\/fr\/representation-2\/advocacy-updates-fr\/mois-national-de-la-physiotherapie-2023\/lassociation-canadienne-de-physiotherapie-ouvre-le-mois-national-de-la-physiotherapie-en-publiant-un-expose-de-position-sur-la-prise-en-charge-de-la-douleur-et-la-readaptation-au-canada\/","og_locale":"fr_FR","og_type":"article","og_title":"Mois national de la physioth\u00e9rapie 2023: Communiqu\u00e9 de Presse - Canadian Physiotherapy Association","og_description":"L\u2019Association canadienne de physioth\u00e9rapie ouvre le Mois national de la physioth\u00e9rapie en publiant un expos\u00e9 de position sur la prise en charge de la douleur et la r\u00e9adaptation au Canada OttawaLe 1er mai 2023 Aujourd\u2019hui, l\u2019Association canadienne de physioth\u00e9rapie et [&hellip;]","og_url":"https:\/\/physiotherapy.ca\/fr\/representation-2\/advocacy-updates-fr\/mois-national-de-la-physiotherapie-2023\/lassociation-canadienne-de-physiotherapie-ouvre-le-mois-national-de-la-physiotherapie-en-publiant-un-expose-de-position-sur-la-prise-en-charge-de-la-douleur-et-la-readaptation-au-canada\/","og_site_name":"Canadian Physiotherapy Association","article_modified_time":"2023-04-30T01:58:43+00:00","twitter_card":"summary_large_image","twitter_misc":{"Est. reading time":"5 minutes"},"schema":{"@context":"https:\/\/schema.org","@graph":[{"@type":"WebPage","@id":"https:\/\/physiotherapy.ca\/fr\/representation-2\/advocacy-updates-fr\/mois-national-de-la-physiotherapie-2023\/lassociation-canadienne-de-physiotherapie-ouvre-le-mois-national-de-la-physiotherapie-en-publiant-un-expose-de-position-sur-la-prise-en-charge-de-la-douleur-et-la-readaptation-au-canada\/","url":"https:\/\/physiotherapy.ca\/fr\/representation-2\/advocacy-updates-fr\/mois-national-de-la-physiotherapie-2023\/lassociation-canadienne-de-physiotherapie-ouvre-le-mois-national-de-la-physiotherapie-en-publiant-un-expose-de-position-sur-la-prise-en-charge-de-la-douleur-et-la-readaptation-au-canada\/","name":"Mois national de la physioth\u00e9rapie 2023: Communiqu\u00e9 de Presse - Canadian Physiotherapy Association","isPartOf":{"@id":"https:\/\/physiotherapy.ca\/#website"},"datePublished":"2023-04-18T19:27:37+00:00","dateModified":"2023-04-30T01:58:43+00:00","breadcrumb":{"@id":"https:\/\/physiotherapy.ca\/fr\/representation-2\/advocacy-updates-fr\/mois-national-de-la-physiotherapie-2023\/lassociation-canadienne-de-physiotherapie-ouvre-le-mois-national-de-la-physiotherapie-en-publiant-un-expose-de-position-sur-la-prise-en-charge-de-la-douleur-et-la-readaptation-au-canada\/#breadcrumb"},"inLanguage":"fr-FR","potentialAction":[{"@type":"ReadAction","target":["https:\/\/physiotherapy.ca\/fr\/representation-2\/advocacy-updates-fr\/mois-national-de-la-physiotherapie-2023\/lassociation-canadienne-de-physiotherapie-ouvre-le-mois-national-de-la-physiotherapie-en-publiant-un-expose-de-position-sur-la-prise-en-charge-de-la-douleur-et-la-readaptation-au-canada\/"]}]},{"@type":"BreadcrumbList","@id":"https:\/\/physiotherapy.ca\/fr\/representation-2\/advocacy-updates-fr\/mois-national-de-la-physiotherapie-2023\/lassociation-canadienne-de-physiotherapie-ouvre-le-mois-national-de-la-physiotherapie-en-publiant-un-expose-de-position-sur-la-prise-en-charge-de-la-douleur-et-la-readaptation-au-canada\/#breadcrumb","itemListElement":[{"@type":"ListItem","position":1,"name":"Home","item":"https:\/\/physiotherapy.ca\/fr\/"},{"@type":"ListItem","position":2,"name":"Repr\u00e9sentation","item":"https:\/\/physiotherapy.ca\/fr\/representation-2\/"},{"@type":"ListItem","position":3,"name":"Plaidoyer","item":"https:\/\/physiotherapy.ca\/fr\/representation-2\/advocacy-updates-fr\/"},{"@type":"ListItem","position":4,"name":"Mois national de la physioth\u00e9rapie 2023","item":"https:\/\/physiotherapy.ca\/fr\/mois-national-de-la-physiotherapie-2023\/"},{"@type":"ListItem","position":5,"name":"Mois national de la physioth\u00e9rapie 2023: Communiqu\u00e9 de Presse"}]},{"@type":"WebSite","@id":"https:\/\/physiotherapy.ca\/#website","url":"https:\/\/physiotherapy.ca\/","name":"Canadian Physiotherapy Association","description":"The Canadian Physiotherapy Association (CPA) represents over 16,000 physiotherapy professionals and students across Canada.","potentialAction":[{"@type":"SearchAction","target":{"@type":"EntryPoint","urlTemplate":"https:\/\/physiotherapy.ca\/?s={search_term_string}"},"query-input":{"@type":"PropertyValueSpecification","valueRequired":true,"valueName":"search_term_string"}}],"inLanguage":"fr-FR"}]}},"_links":{"self":[{"href":"https:\/\/physiotherapy.ca\/fr\/wp-json\/wp\/v2\/pages\/98954","targetHints":{"allow":["GET"]}}],"collection":[{"href":"https:\/\/physiotherapy.ca\/fr\/wp-json\/wp\/v2\/pages"}],"about":[{"href":"https:\/\/physiotherapy.ca\/fr\/wp-json\/wp\/v2\/types\/page"}],"author":[{"embeddable":true,"href":"https:\/\/physiotherapy.ca\/fr\/wp-json\/wp\/v2\/users\/1839"}],"replies":[{"embeddable":true,"href":"https:\/\/physiotherapy.ca\/fr\/wp-json\/wp\/v2\/comments?post=98954"}],"version-history":[{"count":7,"href":"https:\/\/physiotherapy.ca\/fr\/wp-json\/wp\/v2\/pages\/98954\/revisions"}],"predecessor-version":[{"id":100166,"href":"https:\/\/physiotherapy.ca\/fr\/wp-json\/wp\/v2\/pages\/98954\/revisions\/100166"}],"up":[{"embeddable":true,"href":"https:\/\/physiotherapy.ca\/fr\/wp-json\/wp\/v2\/pages\/98380"}],"wp:attachment":[{"href":"https:\/\/physiotherapy.ca\/fr\/wp-json\/wp\/v2\/media?parent=98954"}],"wp:term":[{"taxonomy":"topic","embeddable":true,"href":"https:\/\/physiotherapy.ca\/fr\/wp-json\/wp\/v2\/topic?post=98954"}],"curies":[{"name":"wp","href":"https:\/\/api.w.org\/{rel}","templated":true}]}}